{"id":4948,"date":"2019-05-02T16:57:21","date_gmt":"2019-05-02T14:57:21","guid":{"rendered":"https:\/\/vanlentsystems.be\/webshop\/non%20class\u00e9\/i-pulz\/"},"modified":"2021-02-03T17:04:17","modified_gmt":"2021-02-03T16:04:17","slug":"i-pulz","status":"publish","type":"product","link":"https:\/\/vanlentsystems.be\/fr\/webshop\/soulagement-de-la-douleur\/i-pulz-2-fr\/i-pulz\/","title":{"rendered":"i-Pulz 2"},"content":{"rendered":"<p>L&#8217;i-Pulz 2 est un petit appareil TENS num\u00e9rique portable qui peut \u00eatre port\u00e9 de mani\u00e8re invisible sous les v\u00eatements. Des boutons et des logiciels conviviaux facilitent l&#8217;utilisation de l&#8217;appareil, m\u00eame si la pression sur les boutons est rendue difficile par des rhumatismes par exemple.<\/p>\n<p>Les 12 programmes pr\u00e9d\u00e9finis de l&#8217;i-Pulz 2 sont des th\u00e9rapies TENS bien connues qui devraient aider \u00e0 soulager la plupart des douleurs aigu\u00ebs et chroniques. Avec 3 programmes personnalisables, l&#8217;utilisateur et le prescripteur peuvent cr\u00e9er un programme qui correspond aux besoins de la douleur.<\/p>\n","protected":false},"excerpt":{"rendered":"<p>Derni\u00e8re version i-Pulz 2<br \/>\nL&#8217;i-Pulz 2 est un petit appareil TENS num\u00e9rique portable qui peut \u00eatre port\u00e9 de mani\u00e8re invisible sous les v\u00eatements.<br \/>\nEquip\u00e9 de 12 programmes pr\u00e9d\u00e9finis et de 3 programmes auto-d\u00e9finis.<\/p>\n","protected":false},"featured_media":4936,"template":"","meta":{"inline_featured_image":false},"product_brand":[],"product_cat":[837,637],"product_tag":[],"class_list":{"0":"post-4948","1":"product","2":"type-product","3":"status-publish","4":"has-post-thumbnail","6":"product_cat-i-pulz-2-fr","7":"product_cat-soulagement-de-la-douleur","8":"product_shipping_class-colis-postnl","9":"pa_aantal-programmas-12-fr","10":"pa_batterij-type-batterie-lithium-ion-rechargeable","11":"pa_gebruiktijd-en-fonction-du-programme","12":"pa_gewicht-135-grammes","13":"pa_inhoud-verpakking-draadloze-oplader-fr","14":"pa_inhoud-verpakking-jeu-de-cables","15":"pa_inhoud-verpakking-mode-demploi","16":"pa_inhoud-verpakking-notice-dinstruction-du-chargeur","17":"pa_inhoud-verpakking-notice-dinstruction-simplifiee","18":"pa_laadtijd-35-heures","19":"pa_programmas-burst-fr","20":"pa_programmas-combinatie-fr","21":"pa_programmas-gebruikers-programmas-fr","22":"pa_programmas-gemoduleerde-stimulatie-1-fr","23":"pa_programmas-gemoduleerde-stimulatie-2-fr","24":"pa_programmas-gemoduleerde-stimulatie-3-fr","25":"pa_programmas-han-fr","26":"pa_programmas-han-combi-fr","27":"pa_programmas-modulation-de-frequence","28":"pa_programmas-modulation-de-largeur-dimpulsion","29":"pa_programmas-tens-basse-frequence","30":"pa_programmas-tens-conventionnels","31":"pa_programmas-tens-en-profondeur","32":"pa_schermgrootte-4-cm-25-cm-fr","33":"pa_stroomtoevoer-draadloze-oplader-fr","35":"first","36":"instock","37":"taxable","38":"shipping-taxable","39":"product-type-simple"},"yoast_head":"<!-- This site is optimized with the Yoast SEO plugin v27.4 - https:\/\/yoast.com\/product\/yoast-seo-wordpress\/ -->\n<title>i-Pulz 2 - Van Lent Systems Belgium<\/title>\n<meta name=\"robots\" content=\"index, follow, max-snippet:-1, max-image-preview:large, max-video-preview:-1\" \/>\n<link rel=\"canonical\" href=\"https:\/\/vanlentsystems.be\/fr\/webshop\/soulagement-de-la-douleur\/i-pulz-2-fr\/i-pulz\/\" \/>\n<meta property=\"og:locale\" content=\"fr_FR\" \/>\n<meta property=\"og:type\" content=\"article\" \/>\n<meta property=\"og:title\" content=\"i-Pulz 2 - Van Lent Systems Belgium\" \/>\n<meta property=\"og:description\" content=\"Derni\u00e8re version i-Pulz 2 L&#039;i-Pulz 2 est un petit appareil TENS num\u00e9rique portable qui peut \u00eatre port\u00e9 de mani\u00e8re invisible sous les v\u00eatements. Equip\u00e9 de 12 programmes pr\u00e9d\u00e9finis et de 3 programmes auto-d\u00e9finis.\" \/>\n<meta property=\"og:url\" content=\"https:\/\/vanlentsystems.be\/fr\/webshop\/soulagement-de-la-douleur\/i-pulz-2-fr\/i-pulz\/\" \/>\n<meta property=\"og:site_name\" content=\"Van Lent Systems Belgium\" \/>\n<meta property=\"article:modified_time\" content=\"2021-02-03T16:04:17+00:00\" \/>\n<meta property=\"og:image\" content=\"https:\/\/vanlentsystems.be\/wp-content\/uploads\/2021\/02\/450x450_i-Pulz2_apparaat.png\" \/>\n\t<meta property=\"og:image:width\" content=\"450\" \/>\n\t<meta property=\"og:image:height\" content=\"450\" \/>\n\t<meta property=\"og:image:type\" content=\"image\/png\" \/>\n<meta name=\"twitter:card\" content=\"summary_large_image\" \/>\n<script type=\"application\/ld+json\" class=\"yoast-schema-graph\">{\"@context\":\"https:\\\/\\\/schema.org\",\"@graph\":[{\"@type\":\"WebPage\",\"@id\":\"https:\\\/\\\/vanlentsystems.be\\\/fr\\\/webshop\\\/soulagement-de-la-douleur\\\/i-pulz-2-fr\\\/i-pulz\\\/\",\"url\":\"https:\\\/\\\/vanlentsystems.be\\\/fr\\\/webshop\\\/soulagement-de-la-douleur\\\/i-pulz-2-fr\\\/i-pulz\\\/\",\"name\":\"i-Pulz 2 - Van Lent Systems Belgium\",\"isPartOf\":{\"@id\":\"https:\\\/\\\/vanlentsystems.be\\\/fr\\\/#website\"},\"primaryImageOfPage\":{\"@id\":\"https:\\\/\\\/vanlentsystems.be\\\/fr\\\/webshop\\\/soulagement-de-la-douleur\\\/i-pulz-2-fr\\\/i-pulz\\\/#primaryimage\"},\"image\":{\"@id\":\"https:\\\/\\\/vanlentsystems.be\\\/fr\\\/webshop\\\/soulagement-de-la-douleur\\\/i-pulz-2-fr\\\/i-pulz\\\/#primaryimage\"},\"thumbnailUrl\":\"https:\\\/\\\/vanlentsystems.be\\\/wp-content\\\/uploads\\\/2021\\\/02\\\/450x450_i-Pulz2_apparaat.png\",\"datePublished\":\"2019-05-02T14:57:21+00:00\",\"dateModified\":\"2021-02-03T16:04:17+00:00\",\"breadcrumb\":{\"@id\":\"https:\\\/\\\/vanlentsystems.be\\\/fr\\\/webshop\\\/soulagement-de-la-douleur\\\/i-pulz-2-fr\\\/i-pulz\\\/#breadcrumb\"},\"inLanguage\":\"fr-FR\",\"potentialAction\":[{\"@type\":\"ReadAction\",\"target\":[\"https:\\\/\\\/vanlentsystems.be\\\/fr\\\/webshop\\\/soulagement-de-la-douleur\\\/i-pulz-2-fr\\\/i-pulz\\\/\"]}]},{\"@type\":\"ImageObject\",\"inLanguage\":\"fr-FR\",\"@id\":\"https:\\\/\\\/vanlentsystems.be\\\/fr\\\/webshop\\\/soulagement-de-la-douleur\\\/i-pulz-2-fr\\\/i-pulz\\\/#primaryimage\",\"url\":\"https:\\\/\\\/vanlentsystems.be\\\/wp-content\\\/uploads\\\/2021\\\/02\\\/450x450_i-Pulz2_apparaat.png\",\"contentUrl\":\"https:\\\/\\\/vanlentsystems.be\\\/wp-content\\\/uploads\\\/2021\\\/02\\\/450x450_i-Pulz2_apparaat.png\",\"width\":450,\"height\":450},{\"@type\":\"BreadcrumbList\",\"@id\":\"https:\\\/\\\/vanlentsystems.be\\\/fr\\\/webshop\\\/soulagement-de-la-douleur\\\/i-pulz-2-fr\\\/i-pulz\\\/#breadcrumb\",\"itemListElement\":[{\"@type\":\"ListItem\",\"position\":1,\"name\":\"Home\",\"item\":\"https:\\\/\\\/vanlentsystems.be\\\/fr\\\/\"},{\"@type\":\"ListItem\",\"position\":2,\"name\":\"Boutique en ligne\",\"item\":\"https:\\\/\\\/vanlentsystems.be\\\/fr\\\/boutique-en-ligne\\\/\"},{\"@type\":\"ListItem\",\"position\":3,\"name\":\"i-Pulz 2\"}]},{\"@type\":\"WebSite\",\"@id\":\"https:\\\/\\\/vanlentsystems.be\\\/fr\\\/#website\",\"url\":\"https:\\\/\\\/vanlentsystems.be\\\/fr\\\/\",\"name\":\"Van Lent Systems Belgium\",\"description\":\"\",\"potentialAction\":[{\"@type\":\"SearchAction\",\"target\":{\"@type\":\"EntryPoint\",\"urlTemplate\":\"https:\\\/\\\/vanlentsystems.be\\\/fr\\\/?s={search_term_string}\"},\"query-input\":{\"@type\":\"PropertyValueSpecification\",\"valueRequired\":true,\"valueName\":\"search_term_string\"}}],\"inLanguage\":\"fr-FR\"}]}<\/script>\n<!-- \/ Yoast SEO plugin. -->","yoast_head_json":{"title":"i-Pulz 2 - Van Lent Systems Belgium","robots":{"index":"index","follow":"follow","max-snippet":"max-snippet:-1","max-image-preview":"max-image-preview:large","max-video-preview":"max-video-preview:-1"},"canonical":"https:\/\/vanlentsystems.be\/fr\/webshop\/soulagement-de-la-douleur\/i-pulz-2-fr\/i-pulz\/","og_locale":"fr_FR","og_type":"article","og_title":"i-Pulz 2 - Van Lent Systems Belgium","og_description":"Derni\u00e8re version i-Pulz 2 L'i-Pulz 2 est un petit appareil TENS num\u00e9rique portable qui peut \u00eatre port\u00e9 de mani\u00e8re invisible sous les v\u00eatements. Equip\u00e9 de 12 programmes pr\u00e9d\u00e9finis et de 3 programmes auto-d\u00e9finis.","og_url":"https:\/\/vanlentsystems.be\/fr\/webshop\/soulagement-de-la-douleur\/i-pulz-2-fr\/i-pulz\/","og_site_name":"Van Lent Systems Belgium","article_modified_time":"2021-02-03T16:04:17+00:00","og_image":[{"width":450,"height":450,"url":"https:\/\/vanlentsystems.be\/wp-content\/uploads\/2021\/02\/450x450_i-Pulz2_apparaat.png","type":"image\/png"}],"twitter_card":"summary_large_image","schema":{"@context":"https:\/\/schema.org","@graph":[{"@type":"WebPage","@id":"https:\/\/vanlentsystems.be\/fr\/webshop\/soulagement-de-la-douleur\/i-pulz-2-fr\/i-pulz\/","url":"https:\/\/vanlentsystems.be\/fr\/webshop\/soulagement-de-la-douleur\/i-pulz-2-fr\/i-pulz\/","name":"i-Pulz 2 - Van Lent Systems Belgium","isPartOf":{"@id":"https:\/\/vanlentsystems.be\/fr\/#website"},"primaryImageOfPage":{"@id":"https:\/\/vanlentsystems.be\/fr\/webshop\/soulagement-de-la-douleur\/i-pulz-2-fr\/i-pulz\/#primaryimage"},"image":{"@id":"https:\/\/vanlentsystems.be\/fr\/webshop\/soulagement-de-la-douleur\/i-pulz-2-fr\/i-pulz\/#primaryimage"},"thumbnailUrl":"https:\/\/vanlentsystems.be\/wp-content\/uploads\/2021\/02\/450x450_i-Pulz2_apparaat.png","datePublished":"2019-05-02T14:57:21+00:00","dateModified":"2021-02-03T16:04:17+00:00","breadcrumb":{"@id":"https:\/\/vanlentsystems.be\/fr\/webshop\/soulagement-de-la-douleur\/i-pulz-2-fr\/i-pulz\/#breadcrumb"},"inLanguage":"fr-FR","potentialAction":[{"@type":"ReadAction","target":["https:\/\/vanlentsystems.be\/fr\/webshop\/soulagement-de-la-douleur\/i-pulz-2-fr\/i-pulz\/"]}]},{"@type":"ImageObject","inLanguage":"fr-FR","@id":"https:\/\/vanlentsystems.be\/fr\/webshop\/soulagement-de-la-douleur\/i-pulz-2-fr\/i-pulz\/#primaryimage","url":"https:\/\/vanlentsystems.be\/wp-content\/uploads\/2021\/02\/450x450_i-Pulz2_apparaat.png","contentUrl":"https:\/\/vanlentsystems.be\/wp-content\/uploads\/2021\/02\/450x450_i-Pulz2_apparaat.png","width":450,"height":450},{"@type":"BreadcrumbList","@id":"https:\/\/vanlentsystems.be\/fr\/webshop\/soulagement-de-la-douleur\/i-pulz-2-fr\/i-pulz\/#breadcrumb","itemListElement":[{"@type":"ListItem","position":1,"name":"Home","item":"https:\/\/vanlentsystems.be\/fr\/"},{"@type":"ListItem","position":2,"name":"Boutique en ligne","item":"https:\/\/vanlentsystems.be\/fr\/boutique-en-ligne\/"},{"@type":"ListItem","position":3,"name":"i-Pulz 2"}]},{"@type":"WebSite","@id":"https:\/\/vanlentsystems.be\/fr\/#website","url":"https:\/\/vanlentsystems.be\/fr\/","name":"Van Lent Systems Belgium","description":"","potentialAction":[{"@type":"SearchAction","target":{"@type":"EntryPoint","urlTemplate":"https:\/\/vanlentsystems.be\/fr\/?s={search_term_string}"},"query-input":{"@type":"PropertyValueSpecification","valueRequired":true,"valueName":"search_term_string"}}],"inLanguage":"fr-FR"}]}},"_links":{"self":[{"href":"https:\/\/vanlentsystems.be\/fr\/wp-json\/wp\/v2\/product\/4948","targetHints":{"allow":["GET"]}}],"collection":[{"href":"https:\/\/vanlentsystems.be\/fr\/wp-json\/wp\/v2\/product"}],"about":[{"href":"https:\/\/vanlentsystems.be\/fr\/wp-json\/wp\/v2\/types\/product"}],"wp:featuredmedia":[{"embeddable":true,"href":"https:\/\/vanlentsystems.be\/fr\/wp-json\/wp\/v2\/media\/4936"}],"wp:attachment":[{"href":"https:\/\/vanlentsystems.be\/fr\/wp-json\/wp\/v2\/media?parent=4948"}],"wp:term":[{"taxonomy":"product_brand","embeddable":true,"href":"https:\/\/vanlentsystems.be\/fr\/wp-json\/wp\/v2\/product_brand?post=4948"},{"taxonomy":"product_cat","embeddable":true,"href":"https:\/\/vanlentsystems.be\/fr\/wp-json\/wp\/v2\/product_cat?post=4948"},{"taxonomy":"product_tag","embeddable":true,"href":"https:\/\/vanlentsystems.be\/fr\/wp-json\/wp\/v2\/product_tag?post=4948"}],"curies":[{"name":"wp","href":"https:\/\/api.w.org\/{rel}","templated":true}]}}