{"id":4875,"date":"2018-09-05T15:19:48","date_gmt":"2018-09-05T13:19:48","guid":{"rendered":"https:\/\/vanlentsystems.be\/webshop\/non%20class\u00e9\/i-reader\/"},"modified":"2020-09-04T08:37:13","modified_gmt":"2020-09-04T06:37:13","slug":"i-reader","status":"publish","type":"product","link":"https:\/\/vanlentsystems.be\/fr\/webshop\/malvoyants\/lecteur-a-haute-voix\/i-reader\/","title":{"rendered":"i-Reader"},"content":{"rendered":"<h6>Faites attention! En raison de la fin de la production, l&#8217;i-Reader n&#8217;est plus produit. Cependant, le successeur est disponible i-Reader 2.<\/h6>\n<p>L&#8217;i-Reader est un appareil de lecture moderne et convivial qui permet aux utilisateurs de lire \u00e0 haute voix de nombreux types de texte.<\/p>\n<p>L&#8217;appareil comprend naturellement des options de base telles que le r\u00e9glage de la vitesse et du volume de lecture et la possibilit\u00e9 de mettre le texte en pause. Il y a le choix entre une voix de lecture masculine et f\u00e9minine et la possibilit\u00e9 de lire des textes dans presque toutes les langues. Il est \u00e9galement possible de connecter un moniteur \u00e0 l&#8217;appareil de lecture avec lequel vous pouvez visualiser le document num\u00e9ris\u00e9 et vous pouvez lire avec des mots ombr\u00e9s.<\/p>\n<p>L&#8217;i-Reader reconna\u00eet les textes dans les colonnes. De plus, les documents A4 peuvent \u00eatre enti\u00e8rement num\u00e9ris\u00e9s et lus.<\/p>\n<ul class=\"lent-list green-dots\">\n<li>Compact et l\u00e9ger<\/li>\n<li>Equip\u00e9 d&#8217;un \u00e9tui de transport<\/li>\n<li>D\u00e9marrez en seulement 45 secondes<\/li>\n<li>Batterie interne pour une utilisation mobile<\/li>\n<li>Dur\u00e9e de fonctionnement de 3 \u00e0 4 heures<\/li>\n<li>Navigation textuelle avec les touches fl\u00e9ch\u00e9es (avance et retour rapides par mot et par ligne)<\/li>\n<li>Positionnement simple des documents<\/li>\n<li>Contient plusieurs langues<\/li>\n<li>Son clair<\/li>\n<li>Prise casque<\/li>\n<li>Connexions VGA et HDMI<\/li>\n<\/ul>\n<p><strong>Lors de la connexion d&#8217;un moniteur externe:<\/strong><\/p>\n<ul class=\"lent-list green-dots\">\n<li>Huit niveaux de zoom (de 1,5x \u00e0 65x)<\/li>\n<li>Faire pivoter l&#8217;image<\/li>\n<li>Plein \u00e9cran, contraste \u00e9lev\u00e9 et image originale<\/li>\n<\/ul>\n","protected":false},"excerpt":{"rendered":"<p>L&#8217;i-Reader est un appareil de lecture moderne et convivial qui permet aux utilisateurs de lire \u00e0 haute voix de nombreux types de texte.<\/p>\n<p>L&#8217;appareil comprend naturellement des options de base telles que le r\u00e9glage de la vitesse et du volume de lecture et la possibilit\u00e9 de mettre le texte en pause. Il y a le choix entre une voix de lecture masculine et f\u00e9minine et la possibilit\u00e9 de lire des textes dans presque toutes les langues. Il est \u00e9galement possible de connecter un moniteur \u00e0 l&#8217;appareil de lecture avec lequel vous pouvez visualiser le document num\u00e9ris\u00e9 et vous pouvez lire avec des mots ombr\u00e9s.<\/p>\n","protected":false},"featured_media":4879,"template":"","meta":{"inline_featured_image":false},"product_brand":[],"product_cat":[688,566],"product_tag":[],"class_list":{"0":"post-4875","1":"product","2":"type-product","3":"status-publish","4":"has-post-thumbnail","6":"product_cat-lecteur-a-haute-voix","7":"product_cat-malvoyants","9":"first","10":"outofstock","11":"taxable","12":"shipping-taxable","13":"product-type-simple"},"yoast_head":"<!-- This site is optimized with the Yoast SEO plugin v27.4 - https:\/\/yoast.com\/product\/yoast-seo-wordpress\/ -->\n<title>i-Reader - Van Lent Systems Belgium<\/title>\n<meta name=\"robots\" content=\"index, follow, max-snippet:-1, max-image-preview:large, max-video-preview:-1\" \/>\n<link rel=\"canonical\" href=\"https:\/\/vanlentsystems.be\/fr\/webshop\/malvoyants\/lecteur-a-haute-voix\/i-reader\/\" \/>\n<meta property=\"og:locale\" content=\"fr_FR\" \/>\n<meta property=\"og:type\" content=\"article\" \/>\n<meta property=\"og:title\" content=\"i-Reader - Van Lent Systems Belgium\" \/>\n<meta property=\"og:description\" content=\"L&#039;i-Reader est un appareil de lecture moderne et convivial qui permet aux utilisateurs de lire \u00e0 haute voix de nombreux types de texte.  L&#039;appareil comprend naturellement des options de base telles que le r\u00e9glage de la vitesse et du volume de lecture et la possibilit\u00e9 de mettre le texte en pause. Il y a le choix entre une voix de lecture masculine et f\u00e9minine et la possibilit\u00e9 de lire des textes dans presque toutes les langues. Il est \u00e9galement possible de connecter un moniteur \u00e0 l&#039;appareil de lecture avec lequel vous pouvez visualiser le document num\u00e9ris\u00e9 et vous pouvez lire avec des mots ombr\u00e9s.\" \/>\n<meta property=\"og:url\" content=\"https:\/\/vanlentsystems.be\/fr\/webshop\/malvoyants\/lecteur-a-haute-voix\/i-reader\/\" \/>\n<meta property=\"og:site_name\" content=\"Van Lent Systems Belgium\" \/>\n<meta property=\"article:modified_time\" content=\"2020-09-04T06:37:13+00:00\" \/>\n<meta property=\"og:image\" content=\"https:\/\/vanlentsystems.be\/wp-content\/uploads\/2018\/09\/i-reader1.png\" \/>\n\t<meta property=\"og:image:width\" content=\"975\" \/>\n\t<meta property=\"og:image:height\" content=\"975\" \/>\n\t<meta property=\"og:image:type\" content=\"image\/png\" \/>\n<meta name=\"twitter:card\" content=\"summary_large_image\" \/>\n<meta name=\"twitter:label1\" content=\"Dur\u00e9e de lecture estim\u00e9e\" \/>\n\t<meta name=\"twitter:data1\" content=\"1 minute\" \/>\n<script type=\"application\/ld+json\" class=\"yoast-schema-graph\">{\"@context\":\"https:\\\/\\\/schema.org\",\"@graph\":[{\"@type\":\"WebPage\",\"@id\":\"https:\\\/\\\/vanlentsystems.be\\\/fr\\\/webshop\\\/malvoyants\\\/lecteur-a-haute-voix\\\/i-reader\\\/\",\"url\":\"https:\\\/\\\/vanlentsystems.be\\\/fr\\\/webshop\\\/malvoyants\\\/lecteur-a-haute-voix\\\/i-reader\\\/\",\"name\":\"i-Reader - Van Lent Systems Belgium\",\"isPartOf\":{\"@id\":\"https:\\\/\\\/vanlentsystems.be\\\/fr\\\/#website\"},\"primaryImageOfPage\":{\"@id\":\"https:\\\/\\\/vanlentsystems.be\\\/fr\\\/webshop\\\/malvoyants\\\/lecteur-a-haute-voix\\\/i-reader\\\/#primaryimage\"},\"image\":{\"@id\":\"https:\\\/\\\/vanlentsystems.be\\\/fr\\\/webshop\\\/malvoyants\\\/lecteur-a-haute-voix\\\/i-reader\\\/#primaryimage\"},\"thumbnailUrl\":\"https:\\\/\\\/vanlentsystems.be\\\/wp-content\\\/uploads\\\/2018\\\/09\\\/i-reader1.png\",\"datePublished\":\"2018-09-05T13:19:48+00:00\",\"dateModified\":\"2020-09-04T06:37:13+00:00\",\"breadcrumb\":{\"@id\":\"https:\\\/\\\/vanlentsystems.be\\\/fr\\\/webshop\\\/malvoyants\\\/lecteur-a-haute-voix\\\/i-reader\\\/#breadcrumb\"},\"inLanguage\":\"fr-FR\",\"potentialAction\":[{\"@type\":\"ReadAction\",\"target\":[\"https:\\\/\\\/vanlentsystems.be\\\/fr\\\/webshop\\\/malvoyants\\\/lecteur-a-haute-voix\\\/i-reader\\\/\"]}]},{\"@type\":\"ImageObject\",\"inLanguage\":\"fr-FR\",\"@id\":\"https:\\\/\\\/vanlentsystems.be\\\/fr\\\/webshop\\\/malvoyants\\\/lecteur-a-haute-voix\\\/i-reader\\\/#primaryimage\",\"url\":\"https:\\\/\\\/vanlentsystems.be\\\/wp-content\\\/uploads\\\/2018\\\/09\\\/i-reader1.png\",\"contentUrl\":\"https:\\\/\\\/vanlentsystems.be\\\/wp-content\\\/uploads\\\/2018\\\/09\\\/i-reader1.png\",\"width\":975,\"height\":975},{\"@type\":\"BreadcrumbList\",\"@id\":\"https:\\\/\\\/vanlentsystems.be\\\/fr\\\/webshop\\\/malvoyants\\\/lecteur-a-haute-voix\\\/i-reader\\\/#breadcrumb\",\"itemListElement\":[{\"@type\":\"ListItem\",\"position\":1,\"name\":\"Home\",\"item\":\"https:\\\/\\\/vanlentsystems.be\\\/fr\\\/\"},{\"@type\":\"ListItem\",\"position\":2,\"name\":\"Boutique en ligne\",\"item\":\"https:\\\/\\\/vanlentsystems.be\\\/fr\\\/boutique-en-ligne\\\/\"},{\"@type\":\"ListItem\",\"position\":3,\"name\":\"i-Reader\"}]},{\"@type\":\"WebSite\",\"@id\":\"https:\\\/\\\/vanlentsystems.be\\\/fr\\\/#website\",\"url\":\"https:\\\/\\\/vanlentsystems.be\\\/fr\\\/\",\"name\":\"Van Lent Systems Belgium\",\"description\":\"\",\"potentialAction\":[{\"@type\":\"SearchAction\",\"target\":{\"@type\":\"EntryPoint\",\"urlTemplate\":\"https:\\\/\\\/vanlentsystems.be\\\/fr\\\/?s={search_term_string}\"},\"query-input\":{\"@type\":\"PropertyValueSpecification\",\"valueRequired\":true,\"valueName\":\"search_term_string\"}}],\"inLanguage\":\"fr-FR\"}]}<\/script>\n<!-- \/ Yoast SEO plugin. -->","yoast_head_json":{"title":"i-Reader - Van Lent Systems Belgium","robots":{"index":"index","follow":"follow","max-snippet":"max-snippet:-1","max-image-preview":"max-image-preview:large","max-video-preview":"max-video-preview:-1"},"canonical":"https:\/\/vanlentsystems.be\/fr\/webshop\/malvoyants\/lecteur-a-haute-voix\/i-reader\/","og_locale":"fr_FR","og_type":"article","og_title":"i-Reader - Van Lent Systems Belgium","og_description":"L'i-Reader est un appareil de lecture moderne et convivial qui permet aux utilisateurs de lire \u00e0 haute voix de nombreux types de texte.  L'appareil comprend naturellement des options de base telles que le r\u00e9glage de la vitesse et du volume de lecture et la possibilit\u00e9 de mettre le texte en pause. Il y a le choix entre une voix de lecture masculine et f\u00e9minine et la possibilit\u00e9 de lire des textes dans presque toutes les langues. Il est \u00e9galement possible de connecter un moniteur \u00e0 l'appareil de lecture avec lequel vous pouvez visualiser le document num\u00e9ris\u00e9 et vous pouvez lire avec des mots ombr\u00e9s.","og_url":"https:\/\/vanlentsystems.be\/fr\/webshop\/malvoyants\/lecteur-a-haute-voix\/i-reader\/","og_site_name":"Van Lent Systems Belgium","article_modified_time":"2020-09-04T06:37:13+00:00","og_image":[{"width":975,"height":975,"url":"https:\/\/vanlentsystems.be\/wp-content\/uploads\/2018\/09\/i-reader1.png","type":"image\/png"}],"twitter_card":"summary_large_image","twitter_misc":{"Dur\u00e9e de lecture estim\u00e9e":"1 minute"},"schema":{"@context":"https:\/\/schema.org","@graph":[{"@type":"WebPage","@id":"https:\/\/vanlentsystems.be\/fr\/webshop\/malvoyants\/lecteur-a-haute-voix\/i-reader\/","url":"https:\/\/vanlentsystems.be\/fr\/webshop\/malvoyants\/lecteur-a-haute-voix\/i-reader\/","name":"i-Reader - Van Lent Systems Belgium","isPartOf":{"@id":"https:\/\/vanlentsystems.be\/fr\/#website"},"primaryImageOfPage":{"@id":"https:\/\/vanlentsystems.be\/fr\/webshop\/malvoyants\/lecteur-a-haute-voix\/i-reader\/#primaryimage"},"image":{"@id":"https:\/\/vanlentsystems.be\/fr\/webshop\/malvoyants\/lecteur-a-haute-voix\/i-reader\/#primaryimage"},"thumbnailUrl":"https:\/\/vanlentsystems.be\/wp-content\/uploads\/2018\/09\/i-reader1.png","datePublished":"2018-09-05T13:19:48+00:00","dateModified":"2020-09-04T06:37:13+00:00","breadcrumb":{"@id":"https:\/\/vanlentsystems.be\/fr\/webshop\/malvoyants\/lecteur-a-haute-voix\/i-reader\/#breadcrumb"},"inLanguage":"fr-FR","potentialAction":[{"@type":"ReadAction","target":["https:\/\/vanlentsystems.be\/fr\/webshop\/malvoyants\/lecteur-a-haute-voix\/i-reader\/"]}]},{"@type":"ImageObject","inLanguage":"fr-FR","@id":"https:\/\/vanlentsystems.be\/fr\/webshop\/malvoyants\/lecteur-a-haute-voix\/i-reader\/#primaryimage","url":"https:\/\/vanlentsystems.be\/wp-content\/uploads\/2018\/09\/i-reader1.png","contentUrl":"https:\/\/vanlentsystems.be\/wp-content\/uploads\/2018\/09\/i-reader1.png","width":975,"height":975},{"@type":"BreadcrumbList","@id":"https:\/\/vanlentsystems.be\/fr\/webshop\/malvoyants\/lecteur-a-haute-voix\/i-reader\/#breadcrumb","itemListElement":[{"@type":"ListItem","position":1,"name":"Home","item":"https:\/\/vanlentsystems.be\/fr\/"},{"@type":"ListItem","position":2,"name":"Boutique en ligne","item":"https:\/\/vanlentsystems.be\/fr\/boutique-en-ligne\/"},{"@type":"ListItem","position":3,"name":"i-Reader"}]},{"@type":"WebSite","@id":"https:\/\/vanlentsystems.be\/fr\/#website","url":"https:\/\/vanlentsystems.be\/fr\/","name":"Van Lent Systems Belgium","description":"","potentialAction":[{"@type":"SearchAction","target":{"@type":"EntryPoint","urlTemplate":"https:\/\/vanlentsystems.be\/fr\/?s={search_term_string}"},"query-input":{"@type":"PropertyValueSpecification","valueRequired":true,"valueName":"search_term_string"}}],"inLanguage":"fr-FR"}]}},"_links":{"self":[{"href":"https:\/\/vanlentsystems.be\/fr\/wp-json\/wp\/v2\/product\/4875","targetHints":{"allow":["GET"]}}],"collection":[{"href":"https:\/\/vanlentsystems.be\/fr\/wp-json\/wp\/v2\/product"}],"about":[{"href":"https:\/\/vanlentsystems.be\/fr\/wp-json\/wp\/v2\/types\/product"}],"wp:featuredmedia":[{"embeddable":true,"href":"https:\/\/vanlentsystems.be\/fr\/wp-json\/wp\/v2\/media\/4879"}],"wp:attachment":[{"href":"https:\/\/vanlentsystems.be\/fr\/wp-json\/wp\/v2\/media?parent=4875"}],"wp:term":[{"taxonomy":"product_brand","embeddable":true,"href":"https:\/\/vanlentsystems.be\/fr\/wp-json\/wp\/v2\/product_brand?post=4875"},{"taxonomy":"product_cat","embeddable":true,"href":"https:\/\/vanlentsystems.be\/fr\/wp-json\/wp\/v2\/product_cat?post=4875"},{"taxonomy":"product_tag","embeddable":true,"href":"https:\/\/vanlentsystems.be\/fr\/wp-json\/wp\/v2\/product_tag?post=4875"}],"curies":[{"name":"wp","href":"https:\/\/api.w.org\/{rel}","templated":true}]}}