{"id":4757,"date":"2020-04-29T16:28:35","date_gmt":"2020-06-29T08:37:49","guid":{"rendered":"https:\/\/vanlentsystems.be\/webshop\/non class\u00e9\/connect12\/"},"modified":"2020-06-29T10:37:49","modified_gmt":"2020-06-29T08:37:49","slug":"connect12-2","status":"publish","type":"product","link":"https:\/\/vanlentsystems.be\/fr\/webshop\/malvoyants\/loupe-ecran-electronique\/connect12-2\/","title":{"rendered":"Connect12"},"content":{"rendered":"<p>Le dernier-n\u00e9 de la famille Prodigi est cette loupe num\u00e9rique int\u00e9gr\u00e9e avec cam\u00e9ra \u00e0 distance pour la salle de cours !<\/p>\n<p>Ce Connect 12 Prodigi\u2122 est bien plus qu&#8217;une puissante loupe num\u00e9rique avec cam\u00e9ra de bureau et \u00e0 distance (grossissement jusqu&#8217;\u00e0 40x en full HD). Plus intelligent et plus connect\u00e9 que tous les autres produits pour malvoyants, c&#8217;est l&#8217;\u00e9volution de la gamme de produits num\u00e9riques la plus avanc\u00e9e. Cette solution id\u00e9ale pour les \u00e9tudiants de tous \u00e2ges, ouvre la possibilit\u00e9 d&#8217;entrer dans un monde Android intelligent avec un acc\u00e8s libre et gratuit \u00e0 plus d&#8217;un million d&#8217;applications.<\/p>\n","protected":false},"excerpt":{"rendered":"<p>L&#8217;extension de la famille Prodigi avec une s\u00e9rie de nouvelles fonctionnalit\u00e9s fait de ce Connect 12 Prodigi\u2122 un outil puissant pour les utilisateurs malvoyants, qu&#8217;ils soient \u00e0 l&#8217;\u00e9cole, au travail, \u00e0 la maison ou en d\u00e9placement. Intelligence et commodit\u00e9 d&#8217;emploi r\u00e9unies dans un seul et m\u00eame outil<\/p>\n","protected":false},"featured_media":3964,"template":"","meta":{"inline_featured_image":false},"product_brand":[],"product_cat":[588,566],"product_tag":[],"class_list":{"0":"post-4757","1":"product","2":"type-product","3":"status-publish","4":"has-post-thumbnail","6":"product_cat-loupe-ecran-electronique","7":"product_cat-malvoyants","8":"product_shipping_class-colis-postnl","9":"pa_aantal-hoogcontrast-standen-10-fr","10":"pa_afstandsbediening-non","11":"pa_bediening-commande-tactile-et-boutons","12":"pa_externe-hdmi-input-705","13":"pa_foto-opslag-oui","14":"pa_fotostanden-couleurs-normales-ou-haute-saturation-monochrome","15":"pa_freezefunctie-oui","16":"pa_helderheid-haut","17":"pa_leeshulp-ligne-de-lecture-et-couverture-de-limage-horizontale-ou-verticale","18":"pa_resolutie-1920-x-1080-fr","19":"pa_schermgrootte-694","20":"pa_stroomtoevoer-adaptateur-secteur-fourni-entree-100-a-240-v-50-60-hz-sortie-12-v-5-a","21":"pa_usb-aansluiting-oui","22":"pa_vergroting-23-a-65x","24":"first","25":"instock","26":"taxable","27":"shipping-taxable","28":"purchasable","29":"product-type-simple"},"yoast_head":"<!-- This site is optimized with the Yoast SEO plugin v27.4 - https:\/\/yoast.com\/product\/yoast-seo-wordpress\/ -->\n<title>Connect12 - Van Lent Systems Belgium<\/title>\n<meta name=\"robots\" content=\"index, follow, max-snippet:-1, max-image-preview:large, max-video-preview:-1\" \/>\n<link rel=\"canonical\" href=\"https:\/\/vanlentsystems.be\/fr\/webshop\/malvoyants\/loupe-ecran-electronique\/connect12-2\/\" \/>\n<meta property=\"og:locale\" content=\"fr_FR\" \/>\n<meta property=\"og:type\" content=\"article\" \/>\n<meta property=\"og:title\" content=\"Connect12 - Van Lent Systems Belgium\" \/>\n<meta property=\"og:description\" content=\"L&#039;extension de la famille Prodigi avec une s\u00e9rie de nouvelles fonctionnalit\u00e9s fait de ce Connect 12 Prodigi\u2122 un outil puissant pour les utilisateurs malvoyants, qu&#039;ils soient \u00e0 l&#039;\u00e9cole, au travail, \u00e0 la maison ou en d\u00e9placement. Intelligence et commodit\u00e9 d&#039;emploi r\u00e9unies dans un seul et m\u00eame outil\" \/>\n<meta property=\"og:url\" content=\"https:\/\/vanlentsystems.be\/fr\/webshop\/malvoyants\/loupe-ecran-electronique\/connect12-2\/\" \/>\n<meta property=\"og:site_name\" content=\"Van Lent Systems Belgium\" \/>\n<meta property=\"og:image\" content=\"https:\/\/vanlentsystems.be\/wp-content\/uploads\/2020\/04\/connect12_transparant.png\" \/>\n\t<meta property=\"og:image:width\" content=\"1000\" \/>\n\t<meta property=\"og:image:height\" content=\"667\" \/>\n\t<meta property=\"og:image:type\" content=\"image\/png\" \/>\n<meta name=\"twitter:card\" content=\"summary_large_image\" \/>\n<meta name=\"twitter:label1\" content=\"Dur\u00e9e de lecture estim\u00e9e\" \/>\n\t<meta name=\"twitter:data1\" content=\"1 minute\" \/>\n<script type=\"application\/ld+json\" class=\"yoast-schema-graph\">{\"@context\":\"https:\\\/\\\/schema.org\",\"@graph\":[{\"@type\":\"WebPage\",\"@id\":\"https:\\\/\\\/vanlentsystems.be\\\/fr\\\/webshop\\\/malvoyants\\\/loupe-ecran-electronique\\\/connect12-2\\\/\",\"url\":\"https:\\\/\\\/vanlentsystems.be\\\/fr\\\/webshop\\\/malvoyants\\\/loupe-ecran-electronique\\\/connect12-2\\\/\",\"name\":\"Connect12 - Van Lent Systems Belgium\",\"isPartOf\":{\"@id\":\"https:\\\/\\\/vanlentsystems.be\\\/fr\\\/#website\"},\"primaryImageOfPage\":{\"@id\":\"https:\\\/\\\/vanlentsystems.be\\\/fr\\\/webshop\\\/malvoyants\\\/loupe-ecran-electronique\\\/connect12-2\\\/#primaryimage\"},\"image\":{\"@id\":\"https:\\\/\\\/vanlentsystems.be\\\/fr\\\/webshop\\\/malvoyants\\\/loupe-ecran-electronique\\\/connect12-2\\\/#primaryimage\"},\"thumbnailUrl\":\"https:\\\/\\\/vanlentsystems.be\\\/wp-content\\\/uploads\\\/2020\\\/04\\\/connect12_transparant.png\",\"datePublished\":\"2020-06-29T08:37:49+00:00\",\"breadcrumb\":{\"@id\":\"https:\\\/\\\/vanlentsystems.be\\\/fr\\\/webshop\\\/malvoyants\\\/loupe-ecran-electronique\\\/connect12-2\\\/#breadcrumb\"},\"inLanguage\":\"fr-FR\",\"potentialAction\":[{\"@type\":\"ReadAction\",\"target\":[\"https:\\\/\\\/vanlentsystems.be\\\/fr\\\/webshop\\\/malvoyants\\\/loupe-ecran-electronique\\\/connect12-2\\\/\"]}]},{\"@type\":\"ImageObject\",\"inLanguage\":\"fr-FR\",\"@id\":\"https:\\\/\\\/vanlentsystems.be\\\/fr\\\/webshop\\\/malvoyants\\\/loupe-ecran-electronique\\\/connect12-2\\\/#primaryimage\",\"url\":\"https:\\\/\\\/vanlentsystems.be\\\/wp-content\\\/uploads\\\/2020\\\/04\\\/connect12_transparant.png\",\"contentUrl\":\"https:\\\/\\\/vanlentsystems.be\\\/wp-content\\\/uploads\\\/2020\\\/04\\\/connect12_transparant.png\",\"width\":1000,\"height\":667},{\"@type\":\"BreadcrumbList\",\"@id\":\"https:\\\/\\\/vanlentsystems.be\\\/fr\\\/webshop\\\/malvoyants\\\/loupe-ecran-electronique\\\/connect12-2\\\/#breadcrumb\",\"itemListElement\":[{\"@type\":\"ListItem\",\"position\":1,\"name\":\"Home\",\"item\":\"https:\\\/\\\/vanlentsystems.be\\\/fr\\\/\"},{\"@type\":\"ListItem\",\"position\":2,\"name\":\"Boutique en ligne\",\"item\":\"https:\\\/\\\/vanlentsystems.be\\\/fr\\\/boutique-en-ligne\\\/\"},{\"@type\":\"ListItem\",\"position\":3,\"name\":\"Connect12\"}]},{\"@type\":\"WebSite\",\"@id\":\"https:\\\/\\\/vanlentsystems.be\\\/fr\\\/#website\",\"url\":\"https:\\\/\\\/vanlentsystems.be\\\/fr\\\/\",\"name\":\"Van Lent Systems Belgium\",\"description\":\"\",\"potentialAction\":[{\"@type\":\"SearchAction\",\"target\":{\"@type\":\"EntryPoint\",\"urlTemplate\":\"https:\\\/\\\/vanlentsystems.be\\\/fr\\\/?s={search_term_string}\"},\"query-input\":{\"@type\":\"PropertyValueSpecification\",\"valueRequired\":true,\"valueName\":\"search_term_string\"}}],\"inLanguage\":\"fr-FR\"}]}<\/script>\n<!-- \/ Yoast SEO plugin. -->","yoast_head_json":{"title":"Connect12 - Van Lent Systems Belgium","robots":{"index":"index","follow":"follow","max-snippet":"max-snippet:-1","max-image-preview":"max-image-preview:large","max-video-preview":"max-video-preview:-1"},"canonical":"https:\/\/vanlentsystems.be\/fr\/webshop\/malvoyants\/loupe-ecran-electronique\/connect12-2\/","og_locale":"fr_FR","og_type":"article","og_title":"Connect12 - Van Lent Systems Belgium","og_description":"L'extension de la famille Prodigi avec une s\u00e9rie de nouvelles fonctionnalit\u00e9s fait de ce Connect 12 Prodigi\u2122 un outil puissant pour les utilisateurs malvoyants, qu'ils soient \u00e0 l'\u00e9cole, au travail, \u00e0 la maison ou en d\u00e9placement. Intelligence et commodit\u00e9 d'emploi r\u00e9unies dans un seul et m\u00eame outil","og_url":"https:\/\/vanlentsystems.be\/fr\/webshop\/malvoyants\/loupe-ecran-electronique\/connect12-2\/","og_site_name":"Van Lent Systems Belgium","og_image":[{"width":1000,"height":667,"url":"https:\/\/vanlentsystems.be\/wp-content\/uploads\/2020\/04\/connect12_transparant.png","type":"image\/png"}],"twitter_card":"summary_large_image","twitter_misc":{"Dur\u00e9e de lecture estim\u00e9e":"1 minute"},"schema":{"@context":"https:\/\/schema.org","@graph":[{"@type":"WebPage","@id":"https:\/\/vanlentsystems.be\/fr\/webshop\/malvoyants\/loupe-ecran-electronique\/connect12-2\/","url":"https:\/\/vanlentsystems.be\/fr\/webshop\/malvoyants\/loupe-ecran-electronique\/connect12-2\/","name":"Connect12 - Van Lent Systems Belgium","isPartOf":{"@id":"https:\/\/vanlentsystems.be\/fr\/#website"},"primaryImageOfPage":{"@id":"https:\/\/vanlentsystems.be\/fr\/webshop\/malvoyants\/loupe-ecran-electronique\/connect12-2\/#primaryimage"},"image":{"@id":"https:\/\/vanlentsystems.be\/fr\/webshop\/malvoyants\/loupe-ecran-electronique\/connect12-2\/#primaryimage"},"thumbnailUrl":"https:\/\/vanlentsystems.be\/wp-content\/uploads\/2020\/04\/connect12_transparant.png","datePublished":"2020-06-29T08:37:49+00:00","breadcrumb":{"@id":"https:\/\/vanlentsystems.be\/fr\/webshop\/malvoyants\/loupe-ecran-electronique\/connect12-2\/#breadcrumb"},"inLanguage":"fr-FR","potentialAction":[{"@type":"ReadAction","target":["https:\/\/vanlentsystems.be\/fr\/webshop\/malvoyants\/loupe-ecran-electronique\/connect12-2\/"]}]},{"@type":"ImageObject","inLanguage":"fr-FR","@id":"https:\/\/vanlentsystems.be\/fr\/webshop\/malvoyants\/loupe-ecran-electronique\/connect12-2\/#primaryimage","url":"https:\/\/vanlentsystems.be\/wp-content\/uploads\/2020\/04\/connect12_transparant.png","contentUrl":"https:\/\/vanlentsystems.be\/wp-content\/uploads\/2020\/04\/connect12_transparant.png","width":1000,"height":667},{"@type":"BreadcrumbList","@id":"https:\/\/vanlentsystems.be\/fr\/webshop\/malvoyants\/loupe-ecran-electronique\/connect12-2\/#breadcrumb","itemListElement":[{"@type":"ListItem","position":1,"name":"Home","item":"https:\/\/vanlentsystems.be\/fr\/"},{"@type":"ListItem","position":2,"name":"Boutique en ligne","item":"https:\/\/vanlentsystems.be\/fr\/boutique-en-ligne\/"},{"@type":"ListItem","position":3,"name":"Connect12"}]},{"@type":"WebSite","@id":"https:\/\/vanlentsystems.be\/fr\/#website","url":"https:\/\/vanlentsystems.be\/fr\/","name":"Van Lent Systems Belgium","description":"","potentialAction":[{"@type":"SearchAction","target":{"@type":"EntryPoint","urlTemplate":"https:\/\/vanlentsystems.be\/fr\/?s={search_term_string}"},"query-input":{"@type":"PropertyValueSpecification","valueRequired":true,"valueName":"search_term_string"}}],"inLanguage":"fr-FR"}]}},"_links":{"self":[{"href":"https:\/\/vanlentsystems.be\/fr\/wp-json\/wp\/v2\/product\/4757","targetHints":{"allow":["GET"]}}],"collection":[{"href":"https:\/\/vanlentsystems.be\/fr\/wp-json\/wp\/v2\/product"}],"about":[{"href":"https:\/\/vanlentsystems.be\/fr\/wp-json\/wp\/v2\/types\/product"}],"wp:featuredmedia":[{"embeddable":true,"href":"https:\/\/vanlentsystems.be\/fr\/wp-json\/wp\/v2\/media\/3964"}],"wp:attachment":[{"href":"https:\/\/vanlentsystems.be\/fr\/wp-json\/wp\/v2\/media?parent=4757"}],"wp:term":[{"taxonomy":"product_brand","embeddable":true,"href":"https:\/\/vanlentsystems.be\/fr\/wp-json\/wp\/v2\/product_brand?post=4757"},{"taxonomy":"product_cat","embeddable":true,"href":"https:\/\/vanlentsystems.be\/fr\/wp-json\/wp\/v2\/product_cat?post=4757"},{"taxonomy":"product_tag","embeddable":true,"href":"https:\/\/vanlentsystems.be\/fr\/wp-json\/wp\/v2\/product_tag?post=4757"}],"curies":[{"name":"wp","href":"https:\/\/api.w.org\/{rel}","templated":true}]}}