{"id":4744,"date":"2020-04-29T14:21:38","date_gmt":"2020-06-29T08:37:45","guid":{"rendered":"https:\/\/vanlentsystems.be\/webshop\/non%20class\u00e9\/i-reader-2\/"},"modified":"2021-02-03T11:14:04","modified_gmt":"2021-02-03T10:14:04","slug":"i-reader-2-2","status":"publish","type":"product","link":"https:\/\/vanlentsystems.be\/fr\/webshop\/malvoyants\/lecteur-a-haute-voix\/i-reader-2-2\/","title":{"rendered":"i-Reader 2"},"content":{"rendered":"<p>L&#8217;i-Reader 2 est un appareil de lecture moderne et convivial qui lit pour vous \u00e0 haute voix vos textes de mani\u00e8re naturelle. Avec ses fonctions \u00e9tendues et son nouveau design, l&#8217;i-Reader 2 est encore plus intuitif et plus facile \u00e0 utiliser.<\/p>\n<p>Il suffit d&#8217;une seule manipulation pour placer la cam\u00e9ra dans la bonne position et capturer une page A4 enti\u00e8re. Sa nouvelle cam\u00e9ra \u00e0 haute r\u00e9solution et son \u00e9clairage assurent une reconnaissance correcte du texte dans toutes les situations d&#8217;\u00e9clairage ambiant.<\/p>\n<p>Bien entendu, notre appareil dispose d&#8217;un design clair avec de grands boutons rotatifs et poussoirs clairement palpables pour lire et mettre en pause, r\u00e9gler la vitesse et le volume de lecture, ainsi que pour naviguer dans le texte par mot, par ligne ou par paragraphe.<\/p>\n<p class=\"lead\">Gr\u00e2ce au port USB situ\u00e9 \u00e0 l&#8217;avant de l&#8217;appareil, vous pouvez facilement charger et enregistrer des documents. L&#8217;i-Reader 2 est dot\u00e9 d&#8217;une batterie int\u00e9gr\u00e9e, ce qui vous permet de l&#8217;utiliser aussi bien \u00e0 la maison qu&#8217;en d\u00e9placement. La connexion moniteur de l&#8217;i-Reader 2 vous permet de lire par l&#8217;appareil sur un moniteur externe.<\/p>\n<ul>\n<li>Conception compacte et intuitive<\/li>\n<li>Bras de cam\u00e9ra convivial avec capteur 8MP<\/li>\n<li>R\u00e9glage de la colonne et de la tablette pour une lecture dans le bon ordre<\/li>\n<li>Utilisation simple gr\u00e2ce aux boutons palpables<\/li>\n<li>Navigation ais\u00e9e dans les mots, les lignes ou les paragraphes<\/li>\n<li>Boutons rotatifs pour la vitesse et le volume de lecture<\/li>\n<li>Haut-parleurs int\u00e9gr\u00e9s et prise pour casque<\/li>\n<li>Reconnaissance automatique de la langue<\/li>\n<li>Chargement et enregistrement de documents sur des p\u00e9riph\u00e9riques USB externes<\/li>\n<li>Connexion VGA et HDMI pour moniteur externe<\/li>\n<li>Batterie int\u00e9gr\u00e9e pour une utilisation en d\u00e9placement<\/li>\n<li>Livr\u00e9 avec un sac de transport<\/li>\n<\/ul>\n","protected":false},"excerpt":{"rendered":"<p class=\"lead\">L&#8217;i-Reader 2 est un appareil de lecture moderne et convivial qui lit pour vous \u00e0 haute voix vos textes de mani\u00e8re naturelle.<\/p>\n","protected":false},"featured_media":3914,"template":"","meta":{"inline_featured_image":false},"product_brand":[],"product_cat":[688,566],"product_tag":[],"class_list":{"0":"post-4744","1":"product","2":"type-product","3":"status-publish","4":"has-post-thumbnail","6":"product_cat-lecteur-a-haute-voix","7":"product_cat-malvoyants","9":"first","10":"instock","11":"taxable","12":"shipping-taxable","13":"product-type-simple"},"yoast_head":"<!-- This site is optimized with the Yoast SEO plugin v27.4 - https:\/\/yoast.com\/product\/yoast-seo-wordpress\/ -->\n<title>i-Reader 2 - Van Lent Systems Belgium<\/title>\n<meta name=\"robots\" content=\"index, follow, max-snippet:-1, max-image-preview:large, max-video-preview:-1\" \/>\n<link rel=\"canonical\" href=\"https:\/\/vanlentsystems.be\/fr\/webshop\/malvoyants\/lecteur-a-haute-voix\/i-reader-2-2\/\" \/>\n<meta property=\"og:locale\" content=\"fr_FR\" \/>\n<meta property=\"og:type\" content=\"article\" \/>\n<meta property=\"og:title\" content=\"i-Reader 2 - Van Lent Systems Belgium\" \/>\n<meta property=\"og:description\" content=\"L&#039;i-Reader 2 est un appareil de lecture moderne et convivial qui lit pour vous \u00e0 haute voix vos textes de mani\u00e8re naturelle.\" \/>\n<meta property=\"og:url\" content=\"https:\/\/vanlentsystems.be\/fr\/webshop\/malvoyants\/lecteur-a-haute-voix\/i-reader-2-2\/\" \/>\n<meta property=\"og:site_name\" content=\"Van Lent Systems Belgium\" \/>\n<meta property=\"article:modified_time\" content=\"2021-02-03T10:14:04+00:00\" \/>\n<meta property=\"og:image\" content=\"https:\/\/vanlentsystems.be\/wp-content\/uploads\/2020\/04\/IMG_2494.png\" \/>\n\t<meta property=\"og:image:width\" content=\"3024\" \/>\n\t<meta property=\"og:image:height\" content=\"4032\" \/>\n\t<meta property=\"og:image:type\" content=\"image\/png\" \/>\n<meta name=\"twitter:card\" content=\"summary_large_image\" \/>\n<meta name=\"twitter:label1\" content=\"Dur\u00e9e de lecture estim\u00e9e\" \/>\n\t<meta name=\"twitter:data1\" content=\"1 minute\" \/>\n<script type=\"application\/ld+json\" class=\"yoast-schema-graph\">{\"@context\":\"https:\\\/\\\/schema.org\",\"@graph\":[{\"@type\":\"WebPage\",\"@id\":\"https:\\\/\\\/vanlentsystems.be\\\/fr\\\/webshop\\\/malvoyants\\\/lecteur-a-haute-voix\\\/i-reader-2-2\\\/\",\"url\":\"https:\\\/\\\/vanlentsystems.be\\\/fr\\\/webshop\\\/malvoyants\\\/lecteur-a-haute-voix\\\/i-reader-2-2\\\/\",\"name\":\"i-Reader 2 - Van Lent Systems Belgium\",\"isPartOf\":{\"@id\":\"https:\\\/\\\/vanlentsystems.be\\\/fr\\\/#website\"},\"primaryImageOfPage\":{\"@id\":\"https:\\\/\\\/vanlentsystems.be\\\/fr\\\/webshop\\\/malvoyants\\\/lecteur-a-haute-voix\\\/i-reader-2-2\\\/#primaryimage\"},\"image\":{\"@id\":\"https:\\\/\\\/vanlentsystems.be\\\/fr\\\/webshop\\\/malvoyants\\\/lecteur-a-haute-voix\\\/i-reader-2-2\\\/#primaryimage\"},\"thumbnailUrl\":\"https:\\\/\\\/vanlentsystems.be\\\/wp-content\\\/uploads\\\/2020\\\/04\\\/IMG_2494.png\",\"datePublished\":\"2020-06-29T08:37:45+00:00\",\"dateModified\":\"2021-02-03T10:14:04+00:00\",\"breadcrumb\":{\"@id\":\"https:\\\/\\\/vanlentsystems.be\\\/fr\\\/webshop\\\/malvoyants\\\/lecteur-a-haute-voix\\\/i-reader-2-2\\\/#breadcrumb\"},\"inLanguage\":\"fr-FR\",\"potentialAction\":[{\"@type\":\"ReadAction\",\"target\":[\"https:\\\/\\\/vanlentsystems.be\\\/fr\\\/webshop\\\/malvoyants\\\/lecteur-a-haute-voix\\\/i-reader-2-2\\\/\"]}]},{\"@type\":\"ImageObject\",\"inLanguage\":\"fr-FR\",\"@id\":\"https:\\\/\\\/vanlentsystems.be\\\/fr\\\/webshop\\\/malvoyants\\\/lecteur-a-haute-voix\\\/i-reader-2-2\\\/#primaryimage\",\"url\":\"https:\\\/\\\/vanlentsystems.be\\\/wp-content\\\/uploads\\\/2020\\\/04\\\/IMG_2494.png\",\"contentUrl\":\"https:\\\/\\\/vanlentsystems.be\\\/wp-content\\\/uploads\\\/2020\\\/04\\\/IMG_2494.png\",\"width\":3024,\"height\":4032},{\"@type\":\"BreadcrumbList\",\"@id\":\"https:\\\/\\\/vanlentsystems.be\\\/fr\\\/webshop\\\/malvoyants\\\/lecteur-a-haute-voix\\\/i-reader-2-2\\\/#breadcrumb\",\"itemListElement\":[{\"@type\":\"ListItem\",\"position\":1,\"name\":\"Home\",\"item\":\"https:\\\/\\\/vanlentsystems.be\\\/fr\\\/\"},{\"@type\":\"ListItem\",\"position\":2,\"name\":\"Boutique en ligne\",\"item\":\"https:\\\/\\\/vanlentsystems.be\\\/fr\\\/boutique-en-ligne\\\/\"},{\"@type\":\"ListItem\",\"position\":3,\"name\":\"i-Reader 2\"}]},{\"@type\":\"WebSite\",\"@id\":\"https:\\\/\\\/vanlentsystems.be\\\/fr\\\/#website\",\"url\":\"https:\\\/\\\/vanlentsystems.be\\\/fr\\\/\",\"name\":\"Van Lent Systems Belgium\",\"description\":\"\",\"potentialAction\":[{\"@type\":\"SearchAction\",\"target\":{\"@type\":\"EntryPoint\",\"urlTemplate\":\"https:\\\/\\\/vanlentsystems.be\\\/fr\\\/?s={search_term_string}\"},\"query-input\":{\"@type\":\"PropertyValueSpecification\",\"valueRequired\":true,\"valueName\":\"search_term_string\"}}],\"inLanguage\":\"fr-FR\"}]}<\/script>\n<!-- \/ Yoast SEO plugin. -->","yoast_head_json":{"title":"i-Reader 2 - Van Lent Systems Belgium","robots":{"index":"index","follow":"follow","max-snippet":"max-snippet:-1","max-image-preview":"max-image-preview:large","max-video-preview":"max-video-preview:-1"},"canonical":"https:\/\/vanlentsystems.be\/fr\/webshop\/malvoyants\/lecteur-a-haute-voix\/i-reader-2-2\/","og_locale":"fr_FR","og_type":"article","og_title":"i-Reader 2 - Van Lent Systems Belgium","og_description":"L'i-Reader 2 est un appareil de lecture moderne et convivial qui lit pour vous \u00e0 haute voix vos textes de mani\u00e8re naturelle.","og_url":"https:\/\/vanlentsystems.be\/fr\/webshop\/malvoyants\/lecteur-a-haute-voix\/i-reader-2-2\/","og_site_name":"Van Lent Systems Belgium","article_modified_time":"2021-02-03T10:14:04+00:00","og_image":[{"width":3024,"height":4032,"url":"https:\/\/vanlentsystems.be\/wp-content\/uploads\/2020\/04\/IMG_2494.png","type":"image\/png"}],"twitter_card":"summary_large_image","twitter_misc":{"Dur\u00e9e de lecture estim\u00e9e":"1 minute"},"schema":{"@context":"https:\/\/schema.org","@graph":[{"@type":"WebPage","@id":"https:\/\/vanlentsystems.be\/fr\/webshop\/malvoyants\/lecteur-a-haute-voix\/i-reader-2-2\/","url":"https:\/\/vanlentsystems.be\/fr\/webshop\/malvoyants\/lecteur-a-haute-voix\/i-reader-2-2\/","name":"i-Reader 2 - Van Lent Systems Belgium","isPartOf":{"@id":"https:\/\/vanlentsystems.be\/fr\/#website"},"primaryImageOfPage":{"@id":"https:\/\/vanlentsystems.be\/fr\/webshop\/malvoyants\/lecteur-a-haute-voix\/i-reader-2-2\/#primaryimage"},"image":{"@id":"https:\/\/vanlentsystems.be\/fr\/webshop\/malvoyants\/lecteur-a-haute-voix\/i-reader-2-2\/#primaryimage"},"thumbnailUrl":"https:\/\/vanlentsystems.be\/wp-content\/uploads\/2020\/04\/IMG_2494.png","datePublished":"2020-06-29T08:37:45+00:00","dateModified":"2021-02-03T10:14:04+00:00","breadcrumb":{"@id":"https:\/\/vanlentsystems.be\/fr\/webshop\/malvoyants\/lecteur-a-haute-voix\/i-reader-2-2\/#breadcrumb"},"inLanguage":"fr-FR","potentialAction":[{"@type":"ReadAction","target":["https:\/\/vanlentsystems.be\/fr\/webshop\/malvoyants\/lecteur-a-haute-voix\/i-reader-2-2\/"]}]},{"@type":"ImageObject","inLanguage":"fr-FR","@id":"https:\/\/vanlentsystems.be\/fr\/webshop\/malvoyants\/lecteur-a-haute-voix\/i-reader-2-2\/#primaryimage","url":"https:\/\/vanlentsystems.be\/wp-content\/uploads\/2020\/04\/IMG_2494.png","contentUrl":"https:\/\/vanlentsystems.be\/wp-content\/uploads\/2020\/04\/IMG_2494.png","width":3024,"height":4032},{"@type":"BreadcrumbList","@id":"https:\/\/vanlentsystems.be\/fr\/webshop\/malvoyants\/lecteur-a-haute-voix\/i-reader-2-2\/#breadcrumb","itemListElement":[{"@type":"ListItem","position":1,"name":"Home","item":"https:\/\/vanlentsystems.be\/fr\/"},{"@type":"ListItem","position":2,"name":"Boutique en ligne","item":"https:\/\/vanlentsystems.be\/fr\/boutique-en-ligne\/"},{"@type":"ListItem","position":3,"name":"i-Reader 2"}]},{"@type":"WebSite","@id":"https:\/\/vanlentsystems.be\/fr\/#website","url":"https:\/\/vanlentsystems.be\/fr\/","name":"Van Lent Systems Belgium","description":"","potentialAction":[{"@type":"SearchAction","target":{"@type":"EntryPoint","urlTemplate":"https:\/\/vanlentsystems.be\/fr\/?s={search_term_string}"},"query-input":{"@type":"PropertyValueSpecification","valueRequired":true,"valueName":"search_term_string"}}],"inLanguage":"fr-FR"}]}},"_links":{"self":[{"href":"https:\/\/vanlentsystems.be\/fr\/wp-json\/wp\/v2\/product\/4744","targetHints":{"allow":["GET"]}}],"collection":[{"href":"https:\/\/vanlentsystems.be\/fr\/wp-json\/wp\/v2\/product"}],"about":[{"href":"https:\/\/vanlentsystems.be\/fr\/wp-json\/wp\/v2\/types\/product"}],"wp:featuredmedia":[{"embeddable":true,"href":"https:\/\/vanlentsystems.be\/fr\/wp-json\/wp\/v2\/media\/3914"}],"wp:attachment":[{"href":"https:\/\/vanlentsystems.be\/fr\/wp-json\/wp\/v2\/media?parent=4744"}],"wp:term":[{"taxonomy":"product_brand","embeddable":true,"href":"https:\/\/vanlentsystems.be\/fr\/wp-json\/wp\/v2\/product_brand?post=4744"},{"taxonomy":"product_cat","embeddable":true,"href":"https:\/\/vanlentsystems.be\/fr\/wp-json\/wp\/v2\/product_cat?post=4744"},{"taxonomy":"product_tag","embeddable":true,"href":"https:\/\/vanlentsystems.be\/fr\/wp-json\/wp\/v2\/product_tag?post=4744"}],"curies":[{"name":"wp","href":"https:\/\/api.w.org\/{rel}","templated":true}]}}