{"id":4729,"date":"2020-05-18T12:09:07","date_gmt":"2020-06-29T08:37:41","guid":{"rendered":"https:\/\/vanlentsystems.be\/webshop\/non%20class\u00e9\/i-pulz\/"},"modified":"2021-02-03T11:07:25","modified_gmt":"2021-02-03T10:07:25","slug":"i-pulz-2-2","status":"publish","type":"product","link":"https:\/\/vanlentsystems.be\/fr\/webshop\/soulagement-de-la-douleur\/i-pulz-fr\/i-pulz-2-2\/","title":{"rendered":"i-Pulz"},"content":{"rendered":"<p>Soulagez votre douleur avec l&#8217;i-Pulz, un petit appareil TENS portable et num\u00e9rique avec de nombreux r\u00e9glages possibles. Vous pouvez le porter de mani\u00e8re invisible sous vos v\u00eatements. Les utilisateurs appr\u00e9cient la facilit\u00e9 d&#8217;utilisation \u00e0 l&#8217;aide de boutons-poussoirs.<\/p>\n<p>L&#8217;i-Pulz a deux canaux pour diff\u00e9rents modes de stimulation. Vous pouvez utiliser les deux canaux simultan\u00e9ment ou seulement un des deux. L&#8217;i-Pulz dispose de 10 programmes pr\u00e9r\u00e9gl\u00e9s, dont le programme conventionnel, le programme basse fr\u00e9quence et \u00e9videmment le programme HAN bien connu.<\/p>\n<p>Contenu du colis:<br \/>\n&#8211; Chargeur<br \/>\n&#8211; Pince \u00e0 pantalon<br \/>\n&#8211; 4 pils<br \/>\n&#8211; Jeu de c\u00e2bles<br \/>\n&#8211; 2 packs d&#8217;\u00e9lectrodes de votre choix<\/p>\n","protected":false},"excerpt":{"rendered":"<p>Soulagez votre douleur avec l&#8217;i-Pulz, un petit appareil TENS portable et num\u00e9rique avec de nombreux r\u00e9glages possibles. Vous pouvez le porter de mani\u00e8re invisible sous vos v\u00eatements. Les utilisateurs appr\u00e9cient la facilit\u00e9 d&#8217;utilisation \u00e0 l&#8217;aide de boutons-poussoirs. L&#8217;i-Pulz a deux canaux pour diff\u00e9rents modes de stimulation. Vous pouvez utiliser les deux canaux simultan\u00e9ment ou seulement&#8230;<\/p>\n","protected":false},"featured_media":4738,"template":"","meta":{"inline_featured_image":false},"product_brand":[],"product_cat":[639,637],"product_tag":[],"class_list":{"0":"post-4729","1":"product","2":"type-product","3":"status-publish","4":"has-post-thumbnail","6":"product_cat-i-pulz-fr","7":"product_cat-soulagement-de-la-douleur","8":"product_shipping_class-colis-postnl","9":"pa_aantal-programmas-10-fr","10":"pa_batterij-type-2x-piles-aaa-rechargeables","11":"pa_gebruiktijd-en-fonction-du-programme","12":"pa_gewicht-91-grammes-sans-piles-115-grammes-avec-piles","13":"pa_inhoud-verpakking-chargeur","14":"pa_inhoud-verpakking-i-pulz-4x-piles-aaa-rechargeables","15":"pa_inhoud-verpakking-jeu-de-cables","16":"pa_inhoud-verpakking-mode-demploi","17":"pa_inhoud-verpakking-notice-dinstruction-du-chargeur","18":"pa_inhoud-verpakking-notice-dinstruction-simplifiee","19":"pa_laadtijd-3-heures","20":"pa_programmas-combinaison-de-tens-conventionnels-et-a-basse-frequence","21":"pa_programmas-han-fr","22":"pa_programmas-han-combi-burst-fr","23":"pa_programmas-modulation-de-frequence","24":"pa_programmas-modulation-de-largeur-dimpulsion","25":"pa_programmas-stimulation-musculaire","26":"pa_programmas-tens-basse-frequence","27":"pa_programmas-tens-conventionnels","28":"pa_programmas-tens-en-profondeur","29":"pa_schermgrootte-4-cm-25-cm-fr","30":"pa_stroomtoevoer-chargeur-inclus","32":"first","33":"instock","34":"taxable","35":"shipping-taxable","36":"purchasable","37":"product-type-simple"},"yoast_head":"<!-- This site is optimized with the Yoast SEO plugin v27.4 - https:\/\/yoast.com\/product\/yoast-seo-wordpress\/ -->\n<title>i-Pulz - Van Lent Systems Belgium<\/title>\n<meta name=\"robots\" content=\"index, follow, max-snippet:-1, max-image-preview:large, max-video-preview:-1\" \/>\n<link rel=\"canonical\" href=\"https:\/\/vanlentsystems.be\/fr\/webshop\/soulagement-de-la-douleur\/i-pulz-fr\/i-pulz-2-2\/\" \/>\n<meta property=\"og:locale\" content=\"fr_FR\" \/>\n<meta property=\"og:type\" content=\"article\" \/>\n<meta property=\"og:title\" content=\"i-Pulz - Van Lent Systems Belgium\" \/>\n<meta property=\"og:description\" content=\"Soulagez votre douleur avec l&#8217;i-Pulz, un petit appareil TENS portable et num\u00e9rique avec de nombreux r\u00e9glages possibles. Vous pouvez le porter de mani\u00e8re invisible sous vos v\u00eatements. Les utilisateurs appr\u00e9cient la facilit\u00e9 d&#8217;utilisation \u00e0 l&#8217;aide de boutons-poussoirs. L&#8217;i-Pulz a deux canaux pour diff\u00e9rents modes de stimulation. Vous pouvez utiliser les deux canaux simultan\u00e9ment ou seulement...\" \/>\n<meta property=\"og:url\" content=\"https:\/\/vanlentsystems.be\/fr\/webshop\/soulagement-de-la-douleur\/i-pulz-fr\/i-pulz-2-2\/\" \/>\n<meta property=\"og:site_name\" content=\"Van Lent Systems Belgium\" \/>\n<meta property=\"article:modified_time\" content=\"2021-02-03T10:07:25+00:00\" \/>\n<meta property=\"og:image\" content=\"https:\/\/vanlentsystems.be\/wp-content\/uploads\/2019\/03\/IPULZ_hoek_naar_rechts.png\" \/>\n\t<meta property=\"og:image:width\" content=\"2048\" \/>\n\t<meta property=\"og:image:height\" content=\"1365\" \/>\n\t<meta property=\"og:image:type\" content=\"image\/png\" \/>\n<meta name=\"twitter:card\" content=\"summary_large_image\" \/>\n<meta name=\"twitter:label1\" content=\"Dur\u00e9e de lecture estim\u00e9e\" \/>\n\t<meta name=\"twitter:data1\" content=\"1 minute\" \/>\n<script type=\"application\/ld+json\" class=\"yoast-schema-graph\">{\"@context\":\"https:\\\/\\\/schema.org\",\"@graph\":[{\"@type\":\"WebPage\",\"@id\":\"https:\\\/\\\/vanlentsystems.be\\\/fr\\\/webshop\\\/soulagement-de-la-douleur\\\/i-pulz-fr\\\/i-pulz-2-2\\\/\",\"url\":\"https:\\\/\\\/vanlentsystems.be\\\/fr\\\/webshop\\\/soulagement-de-la-douleur\\\/i-pulz-fr\\\/i-pulz-2-2\\\/\",\"name\":\"i-Pulz - Van Lent Systems Belgium\",\"isPartOf\":{\"@id\":\"https:\\\/\\\/vanlentsystems.be\\\/fr\\\/#website\"},\"primaryImageOfPage\":{\"@id\":\"https:\\\/\\\/vanlentsystems.be\\\/fr\\\/webshop\\\/soulagement-de-la-douleur\\\/i-pulz-fr\\\/i-pulz-2-2\\\/#primaryimage\"},\"image\":{\"@id\":\"https:\\\/\\\/vanlentsystems.be\\\/fr\\\/webshop\\\/soulagement-de-la-douleur\\\/i-pulz-fr\\\/i-pulz-2-2\\\/#primaryimage\"},\"thumbnailUrl\":\"https:\\\/\\\/vanlentsystems.be\\\/wp-content\\\/uploads\\\/2019\\\/03\\\/IPULZ_hoek_naar_rechts.png\",\"datePublished\":\"2020-06-29T08:37:41+00:00\",\"dateModified\":\"2021-02-03T10:07:25+00:00\",\"breadcrumb\":{\"@id\":\"https:\\\/\\\/vanlentsystems.be\\\/fr\\\/webshop\\\/soulagement-de-la-douleur\\\/i-pulz-fr\\\/i-pulz-2-2\\\/#breadcrumb\"},\"inLanguage\":\"fr-FR\",\"potentialAction\":[{\"@type\":\"ReadAction\",\"target\":[\"https:\\\/\\\/vanlentsystems.be\\\/fr\\\/webshop\\\/soulagement-de-la-douleur\\\/i-pulz-fr\\\/i-pulz-2-2\\\/\"]}]},{\"@type\":\"ImageObject\",\"inLanguage\":\"fr-FR\",\"@id\":\"https:\\\/\\\/vanlentsystems.be\\\/fr\\\/webshop\\\/soulagement-de-la-douleur\\\/i-pulz-fr\\\/i-pulz-2-2\\\/#primaryimage\",\"url\":\"https:\\\/\\\/vanlentsystems.be\\\/wp-content\\\/uploads\\\/2019\\\/03\\\/IPULZ_hoek_naar_rechts.png\",\"contentUrl\":\"https:\\\/\\\/vanlentsystems.be\\\/wp-content\\\/uploads\\\/2019\\\/03\\\/IPULZ_hoek_naar_rechts.png\",\"width\":2048,\"height\":1365},{\"@type\":\"BreadcrumbList\",\"@id\":\"https:\\\/\\\/vanlentsystems.be\\\/fr\\\/webshop\\\/soulagement-de-la-douleur\\\/i-pulz-fr\\\/i-pulz-2-2\\\/#breadcrumb\",\"itemListElement\":[{\"@type\":\"ListItem\",\"position\":1,\"name\":\"Home\",\"item\":\"https:\\\/\\\/vanlentsystems.be\\\/fr\\\/\"},{\"@type\":\"ListItem\",\"position\":2,\"name\":\"Boutique en ligne\",\"item\":\"https:\\\/\\\/vanlentsystems.be\\\/fr\\\/boutique-en-ligne\\\/\"},{\"@type\":\"ListItem\",\"position\":3,\"name\":\"i-Pulz\"}]},{\"@type\":\"WebSite\",\"@id\":\"https:\\\/\\\/vanlentsystems.be\\\/fr\\\/#website\",\"url\":\"https:\\\/\\\/vanlentsystems.be\\\/fr\\\/\",\"name\":\"Van Lent Systems Belgium\",\"description\":\"\",\"potentialAction\":[{\"@type\":\"SearchAction\",\"target\":{\"@type\":\"EntryPoint\",\"urlTemplate\":\"https:\\\/\\\/vanlentsystems.be\\\/fr\\\/?s={search_term_string}\"},\"query-input\":{\"@type\":\"PropertyValueSpecification\",\"valueRequired\":true,\"valueName\":\"search_term_string\"}}],\"inLanguage\":\"fr-FR\"}]}<\/script>\n<!-- \/ Yoast SEO plugin. -->","yoast_head_json":{"title":"i-Pulz - Van Lent Systems Belgium","robots":{"index":"index","follow":"follow","max-snippet":"max-snippet:-1","max-image-preview":"max-image-preview:large","max-video-preview":"max-video-preview:-1"},"canonical":"https:\/\/vanlentsystems.be\/fr\/webshop\/soulagement-de-la-douleur\/i-pulz-fr\/i-pulz-2-2\/","og_locale":"fr_FR","og_type":"article","og_title":"i-Pulz - Van Lent Systems Belgium","og_description":"Soulagez votre douleur avec l&#8217;i-Pulz, un petit appareil TENS portable et num\u00e9rique avec de nombreux r\u00e9glages possibles. Vous pouvez le porter de mani\u00e8re invisible sous vos v\u00eatements. Les utilisateurs appr\u00e9cient la facilit\u00e9 d&#8217;utilisation \u00e0 l&#8217;aide de boutons-poussoirs. L&#8217;i-Pulz a deux canaux pour diff\u00e9rents modes de stimulation. Vous pouvez utiliser les deux canaux simultan\u00e9ment ou seulement...","og_url":"https:\/\/vanlentsystems.be\/fr\/webshop\/soulagement-de-la-douleur\/i-pulz-fr\/i-pulz-2-2\/","og_site_name":"Van Lent Systems Belgium","article_modified_time":"2021-02-03T10:07:25+00:00","og_image":[{"width":2048,"height":1365,"url":"https:\/\/vanlentsystems.be\/wp-content\/uploads\/2019\/03\/IPULZ_hoek_naar_rechts.png","type":"image\/png"}],"twitter_card":"summary_large_image","twitter_misc":{"Dur\u00e9e de lecture estim\u00e9e":"1 minute"},"schema":{"@context":"https:\/\/schema.org","@graph":[{"@type":"WebPage","@id":"https:\/\/vanlentsystems.be\/fr\/webshop\/soulagement-de-la-douleur\/i-pulz-fr\/i-pulz-2-2\/","url":"https:\/\/vanlentsystems.be\/fr\/webshop\/soulagement-de-la-douleur\/i-pulz-fr\/i-pulz-2-2\/","name":"i-Pulz - Van Lent Systems Belgium","isPartOf":{"@id":"https:\/\/vanlentsystems.be\/fr\/#website"},"primaryImageOfPage":{"@id":"https:\/\/vanlentsystems.be\/fr\/webshop\/soulagement-de-la-douleur\/i-pulz-fr\/i-pulz-2-2\/#primaryimage"},"image":{"@id":"https:\/\/vanlentsystems.be\/fr\/webshop\/soulagement-de-la-douleur\/i-pulz-fr\/i-pulz-2-2\/#primaryimage"},"thumbnailUrl":"https:\/\/vanlentsystems.be\/wp-content\/uploads\/2019\/03\/IPULZ_hoek_naar_rechts.png","datePublished":"2020-06-29T08:37:41+00:00","dateModified":"2021-02-03T10:07:25+00:00","breadcrumb":{"@id":"https:\/\/vanlentsystems.be\/fr\/webshop\/soulagement-de-la-douleur\/i-pulz-fr\/i-pulz-2-2\/#breadcrumb"},"inLanguage":"fr-FR","potentialAction":[{"@type":"ReadAction","target":["https:\/\/vanlentsystems.be\/fr\/webshop\/soulagement-de-la-douleur\/i-pulz-fr\/i-pulz-2-2\/"]}]},{"@type":"ImageObject","inLanguage":"fr-FR","@id":"https:\/\/vanlentsystems.be\/fr\/webshop\/soulagement-de-la-douleur\/i-pulz-fr\/i-pulz-2-2\/#primaryimage","url":"https:\/\/vanlentsystems.be\/wp-content\/uploads\/2019\/03\/IPULZ_hoek_naar_rechts.png","contentUrl":"https:\/\/vanlentsystems.be\/wp-content\/uploads\/2019\/03\/IPULZ_hoek_naar_rechts.png","width":2048,"height":1365},{"@type":"BreadcrumbList","@id":"https:\/\/vanlentsystems.be\/fr\/webshop\/soulagement-de-la-douleur\/i-pulz-fr\/i-pulz-2-2\/#breadcrumb","itemListElement":[{"@type":"ListItem","position":1,"name":"Home","item":"https:\/\/vanlentsystems.be\/fr\/"},{"@type":"ListItem","position":2,"name":"Boutique en ligne","item":"https:\/\/vanlentsystems.be\/fr\/boutique-en-ligne\/"},{"@type":"ListItem","position":3,"name":"i-Pulz"}]},{"@type":"WebSite","@id":"https:\/\/vanlentsystems.be\/fr\/#website","url":"https:\/\/vanlentsystems.be\/fr\/","name":"Van Lent Systems Belgium","description":"","potentialAction":[{"@type":"SearchAction","target":{"@type":"EntryPoint","urlTemplate":"https:\/\/vanlentsystems.be\/fr\/?s={search_term_string}"},"query-input":{"@type":"PropertyValueSpecification","valueRequired":true,"valueName":"search_term_string"}}],"inLanguage":"fr-FR"}]}},"_links":{"self":[{"href":"https:\/\/vanlentsystems.be\/fr\/wp-json\/wp\/v2\/product\/4729","targetHints":{"allow":["GET"]}}],"collection":[{"href":"https:\/\/vanlentsystems.be\/fr\/wp-json\/wp\/v2\/product"}],"about":[{"href":"https:\/\/vanlentsystems.be\/fr\/wp-json\/wp\/v2\/types\/product"}],"wp:featuredmedia":[{"embeddable":true,"href":"https:\/\/vanlentsystems.be\/fr\/wp-json\/wp\/v2\/media\/4738"}],"wp:attachment":[{"href":"https:\/\/vanlentsystems.be\/fr\/wp-json\/wp\/v2\/media?parent=4729"}],"wp:term":[{"taxonomy":"product_brand","embeddable":true,"href":"https:\/\/vanlentsystems.be\/fr\/wp-json\/wp\/v2\/product_brand?post=4729"},{"taxonomy":"product_cat","embeddable":true,"href":"https:\/\/vanlentsystems.be\/fr\/wp-json\/wp\/v2\/product_cat?post=4729"},{"taxonomy":"product_tag","embeddable":true,"href":"https:\/\/vanlentsystems.be\/fr\/wp-json\/wp\/v2\/product_tag?post=4729"}],"curies":[{"name":"wp","href":"https:\/\/api.w.org\/{rel}","templated":true}]}}