{"id":4727,"date":"2020-01-06T16:42:02","date_gmt":"2020-06-29T08:37:41","guid":{"rendered":"https:\/\/vanlentsystems.be\/webshop\/non class\u00e9\/i-speak\/"},"modified":"2020-06-29T10:37:41","modified_gmt":"2020-06-29T08:37:41","slug":"i-speak-2","status":"publish","type":"product","link":"https:\/\/vanlentsystems.be\/fr\/webshop\/malvoyants\/lecteur-daisy\/i-speak-2\/","title":{"rendered":"i-Speak"},"content":{"rendered":"<p>L&#8217;i-Speak est un lecteur Daisy aux commandes tr\u00e8s conviviales. L&#8217;appareil a \u00e9t\u00e9 con\u00e7u dans un souci de simplicit\u00e9 et de facilit\u00e9 d&#8217;utilisation. Les livres Daisy et les livres audio peuvent \u00eatre lus \u00e0 haute voix, l&#8217;utilisateur pouvant facilement d\u00e9terminer la vitesse de lecture, la hauteur et le volume.<\/p>\n<p>La m\u00e9moire de lecture se souvient de l&#8217;endroit o\u00f9 vous vous \u00eates arr\u00eat\u00e9 dans un livre et continue automatiquement la lecture lorsque vous rallumez le lecteur ou lorsque vous rechargez le livre Daisy dans l&#8217;appareil.<\/p>\n<p>La batterie int\u00e9gr\u00e9e et la conception l\u00e9g\u00e8re font de l&#8217;i-Speak le lecteur Daisy id\u00e9al pour la maison et les d\u00e9placements.<\/p>\n","protected":false},"excerpt":{"rendered":"<p>L&#8217;i-Speak est un lecteur Daisy aux commandes tr\u00e8s conviviales. L&#8217;appareil a \u00e9t\u00e9 con\u00e7u dans un souci de simplicit\u00e9 et de facilit\u00e9 d&#8217;utilisation. Les livres Daisy et les livres audio peuvent \u00eatre lus \u00e0 haute voix, l&#8217;utilisateur pouvant facilement d\u00e9terminer la vitesse de lecture, la hauteur et le volume.<\/p>\n","protected":false},"featured_media":4139,"template":"","meta":{"inline_featured_image":false},"product_brand":[],"product_cat":[662,566],"product_tag":[],"class_list":{"0":"post-4727","1":"product","2":"type-product","3":"status-publish","4":"has-post-thumbnail","6":"product_cat-lecteur-daisy","7":"product_cat-malvoyants","8":"product_shipping_class-colis-postnl","9":"pa_batterij-type-batterie-lithium-ion-rechargeable","10":"pa_bediening-boutons-poussoirs","11":"pa_gebruiktijd-6-heures","12":"pa_laadtijd-4-a-5-heures","13":"pa_stroomtoevoer-chargeur-inclus","15":"first","16":"instock","17":"taxable","18":"shipping-taxable","19":"product-type-simple"},"yoast_head":"<!-- This site is optimized with the Yoast SEO plugin v27.4 - https:\/\/yoast.com\/product\/yoast-seo-wordpress\/ -->\n<title>i-Speak - Van Lent Systems Belgium<\/title>\n<meta name=\"robots\" content=\"index, follow, max-snippet:-1, max-image-preview:large, max-video-preview:-1\" \/>\n<link rel=\"canonical\" href=\"https:\/\/vanlentsystems.be\/fr\/webshop\/malvoyants\/lecteur-daisy\/i-speak-2\/\" \/>\n<meta property=\"og:locale\" content=\"fr_FR\" \/>\n<meta property=\"og:type\" content=\"article\" \/>\n<meta property=\"og:title\" content=\"i-Speak - Van Lent Systems Belgium\" \/>\n<meta property=\"og:description\" content=\"L&#039;i-Speak est un lecteur Daisy aux commandes tr\u00e8s conviviales. L&#039;appareil a \u00e9t\u00e9 con\u00e7u dans un souci de simplicit\u00e9 et de facilit\u00e9 d&#039;utilisation. Les livres Daisy et les livres audio peuvent \u00eatre lus \u00e0 haute voix, l&#039;utilisateur pouvant facilement d\u00e9terminer la vitesse de lecture, la hauteur et le volume.\" \/>\n<meta property=\"og:url\" content=\"https:\/\/vanlentsystems.be\/fr\/webshop\/malvoyants\/lecteur-daisy\/i-speak-2\/\" \/>\n<meta property=\"og:site_name\" content=\"Van Lent Systems Belgium\" \/>\n<meta property=\"og:image\" content=\"https:\/\/vanlentsystems.be\/wp-content\/uploads\/2020\/01\/1RGG7606-1024x683.png\" \/>\n\t<meta property=\"og:image:width\" content=\"1024\" \/>\n\t<meta property=\"og:image:height\" content=\"683\" \/>\n\t<meta property=\"og:image:type\" content=\"image\/png\" \/>\n<meta name=\"twitter:card\" content=\"summary_large_image\" \/>\n<meta name=\"twitter:label1\" content=\"Dur\u00e9e de lecture estim\u00e9e\" \/>\n\t<meta name=\"twitter:data1\" content=\"1 minute\" \/>\n<script type=\"application\/ld+json\" class=\"yoast-schema-graph\">{\"@context\":\"https:\\\/\\\/schema.org\",\"@graph\":[{\"@type\":\"WebPage\",\"@id\":\"https:\\\/\\\/vanlentsystems.be\\\/fr\\\/webshop\\\/malvoyants\\\/lecteur-daisy\\\/i-speak-2\\\/\",\"url\":\"https:\\\/\\\/vanlentsystems.be\\\/fr\\\/webshop\\\/malvoyants\\\/lecteur-daisy\\\/i-speak-2\\\/\",\"name\":\"i-Speak - Van Lent Systems Belgium\",\"isPartOf\":{\"@id\":\"https:\\\/\\\/vanlentsystems.be\\\/fr\\\/#website\"},\"primaryImageOfPage\":{\"@id\":\"https:\\\/\\\/vanlentsystems.be\\\/fr\\\/webshop\\\/malvoyants\\\/lecteur-daisy\\\/i-speak-2\\\/#primaryimage\"},\"image\":{\"@id\":\"https:\\\/\\\/vanlentsystems.be\\\/fr\\\/webshop\\\/malvoyants\\\/lecteur-daisy\\\/i-speak-2\\\/#primaryimage\"},\"thumbnailUrl\":\"https:\\\/\\\/vanlentsystems.be\\\/wp-content\\\/uploads\\\/2020\\\/01\\\/1RGG7606.png\",\"datePublished\":\"2020-06-29T08:37:41+00:00\",\"breadcrumb\":{\"@id\":\"https:\\\/\\\/vanlentsystems.be\\\/fr\\\/webshop\\\/malvoyants\\\/lecteur-daisy\\\/i-speak-2\\\/#breadcrumb\"},\"inLanguage\":\"fr-FR\",\"potentialAction\":[{\"@type\":\"ReadAction\",\"target\":[\"https:\\\/\\\/vanlentsystems.be\\\/fr\\\/webshop\\\/malvoyants\\\/lecteur-daisy\\\/i-speak-2\\\/\"]}]},{\"@type\":\"ImageObject\",\"inLanguage\":\"fr-FR\",\"@id\":\"https:\\\/\\\/vanlentsystems.be\\\/fr\\\/webshop\\\/malvoyants\\\/lecteur-daisy\\\/i-speak-2\\\/#primaryimage\",\"url\":\"https:\\\/\\\/vanlentsystems.be\\\/wp-content\\\/uploads\\\/2020\\\/01\\\/1RGG7606.png\",\"contentUrl\":\"https:\\\/\\\/vanlentsystems.be\\\/wp-content\\\/uploads\\\/2020\\\/01\\\/1RGG7606.png\",\"width\":3888,\"height\":2592},{\"@type\":\"BreadcrumbList\",\"@id\":\"https:\\\/\\\/vanlentsystems.be\\\/fr\\\/webshop\\\/malvoyants\\\/lecteur-daisy\\\/i-speak-2\\\/#breadcrumb\",\"itemListElement\":[{\"@type\":\"ListItem\",\"position\":1,\"name\":\"Home\",\"item\":\"https:\\\/\\\/vanlentsystems.be\\\/fr\\\/\"},{\"@type\":\"ListItem\",\"position\":2,\"name\":\"Boutique en ligne\",\"item\":\"https:\\\/\\\/vanlentsystems.be\\\/fr\\\/boutique-en-ligne\\\/\"},{\"@type\":\"ListItem\",\"position\":3,\"name\":\"i-Speak\"}]},{\"@type\":\"WebSite\",\"@id\":\"https:\\\/\\\/vanlentsystems.be\\\/fr\\\/#website\",\"url\":\"https:\\\/\\\/vanlentsystems.be\\\/fr\\\/\",\"name\":\"Van Lent Systems Belgium\",\"description\":\"\",\"potentialAction\":[{\"@type\":\"SearchAction\",\"target\":{\"@type\":\"EntryPoint\",\"urlTemplate\":\"https:\\\/\\\/vanlentsystems.be\\\/fr\\\/?s={search_term_string}\"},\"query-input\":{\"@type\":\"PropertyValueSpecification\",\"valueRequired\":true,\"valueName\":\"search_term_string\"}}],\"inLanguage\":\"fr-FR\"}]}<\/script>\n<!-- \/ Yoast SEO plugin. -->","yoast_head_json":{"title":"i-Speak - Van Lent Systems Belgium","robots":{"index":"index","follow":"follow","max-snippet":"max-snippet:-1","max-image-preview":"max-image-preview:large","max-video-preview":"max-video-preview:-1"},"canonical":"https:\/\/vanlentsystems.be\/fr\/webshop\/malvoyants\/lecteur-daisy\/i-speak-2\/","og_locale":"fr_FR","og_type":"article","og_title":"i-Speak - Van Lent Systems Belgium","og_description":"L'i-Speak est un lecteur Daisy aux commandes tr\u00e8s conviviales. L'appareil a \u00e9t\u00e9 con\u00e7u dans un souci de simplicit\u00e9 et de facilit\u00e9 d'utilisation. Les livres Daisy et les livres audio peuvent \u00eatre lus \u00e0 haute voix, l'utilisateur pouvant facilement d\u00e9terminer la vitesse de lecture, la hauteur et le volume.","og_url":"https:\/\/vanlentsystems.be\/fr\/webshop\/malvoyants\/lecteur-daisy\/i-speak-2\/","og_site_name":"Van Lent Systems Belgium","og_image":[{"width":1024,"height":683,"url":"https:\/\/vanlentsystems.be\/wp-content\/uploads\/2020\/01\/1RGG7606-1024x683.png","type":"image\/png"}],"twitter_card":"summary_large_image","twitter_misc":{"Dur\u00e9e de lecture estim\u00e9e":"1 minute"},"schema":{"@context":"https:\/\/schema.org","@graph":[{"@type":"WebPage","@id":"https:\/\/vanlentsystems.be\/fr\/webshop\/malvoyants\/lecteur-daisy\/i-speak-2\/","url":"https:\/\/vanlentsystems.be\/fr\/webshop\/malvoyants\/lecteur-daisy\/i-speak-2\/","name":"i-Speak - Van Lent Systems Belgium","isPartOf":{"@id":"https:\/\/vanlentsystems.be\/fr\/#website"},"primaryImageOfPage":{"@id":"https:\/\/vanlentsystems.be\/fr\/webshop\/malvoyants\/lecteur-daisy\/i-speak-2\/#primaryimage"},"image":{"@id":"https:\/\/vanlentsystems.be\/fr\/webshop\/malvoyants\/lecteur-daisy\/i-speak-2\/#primaryimage"},"thumbnailUrl":"https:\/\/vanlentsystems.be\/wp-content\/uploads\/2020\/01\/1RGG7606.png","datePublished":"2020-06-29T08:37:41+00:00","breadcrumb":{"@id":"https:\/\/vanlentsystems.be\/fr\/webshop\/malvoyants\/lecteur-daisy\/i-speak-2\/#breadcrumb"},"inLanguage":"fr-FR","potentialAction":[{"@type":"ReadAction","target":["https:\/\/vanlentsystems.be\/fr\/webshop\/malvoyants\/lecteur-daisy\/i-speak-2\/"]}]},{"@type":"ImageObject","inLanguage":"fr-FR","@id":"https:\/\/vanlentsystems.be\/fr\/webshop\/malvoyants\/lecteur-daisy\/i-speak-2\/#primaryimage","url":"https:\/\/vanlentsystems.be\/wp-content\/uploads\/2020\/01\/1RGG7606.png","contentUrl":"https:\/\/vanlentsystems.be\/wp-content\/uploads\/2020\/01\/1RGG7606.png","width":3888,"height":2592},{"@type":"BreadcrumbList","@id":"https:\/\/vanlentsystems.be\/fr\/webshop\/malvoyants\/lecteur-daisy\/i-speak-2\/#breadcrumb","itemListElement":[{"@type":"ListItem","position":1,"name":"Home","item":"https:\/\/vanlentsystems.be\/fr\/"},{"@type":"ListItem","position":2,"name":"Boutique en ligne","item":"https:\/\/vanlentsystems.be\/fr\/boutique-en-ligne\/"},{"@type":"ListItem","position":3,"name":"i-Speak"}]},{"@type":"WebSite","@id":"https:\/\/vanlentsystems.be\/fr\/#website","url":"https:\/\/vanlentsystems.be\/fr\/","name":"Van Lent Systems Belgium","description":"","potentialAction":[{"@type":"SearchAction","target":{"@type":"EntryPoint","urlTemplate":"https:\/\/vanlentsystems.be\/fr\/?s={search_term_string}"},"query-input":{"@type":"PropertyValueSpecification","valueRequired":true,"valueName":"search_term_string"}}],"inLanguage":"fr-FR"}]}},"_links":{"self":[{"href":"https:\/\/vanlentsystems.be\/fr\/wp-json\/wp\/v2\/product\/4727","targetHints":{"allow":["GET"]}}],"collection":[{"href":"https:\/\/vanlentsystems.be\/fr\/wp-json\/wp\/v2\/product"}],"about":[{"href":"https:\/\/vanlentsystems.be\/fr\/wp-json\/wp\/v2\/types\/product"}],"wp:featuredmedia":[{"embeddable":true,"href":"https:\/\/vanlentsystems.be\/fr\/wp-json\/wp\/v2\/media\/4139"}],"wp:attachment":[{"href":"https:\/\/vanlentsystems.be\/fr\/wp-json\/wp\/v2\/media?parent=4727"}],"wp:term":[{"taxonomy":"product_brand","embeddable":true,"href":"https:\/\/vanlentsystems.be\/fr\/wp-json\/wp\/v2\/product_brand?post=4727"},{"taxonomy":"product_cat","embeddable":true,"href":"https:\/\/vanlentsystems.be\/fr\/wp-json\/wp\/v2\/product_cat?post=4727"},{"taxonomy":"product_tag","embeddable":true,"href":"https:\/\/vanlentsystems.be\/fr\/wp-json\/wp\/v2\/product_tag?post=4727"}],"curies":[{"name":"wp","href":"https:\/\/api.w.org\/{rel}","templated":true}]}}