{"id":4696,"date":"2019-05-02T11:59:54","date_gmt":"2020-06-25T11:38:53","guid":{"rendered":"https:\/\/vanlentsystems.be\/webshop\/non class\u00e9\/i-see-speech\/"},"modified":"2020-06-25T13:38:53","modified_gmt":"2020-06-25T11:38:53","slug":"i-see-speech-2","status":"publish","type":"product","link":"https:\/\/vanlentsystems.be\/fr\/webshop\/malvoyants\/loupe-ecran-electronique\/i-see-speech-2\/","title":{"rendered":"i-See Speech"},"content":{"rendered":"<p>Le i-See Speech, un \u00e9l\u00e9ment manquant dans notre gamme de loupes-\u00e9cran \u00e9lectroniques. Nous proposons d\u00e9sormais la variante vocale de l&#8217;i-See Touch r\u00e9cemment introduite. Nous avons repris le fonctionnement convivial de l&#8217;i-See Touch et l&#8217;avons int\u00e9gr\u00e9 au plein \u00e9cran en combinaison avec la fonction de lecture \u00e0 haute voix.<\/p>\n<p>Gr\u00e2ce \u00e0 sa cam\u00e9ra Full HD et \u00e0 sa dalle Full HD con\u00e7ue dans notre entreprise, l&#8217;i-See Speech offre une qualit\u00e9 d&#8217;image d&#8217;une nettet\u00e9 exceptionnelle, tant en mode photo qu&#8217;en mode haut contraste. Au grossissement minimum de 2\u00d7, l&#8217;i-See Speech fournit le r\u00e9sultat souhait\u00e9 permettant d&#8217;obtenir l&#8217;efficacit\u00e9 maximale lors de l&#8217;aper\u00e7u pleine page d&#8217;un A4. Si vous avez surtout besoin de contraste, nous allons un peu plus loin en proposant un grossissement de seulement 1\u00d7.<\/p>\n<p>Vous souffrez \u00e9galement de fatigue lors de la lecture ? Par une simple pression sur le bouton, vous passez de la fonction de lecture \u00e0 la fonction vocale. D\u00e8s lors, vous disposez de toutes sortes de fonctions et de commodit\u00e9s pour choisir la partie du texte que vous souhaitez \u00eatre lue \u00e0 haute voix.<\/p>\n","protected":false},"excerpt":{"rendered":"<p>Le i-See Speech, un \u00e9l\u00e9ment manquant dans notre gamme de loupes-\u00e9cran \u00e9lectroniques. Nous proposons d\u00e9sormais la variante vocale de l&#8217;i-See Touch r\u00e9cemment introduite. Nous avons repris le fonctionnement convivial de l&#8217;i-See Touch et l&#8217;avons int\u00e9gr\u00e9 au plein \u00e9cran en combinaison avec la fonction de lecture \u00e0 haute voix.<\/p>\n","protected":false},"featured_media":4697,"template":"","meta":{"inline_featured_image":false},"product_brand":[],"product_cat":[588,566],"product_tag":[],"class_list":{"0":"post-4696","1":"product","2":"type-product","3":"status-publish","4":"has-post-thumbnail","6":"product_cat-loupe-ecran-electronique","7":"product_cat-malvoyants","8":"product_shipping_class-colis-postnl","9":"pa_aantal-hoogcontrast-standen-10-fr","10":"pa_afstandsbediening-oui-commande-a-distance-sans-fil","11":"pa_auto-focus-blokkering-oui","12":"pa_bediening-commande-tactile-et-boutons","13":"pa_externe-hdmi-input-oui","14":"pa_foto-opslag-oui","15":"pa_fotostanden-couleurs-normales-ou-haute-saturation-monochrome","16":"pa_freezefunctie-oui","17":"pa_helderheid-haut","18":"pa_leeshulp-ligne-de-lecture-et-couverture-de-limage-horizontale-ou-verticale","19":"pa_resolutie-1920-x-1080-fr","20":"pa_schermgrootte-546-cm-22","21":"pa_stroomtoevoer-adaptateur-secteur-fourni-entree-100-a-240-v-50-60-hz-sortie-12-v-5-a","22":"pa_usb-aansluiting-oui","23":"pa_vergroting-23-a-65x","25":"first","26":"instock","27":"taxable","28":"shipping-taxable","29":"purchasable","30":"product-type-simple"},"yoast_head":"<!-- This site is optimized with the Yoast SEO plugin v27.4 - https:\/\/yoast.com\/product\/yoast-seo-wordpress\/ -->\n<title>i-See Speech - Van Lent Systems Belgium<\/title>\n<meta name=\"robots\" content=\"index, follow, max-snippet:-1, max-image-preview:large, max-video-preview:-1\" \/>\n<link rel=\"canonical\" href=\"https:\/\/vanlentsystems.be\/fr\/webshop\/malvoyants\/loupe-ecran-electronique\/i-see-speech-2\/\" \/>\n<meta property=\"og:locale\" content=\"fr_FR\" \/>\n<meta property=\"og:type\" content=\"article\" \/>\n<meta property=\"og:title\" content=\"i-See Speech - Van Lent Systems Belgium\" \/>\n<meta property=\"og:description\" content=\"Le i-See Speech, un \u00e9l\u00e9ment manquant dans notre gamme de loupes-\u00e9cran \u00e9lectroniques. Nous proposons d\u00e9sormais la variante vocale de l&#039;i-See Touch r\u00e9cemment introduite. Nous avons repris le fonctionnement convivial de l&#039;i-See Touch et l&#039;avons int\u00e9gr\u00e9 au plein \u00e9cran en combinaison avec la fonction de lecture \u00e0 haute voix.\" \/>\n<meta property=\"og:url\" content=\"https:\/\/vanlentsystems.be\/fr\/webshop\/malvoyants\/loupe-ecran-electronique\/i-see-speech-2\/\" \/>\n<meta property=\"og:site_name\" content=\"Van Lent Systems Belgium\" \/>\n<meta property=\"og:image\" content=\"https:\/\/vanlentsystems.be\/wp-content\/uploads\/2019\/03\/ISEE-SPEECH_hoek_naar_rechts-1.png\" \/>\n\t<meta property=\"og:image:width\" content=\"2048\" \/>\n\t<meta property=\"og:image:height\" content=\"1365\" \/>\n\t<meta property=\"og:image:type\" content=\"image\/png\" \/>\n<meta name=\"twitter:card\" content=\"summary_large_image\" \/>\n<meta name=\"twitter:label1\" content=\"Dur\u00e9e de lecture estim\u00e9e\" \/>\n\t<meta name=\"twitter:data1\" content=\"1 minute\" \/>\n<script type=\"application\/ld+json\" class=\"yoast-schema-graph\">{\"@context\":\"https:\\\/\\\/schema.org\",\"@graph\":[{\"@type\":\"WebPage\",\"@id\":\"https:\\\/\\\/vanlentsystems.be\\\/fr\\\/webshop\\\/malvoyants\\\/loupe-ecran-electronique\\\/i-see-speech-2\\\/\",\"url\":\"https:\\\/\\\/vanlentsystems.be\\\/fr\\\/webshop\\\/malvoyants\\\/loupe-ecran-electronique\\\/i-see-speech-2\\\/\",\"name\":\"i-See Speech - Van Lent Systems Belgium\",\"isPartOf\":{\"@id\":\"https:\\\/\\\/vanlentsystems.be\\\/fr\\\/#website\"},\"primaryImageOfPage\":{\"@id\":\"https:\\\/\\\/vanlentsystems.be\\\/fr\\\/webshop\\\/malvoyants\\\/loupe-ecran-electronique\\\/i-see-speech-2\\\/#primaryimage\"},\"image\":{\"@id\":\"https:\\\/\\\/vanlentsystems.be\\\/fr\\\/webshop\\\/malvoyants\\\/loupe-ecran-electronique\\\/i-see-speech-2\\\/#primaryimage\"},\"thumbnailUrl\":\"https:\\\/\\\/vanlentsystems.be\\\/wp-content\\\/uploads\\\/2019\\\/03\\\/ISEE-SPEECH_hoek_naar_rechts-1.png\",\"datePublished\":\"2020-06-25T11:38:53+00:00\",\"breadcrumb\":{\"@id\":\"https:\\\/\\\/vanlentsystems.be\\\/fr\\\/webshop\\\/malvoyants\\\/loupe-ecran-electronique\\\/i-see-speech-2\\\/#breadcrumb\"},\"inLanguage\":\"fr-FR\",\"potentialAction\":[{\"@type\":\"ReadAction\",\"target\":[\"https:\\\/\\\/vanlentsystems.be\\\/fr\\\/webshop\\\/malvoyants\\\/loupe-ecran-electronique\\\/i-see-speech-2\\\/\"]}]},{\"@type\":\"ImageObject\",\"inLanguage\":\"fr-FR\",\"@id\":\"https:\\\/\\\/vanlentsystems.be\\\/fr\\\/webshop\\\/malvoyants\\\/loupe-ecran-electronique\\\/i-see-speech-2\\\/#primaryimage\",\"url\":\"https:\\\/\\\/vanlentsystems.be\\\/wp-content\\\/uploads\\\/2019\\\/03\\\/ISEE-SPEECH_hoek_naar_rechts-1.png\",\"contentUrl\":\"https:\\\/\\\/vanlentsystems.be\\\/wp-content\\\/uploads\\\/2019\\\/03\\\/ISEE-SPEECH_hoek_naar_rechts-1.png\",\"width\":2048,\"height\":1365},{\"@type\":\"BreadcrumbList\",\"@id\":\"https:\\\/\\\/vanlentsystems.be\\\/fr\\\/webshop\\\/malvoyants\\\/loupe-ecran-electronique\\\/i-see-speech-2\\\/#breadcrumb\",\"itemListElement\":[{\"@type\":\"ListItem\",\"position\":1,\"name\":\"Home\",\"item\":\"https:\\\/\\\/vanlentsystems.be\\\/fr\\\/\"},{\"@type\":\"ListItem\",\"position\":2,\"name\":\"Boutique en ligne\",\"item\":\"https:\\\/\\\/vanlentsystems.be\\\/fr\\\/boutique-en-ligne\\\/\"},{\"@type\":\"ListItem\",\"position\":3,\"name\":\"i-See Speech\"}]},{\"@type\":\"WebSite\",\"@id\":\"https:\\\/\\\/vanlentsystems.be\\\/fr\\\/#website\",\"url\":\"https:\\\/\\\/vanlentsystems.be\\\/fr\\\/\",\"name\":\"Van Lent Systems Belgium\",\"description\":\"\",\"potentialAction\":[{\"@type\":\"SearchAction\",\"target\":{\"@type\":\"EntryPoint\",\"urlTemplate\":\"https:\\\/\\\/vanlentsystems.be\\\/fr\\\/?s={search_term_string}\"},\"query-input\":{\"@type\":\"PropertyValueSpecification\",\"valueRequired\":true,\"valueName\":\"search_term_string\"}}],\"inLanguage\":\"fr-FR\"}]}<\/script>\n<!-- \/ Yoast SEO plugin. -->","yoast_head_json":{"title":"i-See Speech - Van Lent Systems Belgium","robots":{"index":"index","follow":"follow","max-snippet":"max-snippet:-1","max-image-preview":"max-image-preview:large","max-video-preview":"max-video-preview:-1"},"canonical":"https:\/\/vanlentsystems.be\/fr\/webshop\/malvoyants\/loupe-ecran-electronique\/i-see-speech-2\/","og_locale":"fr_FR","og_type":"article","og_title":"i-See Speech - Van Lent Systems Belgium","og_description":"Le i-See Speech, un \u00e9l\u00e9ment manquant dans notre gamme de loupes-\u00e9cran \u00e9lectroniques. Nous proposons d\u00e9sormais la variante vocale de l'i-See Touch r\u00e9cemment introduite. Nous avons repris le fonctionnement convivial de l'i-See Touch et l'avons int\u00e9gr\u00e9 au plein \u00e9cran en combinaison avec la fonction de lecture \u00e0 haute voix.","og_url":"https:\/\/vanlentsystems.be\/fr\/webshop\/malvoyants\/loupe-ecran-electronique\/i-see-speech-2\/","og_site_name":"Van Lent Systems Belgium","og_image":[{"width":2048,"height":1365,"url":"https:\/\/vanlentsystems.be\/wp-content\/uploads\/2019\/03\/ISEE-SPEECH_hoek_naar_rechts-1.png","type":"image\/png"}],"twitter_card":"summary_large_image","twitter_misc":{"Dur\u00e9e de lecture estim\u00e9e":"1 minute"},"schema":{"@context":"https:\/\/schema.org","@graph":[{"@type":"WebPage","@id":"https:\/\/vanlentsystems.be\/fr\/webshop\/malvoyants\/loupe-ecran-electronique\/i-see-speech-2\/","url":"https:\/\/vanlentsystems.be\/fr\/webshop\/malvoyants\/loupe-ecran-electronique\/i-see-speech-2\/","name":"i-See Speech - Van Lent Systems Belgium","isPartOf":{"@id":"https:\/\/vanlentsystems.be\/fr\/#website"},"primaryImageOfPage":{"@id":"https:\/\/vanlentsystems.be\/fr\/webshop\/malvoyants\/loupe-ecran-electronique\/i-see-speech-2\/#primaryimage"},"image":{"@id":"https:\/\/vanlentsystems.be\/fr\/webshop\/malvoyants\/loupe-ecran-electronique\/i-see-speech-2\/#primaryimage"},"thumbnailUrl":"https:\/\/vanlentsystems.be\/wp-content\/uploads\/2019\/03\/ISEE-SPEECH_hoek_naar_rechts-1.png","datePublished":"2020-06-25T11:38:53+00:00","breadcrumb":{"@id":"https:\/\/vanlentsystems.be\/fr\/webshop\/malvoyants\/loupe-ecran-electronique\/i-see-speech-2\/#breadcrumb"},"inLanguage":"fr-FR","potentialAction":[{"@type":"ReadAction","target":["https:\/\/vanlentsystems.be\/fr\/webshop\/malvoyants\/loupe-ecran-electronique\/i-see-speech-2\/"]}]},{"@type":"ImageObject","inLanguage":"fr-FR","@id":"https:\/\/vanlentsystems.be\/fr\/webshop\/malvoyants\/loupe-ecran-electronique\/i-see-speech-2\/#primaryimage","url":"https:\/\/vanlentsystems.be\/wp-content\/uploads\/2019\/03\/ISEE-SPEECH_hoek_naar_rechts-1.png","contentUrl":"https:\/\/vanlentsystems.be\/wp-content\/uploads\/2019\/03\/ISEE-SPEECH_hoek_naar_rechts-1.png","width":2048,"height":1365},{"@type":"BreadcrumbList","@id":"https:\/\/vanlentsystems.be\/fr\/webshop\/malvoyants\/loupe-ecran-electronique\/i-see-speech-2\/#breadcrumb","itemListElement":[{"@type":"ListItem","position":1,"name":"Home","item":"https:\/\/vanlentsystems.be\/fr\/"},{"@type":"ListItem","position":2,"name":"Boutique en ligne","item":"https:\/\/vanlentsystems.be\/fr\/boutique-en-ligne\/"},{"@type":"ListItem","position":3,"name":"i-See Speech"}]},{"@type":"WebSite","@id":"https:\/\/vanlentsystems.be\/fr\/#website","url":"https:\/\/vanlentsystems.be\/fr\/","name":"Van Lent Systems Belgium","description":"","potentialAction":[{"@type":"SearchAction","target":{"@type":"EntryPoint","urlTemplate":"https:\/\/vanlentsystems.be\/fr\/?s={search_term_string}"},"query-input":{"@type":"PropertyValueSpecification","valueRequired":true,"valueName":"search_term_string"}}],"inLanguage":"fr-FR"}]}},"_links":{"self":[{"href":"https:\/\/vanlentsystems.be\/fr\/wp-json\/wp\/v2\/product\/4696","targetHints":{"allow":["GET"]}}],"collection":[{"href":"https:\/\/vanlentsystems.be\/fr\/wp-json\/wp\/v2\/product"}],"about":[{"href":"https:\/\/vanlentsystems.be\/fr\/wp-json\/wp\/v2\/types\/product"}],"wp:featuredmedia":[{"embeddable":true,"href":"https:\/\/vanlentsystems.be\/fr\/wp-json\/wp\/v2\/media\/4697"}],"wp:attachment":[{"href":"https:\/\/vanlentsystems.be\/fr\/wp-json\/wp\/v2\/media?parent=4696"}],"wp:term":[{"taxonomy":"product_brand","embeddable":true,"href":"https:\/\/vanlentsystems.be\/fr\/wp-json\/wp\/v2\/product_brand?post=4696"},{"taxonomy":"product_cat","embeddable":true,"href":"https:\/\/vanlentsystems.be\/fr\/wp-json\/wp\/v2\/product_cat?post=4696"},{"taxonomy":"product_tag","embeddable":true,"href":"https:\/\/vanlentsystems.be\/fr\/wp-json\/wp\/v2\/product_tag?post=4696"}],"curies":[{"name":"wp","href":"https:\/\/api.w.org\/{rel}","templated":true}]}}