{"id":4692,"date":"2019-05-02T11:59:54","date_gmt":"2020-06-25T11:38:51","guid":{"rendered":"https:\/\/vanlentsystems.be\/webshop\/non class\u00e9\/i-see-touch\/"},"modified":"2020-06-25T13:38:51","modified_gmt":"2020-06-25T11:38:51","slug":"i-see-touch-2","status":"publish","type":"product","link":"https:\/\/vanlentsystems.be\/fr\/webshop\/malvoyants\/loupe-ecran-electronique\/i-see-touch-2\/","title":{"rendered":"i-See Touch"},"content":{"rendered":"<p>Avec l&#8217;i-See Touch, Van Lent Systems Belgium annonce une nouvelle \u00e9volution pour les loupes-\u00e9cran \u00e9lectroniques. Nous avons conserv\u00e9 les fonctionnalit\u00e9s habituelles de l&#8217;i-See, mais celles-ci peuvent d\u00e9sormais \u00eatre command\u00e9es par des &#8220;boutons&#8221; tactiles conviviaux situ\u00e9s au bas de la dalle Full HD.<\/p>\n<p>La cam\u00e9ra Full HD combin\u00e9e \u00e0 l&#8217;\u00e9cran Full HD fournit une image tr\u00e8s nette et stable, m\u00eame dans les plus faibles grossissements. Cela permet d&#8217;afficher un document A4 en pleine largeur. Si vous avez seulement besoin de contraste, l&#8217;appareil vous permet m\u00eame un agrandissement de 1\u00d7.<\/p>\n<p>Nous proposons \u00e9galement en option un contr\u00f4le dans la tablette au moyen d&#8217;une commande \u00e0 distance sans fil. Elle est tr\u00e8s facile \u00e0 placer dans la tablette et ne poss\u00e8de que 2 boutons et une molette pour le grossissement.<\/p>\n","protected":false},"excerpt":{"rendered":"<p>Avec l&#8217;i-See Touch, Van Lent Systems Belgium annonce une nouvelle \u00e9volution pour les loupes-\u00e9cran \u00e9lectroniques. Nous avons conserv\u00e9 les fonctionnalit\u00e9s habituelles de l&#8217;i-See, mais celles-ci peuvent d\u00e9sormais \u00eatre command\u00e9es par des &#8220;boutons&#8221; tactiles conviviaux situ\u00e9s au bas de la dalle Full HD.<\/p>\n","protected":false},"featured_media":4693,"template":"","meta":{"inline_featured_image":false},"product_brand":[],"product_cat":[588,566],"product_tag":[],"class_list":{"0":"post-4692","1":"product","2":"type-product","3":"status-publish","4":"has-post-thumbnail","6":"product_cat-loupe-ecran-electronique","7":"product_cat-malvoyants","8":"product_shipping_class-colis-postnl","9":"pa_aantal-hoogcontrast-standen-10-fr","10":"pa_afstandsbediening-oui-telecommande-sans-fil-disponible-separement","11":"pa_auto-focus-blokkering-oui","12":"pa_bediening-boutons-et-tactiles","13":"pa_externe-hdmi-input-en-option","14":"pa_foto-opslag-non","15":"pa_fotostanden-couleurs-normales-ou-haute-saturation-monochrome","16":"pa_freezefunctie-oui","17":"pa_helderheid-haut","18":"pa_leeshulp-ligne-de-lecture-et-couverture-de-limage-horizontale-ou-verticale","19":"pa_resolutie-1920-x-1080-fr","20":"pa_schermgrootte-546-cm-22","21":"pa_stroomtoevoer-adaptateur-secteur-fourni-entree-100-a-240-v-50-60-hz-sortie-12-v-5-a","22":"pa_usb-aansluiting-non","23":"pa_vergroting-23-a-65x","25":"first","26":"instock","27":"taxable","28":"shipping-taxable","29":"purchasable","30":"product-type-simple"},"yoast_head":"<!-- This site is optimized with the Yoast SEO plugin v27.4 - https:\/\/yoast.com\/product\/yoast-seo-wordpress\/ -->\n<title>i-See Touch - Van Lent Systems Belgium<\/title>\n<meta name=\"robots\" content=\"index, follow, max-snippet:-1, max-image-preview:large, max-video-preview:-1\" \/>\n<link rel=\"canonical\" href=\"https:\/\/vanlentsystems.be\/fr\/webshop\/malvoyants\/loupe-ecran-electronique\/i-see-touch-2\/\" \/>\n<meta property=\"og:locale\" content=\"fr_FR\" \/>\n<meta property=\"og:type\" content=\"article\" \/>\n<meta property=\"og:title\" content=\"i-See Touch - Van Lent Systems Belgium\" \/>\n<meta property=\"og:description\" content=\"Avec l&#039;i-See Touch, Van Lent Systems Belgium annonce une nouvelle \u00e9volution pour les loupes-\u00e9cran \u00e9lectroniques. Nous avons conserv\u00e9 les fonctionnalit\u00e9s habituelles de l&#039;i-See, mais celles-ci peuvent d\u00e9sormais \u00eatre command\u00e9es par des &quot;boutons&quot; tactiles conviviaux situ\u00e9s au bas de la dalle Full HD.\" \/>\n<meta property=\"og:url\" content=\"https:\/\/vanlentsystems.be\/fr\/webshop\/malvoyants\/loupe-ecran-electronique\/i-see-touch-2\/\" \/>\n<meta property=\"og:site_name\" content=\"Van Lent Systems Belgium\" \/>\n<meta property=\"og:image\" content=\"https:\/\/vanlentsystems.be\/wp-content\/uploads\/2019\/03\/ISEE-TOUCH_hoek_naar_rechts-1.png\" \/>\n\t<meta property=\"og:image:width\" content=\"2048\" \/>\n\t<meta property=\"og:image:height\" content=\"1365\" \/>\n\t<meta property=\"og:image:type\" content=\"image\/png\" \/>\n<meta name=\"twitter:card\" content=\"summary_large_image\" \/>\n<meta name=\"twitter:label1\" content=\"Dur\u00e9e de lecture estim\u00e9e\" \/>\n\t<meta name=\"twitter:data1\" content=\"1 minute\" \/>\n<script type=\"application\/ld+json\" class=\"yoast-schema-graph\">{\"@context\":\"https:\\\/\\\/schema.org\",\"@graph\":[{\"@type\":\"WebPage\",\"@id\":\"https:\\\/\\\/vanlentsystems.be\\\/fr\\\/webshop\\\/malvoyants\\\/loupe-ecran-electronique\\\/i-see-touch-2\\\/\",\"url\":\"https:\\\/\\\/vanlentsystems.be\\\/fr\\\/webshop\\\/malvoyants\\\/loupe-ecran-electronique\\\/i-see-touch-2\\\/\",\"name\":\"i-See Touch - Van Lent Systems Belgium\",\"isPartOf\":{\"@id\":\"https:\\\/\\\/vanlentsystems.be\\\/fr\\\/#website\"},\"primaryImageOfPage\":{\"@id\":\"https:\\\/\\\/vanlentsystems.be\\\/fr\\\/webshop\\\/malvoyants\\\/loupe-ecran-electronique\\\/i-see-touch-2\\\/#primaryimage\"},\"image\":{\"@id\":\"https:\\\/\\\/vanlentsystems.be\\\/fr\\\/webshop\\\/malvoyants\\\/loupe-ecran-electronique\\\/i-see-touch-2\\\/#primaryimage\"},\"thumbnailUrl\":\"https:\\\/\\\/vanlentsystems.be\\\/wp-content\\\/uploads\\\/2019\\\/03\\\/ISEE-TOUCH_hoek_naar_rechts-1.png\",\"datePublished\":\"2020-06-25T11:38:51+00:00\",\"breadcrumb\":{\"@id\":\"https:\\\/\\\/vanlentsystems.be\\\/fr\\\/webshop\\\/malvoyants\\\/loupe-ecran-electronique\\\/i-see-touch-2\\\/#breadcrumb\"},\"inLanguage\":\"fr-FR\",\"potentialAction\":[{\"@type\":\"ReadAction\",\"target\":[\"https:\\\/\\\/vanlentsystems.be\\\/fr\\\/webshop\\\/malvoyants\\\/loupe-ecran-electronique\\\/i-see-touch-2\\\/\"]}]},{\"@type\":\"ImageObject\",\"inLanguage\":\"fr-FR\",\"@id\":\"https:\\\/\\\/vanlentsystems.be\\\/fr\\\/webshop\\\/malvoyants\\\/loupe-ecran-electronique\\\/i-see-touch-2\\\/#primaryimage\",\"url\":\"https:\\\/\\\/vanlentsystems.be\\\/wp-content\\\/uploads\\\/2019\\\/03\\\/ISEE-TOUCH_hoek_naar_rechts-1.png\",\"contentUrl\":\"https:\\\/\\\/vanlentsystems.be\\\/wp-content\\\/uploads\\\/2019\\\/03\\\/ISEE-TOUCH_hoek_naar_rechts-1.png\",\"width\":2048,\"height\":1365},{\"@type\":\"BreadcrumbList\",\"@id\":\"https:\\\/\\\/vanlentsystems.be\\\/fr\\\/webshop\\\/malvoyants\\\/loupe-ecran-electronique\\\/i-see-touch-2\\\/#breadcrumb\",\"itemListElement\":[{\"@type\":\"ListItem\",\"position\":1,\"name\":\"Home\",\"item\":\"https:\\\/\\\/vanlentsystems.be\\\/fr\\\/\"},{\"@type\":\"ListItem\",\"position\":2,\"name\":\"Boutique en ligne\",\"item\":\"https:\\\/\\\/vanlentsystems.be\\\/fr\\\/boutique-en-ligne\\\/\"},{\"@type\":\"ListItem\",\"position\":3,\"name\":\"i-See Touch\"}]},{\"@type\":\"WebSite\",\"@id\":\"https:\\\/\\\/vanlentsystems.be\\\/fr\\\/#website\",\"url\":\"https:\\\/\\\/vanlentsystems.be\\\/fr\\\/\",\"name\":\"Van Lent Systems Belgium\",\"description\":\"\",\"potentialAction\":[{\"@type\":\"SearchAction\",\"target\":{\"@type\":\"EntryPoint\",\"urlTemplate\":\"https:\\\/\\\/vanlentsystems.be\\\/fr\\\/?s={search_term_string}\"},\"query-input\":{\"@type\":\"PropertyValueSpecification\",\"valueRequired\":true,\"valueName\":\"search_term_string\"}}],\"inLanguage\":\"fr-FR\"}]}<\/script>\n<!-- \/ Yoast SEO plugin. -->","yoast_head_json":{"title":"i-See Touch - Van Lent Systems Belgium","robots":{"index":"index","follow":"follow","max-snippet":"max-snippet:-1","max-image-preview":"max-image-preview:large","max-video-preview":"max-video-preview:-1"},"canonical":"https:\/\/vanlentsystems.be\/fr\/webshop\/malvoyants\/loupe-ecran-electronique\/i-see-touch-2\/","og_locale":"fr_FR","og_type":"article","og_title":"i-See Touch - Van Lent Systems Belgium","og_description":"Avec l'i-See Touch, Van Lent Systems Belgium annonce une nouvelle \u00e9volution pour les loupes-\u00e9cran \u00e9lectroniques. Nous avons conserv\u00e9 les fonctionnalit\u00e9s habituelles de l'i-See, mais celles-ci peuvent d\u00e9sormais \u00eatre command\u00e9es par des \"boutons\" tactiles conviviaux situ\u00e9s au bas de la dalle Full HD.","og_url":"https:\/\/vanlentsystems.be\/fr\/webshop\/malvoyants\/loupe-ecran-electronique\/i-see-touch-2\/","og_site_name":"Van Lent Systems Belgium","og_image":[{"width":2048,"height":1365,"url":"https:\/\/vanlentsystems.be\/wp-content\/uploads\/2019\/03\/ISEE-TOUCH_hoek_naar_rechts-1.png","type":"image\/png"}],"twitter_card":"summary_large_image","twitter_misc":{"Dur\u00e9e de lecture estim\u00e9e":"1 minute"},"schema":{"@context":"https:\/\/schema.org","@graph":[{"@type":"WebPage","@id":"https:\/\/vanlentsystems.be\/fr\/webshop\/malvoyants\/loupe-ecran-electronique\/i-see-touch-2\/","url":"https:\/\/vanlentsystems.be\/fr\/webshop\/malvoyants\/loupe-ecran-electronique\/i-see-touch-2\/","name":"i-See Touch - Van Lent Systems Belgium","isPartOf":{"@id":"https:\/\/vanlentsystems.be\/fr\/#website"},"primaryImageOfPage":{"@id":"https:\/\/vanlentsystems.be\/fr\/webshop\/malvoyants\/loupe-ecran-electronique\/i-see-touch-2\/#primaryimage"},"image":{"@id":"https:\/\/vanlentsystems.be\/fr\/webshop\/malvoyants\/loupe-ecran-electronique\/i-see-touch-2\/#primaryimage"},"thumbnailUrl":"https:\/\/vanlentsystems.be\/wp-content\/uploads\/2019\/03\/ISEE-TOUCH_hoek_naar_rechts-1.png","datePublished":"2020-06-25T11:38:51+00:00","breadcrumb":{"@id":"https:\/\/vanlentsystems.be\/fr\/webshop\/malvoyants\/loupe-ecran-electronique\/i-see-touch-2\/#breadcrumb"},"inLanguage":"fr-FR","potentialAction":[{"@type":"ReadAction","target":["https:\/\/vanlentsystems.be\/fr\/webshop\/malvoyants\/loupe-ecran-electronique\/i-see-touch-2\/"]}]},{"@type":"ImageObject","inLanguage":"fr-FR","@id":"https:\/\/vanlentsystems.be\/fr\/webshop\/malvoyants\/loupe-ecran-electronique\/i-see-touch-2\/#primaryimage","url":"https:\/\/vanlentsystems.be\/wp-content\/uploads\/2019\/03\/ISEE-TOUCH_hoek_naar_rechts-1.png","contentUrl":"https:\/\/vanlentsystems.be\/wp-content\/uploads\/2019\/03\/ISEE-TOUCH_hoek_naar_rechts-1.png","width":2048,"height":1365},{"@type":"BreadcrumbList","@id":"https:\/\/vanlentsystems.be\/fr\/webshop\/malvoyants\/loupe-ecran-electronique\/i-see-touch-2\/#breadcrumb","itemListElement":[{"@type":"ListItem","position":1,"name":"Home","item":"https:\/\/vanlentsystems.be\/fr\/"},{"@type":"ListItem","position":2,"name":"Boutique en ligne","item":"https:\/\/vanlentsystems.be\/fr\/boutique-en-ligne\/"},{"@type":"ListItem","position":3,"name":"i-See Touch"}]},{"@type":"WebSite","@id":"https:\/\/vanlentsystems.be\/fr\/#website","url":"https:\/\/vanlentsystems.be\/fr\/","name":"Van Lent Systems Belgium","description":"","potentialAction":[{"@type":"SearchAction","target":{"@type":"EntryPoint","urlTemplate":"https:\/\/vanlentsystems.be\/fr\/?s={search_term_string}"},"query-input":{"@type":"PropertyValueSpecification","valueRequired":true,"valueName":"search_term_string"}}],"inLanguage":"fr-FR"}]}},"_links":{"self":[{"href":"https:\/\/vanlentsystems.be\/fr\/wp-json\/wp\/v2\/product\/4692","targetHints":{"allow":["GET"]}}],"collection":[{"href":"https:\/\/vanlentsystems.be\/fr\/wp-json\/wp\/v2\/product"}],"about":[{"href":"https:\/\/vanlentsystems.be\/fr\/wp-json\/wp\/v2\/types\/product"}],"wp:featuredmedia":[{"embeddable":true,"href":"https:\/\/vanlentsystems.be\/fr\/wp-json\/wp\/v2\/media\/4693"}],"wp:attachment":[{"href":"https:\/\/vanlentsystems.be\/fr\/wp-json\/wp\/v2\/media?parent=4692"}],"wp:term":[{"taxonomy":"product_brand","embeddable":true,"href":"https:\/\/vanlentsystems.be\/fr\/wp-json\/wp\/v2\/product_brand?post=4692"},{"taxonomy":"product_cat","embeddable":true,"href":"https:\/\/vanlentsystems.be\/fr\/wp-json\/wp\/v2\/product_cat?post=4692"},{"taxonomy":"product_tag","embeddable":true,"href":"https:\/\/vanlentsystems.be\/fr\/wp-json\/wp\/v2\/product_tag?post=4692"}],"curies":[{"name":"wp","href":"https:\/\/api.w.org\/{rel}","templated":true}]}}