{"id":4689,"date":"2019-05-02T13:23:14","date_gmt":"2020-06-25T11:38:49","guid":{"rendered":"https:\/\/vanlentsystems.be\/webshop\/non%20class\u00e9\/looky-5\/"},"modified":"2020-06-30T08:41:05","modified_gmt":"2020-06-30T06:41:05","slug":"looky-5","status":"publish","type":"product","link":"https:\/\/vanlentsystems.be\/fr\/webshop\/malvoyants\/loupe-electronique-de-poche\/looky-5\/","title":{"rendered":"Looky 5"},"content":{"rendered":"<p>La Looky 5 est la nouvelle extension de la c\u00e9l\u00e8bre loupe \u00e9lectronique de poche, la Looky. Cette premi\u00e8re Looky \u00e9tait la premi\u00e8re loupe \u00e9lectronique de poche avec une cam\u00e9ra plac\u00e9e au centre et une poign\u00e9e rabattable. La nouvelle Looky 5. La Looky 5 est la derni\u00e8re n\u00e9e de la c\u00e9l\u00e8bre famille de loupes \u00e9lectroniques de poche Looky. La nouvelle Looky 5 a \u00e9videmment les fonctions bien connues de la Looky originale, mais \u00e0 cela s&#8217;ajoute une image exceptionnellement nette, claire et vive. Cet \u00e9cran HD de 5 pouces (12,7 cm) peut \u00eatre contr\u00f4l\u00e9 par des commandes tactiles claires et intuitives.<\/p>\n<p>La Looky 5 est la loupe \u00e9lectronique de poche la plus \u00e9volu\u00e9e et la plus facile \u00e0 utiliser sur le march\u00e9. Elle dispose en effet de 10 modes de contraste \u00e9lev\u00e9, de 2 modes photo et peut \u00e9galement \u00eatre utilis\u00e9e pour visualiser des objets \u00e9loign\u00e9s.<\/p>\n<p>Nous avons non seulement ajout\u00e9 cette nouvelle possibilit\u00e9 de contr\u00f4le \u00e0 la Looky 5, mais nous avons \u00e9galement modifi\u00e9 sa batterie. Dans ce mod\u00e8le, la batterie rechargeable Lithium-ion est \u00e0 pr\u00e9sent int\u00e9gr\u00e9e dans la poign\u00e9e. Lorsque la batterie est d\u00e9charg\u00e9e, il suffit tout simplement de la remplacer par une nouvelle poign\u00e9e (compl\u00e8tement charg\u00e9e). Cela donne \u00e0 la Looky 5 une autonomie prolong\u00e9e, tr\u00e8s appr\u00e9ciable en d\u00e9placement.<\/p>\n<p>La Looky 5 est \u00e9quip\u00e9e de lignes de lecture magn\u00e9tiques (magnetic lines). Ce syst\u00e8me facilite consid\u00e9rablement la lecture des passages de texte. Un aimant est int\u00e9gr\u00e9 dans la poign\u00e9e de la Looky 5, ensuite on place une feuille nervur\u00e9e sp\u00e9ciale sous la feuille \u00e0 lire. Cette feuille contient des particules de m\u00e9tal qui attirent l&#8217;aimant de la poign\u00e9e. En alignant les nervures de la feuille avec les lignes de texte, vous pouvez facilement faire glisser la Looky 5 le long des lignes magn\u00e9tiques et donc du texte.<\/p>\n","protected":false},"excerpt":{"rendered":"<p>La Looky 5 est la nouvelle extension de la c\u00e9l\u00e8bre loupe \u00e9lectronique de poche, la Looky. Cette premi\u00e8re Looky \u00e9tait la premi\u00e8re loupe \u00e9lectronique de poche avec une cam\u00e9ra plac\u00e9e au centre et une poign\u00e9e rabattable. La nouvelle Looky 5. La Looky 5 est la derni\u00e8re n\u00e9e de la c\u00e9l\u00e8bre famille de loupes \u00e9lectroniques de&#8230;<\/p>\n","protected":false},"featured_media":4690,"template":"","meta":{"inline_featured_image":false},"product_brand":[],"product_cat":[582,566],"product_tag":[],"class_list":{"0":"post-4689","1":"product","2":"type-product","3":"status-publish","4":"has-post-thumbnail","6":"product_cat-loupe-electronique-de-poche","7":"product_cat-malvoyants","8":"product_shipping_class-colis-postnl","9":"pa_aantal-hoogcontrast-standen-10-fr","10":"pa_batterij-type-batterie-rechargeable-lithium-ion-dans-une-poignee-de-conception-propre-facile-a-remplacer","11":"pa_bediening-tactile","12":"pa_foto-opslag-20-images","13":"pa_fotostanden-oui","14":"pa_freezefunctie-oui","15":"pa_gebruiktijd-3-heures","16":"pa_hoogcontrast-standen-blanc-sur-noir-noir-sur-blanc-jaune-sur-noir-noir-sur-jaune-jaune-sur-bleu-bleu-sur-jaune-vert-sur-noir-noir-sur-vert-rouge-sur-noir-noir-sur-rouge","17":"pa_laadtijd-5-heures","18":"pa_leeshulp-ligne-de-lecture-horizontale-ou-verticale","19":"pa_magnetisch-lijnen-oui","20":"pa_pc-aansluiting-oui","21":"pa_schermgrootte-127-cm-5","22":"pa_schrijfstand-oui","23":"pa_stroomtoevoer-adaptateur-secteur-fourni-entree-100-a-240-v-50-60-hz-sortie-5-v-18-a","24":"pa_touch-bediening-oui","25":"pa_tv-aansluiting-oui-sd-et-hd","26":"pa_vergroting-2-a-20-x","27":"pa_verwisselbaar-oui-tres-facilement","29":"first","30":"instock","31":"taxable","32":"shipping-taxable","33":"purchasable","34":"product-type-simple"},"yoast_head":"<!-- This site is optimized with the Yoast SEO plugin v27.5 - https:\/\/yoast.com\/product\/yoast-seo-wordpress\/ -->\n<title>Looky 5 - Van Lent Systems Belgium<\/title>\n<meta name=\"robots\" content=\"index, follow, max-snippet:-1, max-image-preview:large, max-video-preview:-1\" \/>\n<link rel=\"canonical\" href=\"https:\/\/vanlentsystems.be\/fr\/webshop\/malvoyants\/loupe-electronique-de-poche\/looky-5\/\" \/>\n<meta property=\"og:locale\" content=\"fr_FR\" \/>\n<meta property=\"og:type\" content=\"article\" \/>\n<meta property=\"og:title\" content=\"Looky 5 - Van Lent Systems Belgium\" \/>\n<meta property=\"og:description\" content=\"La Looky 5 est la nouvelle extension de la c\u00e9l\u00e8bre loupe \u00e9lectronique de poche, la Looky. Cette premi\u00e8re Looky \u00e9tait la premi\u00e8re loupe \u00e9lectronique de poche avec une cam\u00e9ra plac\u00e9e au centre et une poign\u00e9e rabattable. La nouvelle Looky 5. La Looky 5 est la derni\u00e8re n\u00e9e de la c\u00e9l\u00e8bre famille de loupes \u00e9lectroniques de...\" \/>\n<meta property=\"og:url\" content=\"https:\/\/vanlentsystems.be\/fr\/webshop\/malvoyants\/loupe-electronique-de-poche\/looky-5\/\" \/>\n<meta property=\"og:site_name\" content=\"Van Lent Systems Belgium\" \/>\n<meta property=\"article:modified_time\" content=\"2020-06-30T06:41:05+00:00\" \/>\n<meta property=\"og:image\" content=\"https:\/\/vanlentsystems.be\/wp-content\/uploads\/2019\/03\/LOOKY5_hoek_naar_rechts-1.png\" \/>\n\t<meta property=\"og:image:width\" content=\"2048\" \/>\n\t<meta property=\"og:image:height\" content=\"1365\" \/>\n\t<meta property=\"og:image:type\" content=\"image\/png\" \/>\n<meta name=\"twitter:card\" content=\"summary_large_image\" \/>\n<meta name=\"twitter:label1\" content=\"Dur\u00e9e de lecture estim\u00e9e\" \/>\n\t<meta name=\"twitter:data1\" content=\"2 minutes\" \/>\n<script type=\"application\/ld+json\" class=\"yoast-schema-graph\">{\"@context\":\"https:\\\/\\\/schema.org\",\"@graph\":[{\"@type\":\"WebPage\",\"@id\":\"https:\\\/\\\/vanlentsystems.be\\\/fr\\\/webshop\\\/malvoyants\\\/loupe-electronique-de-poche\\\/looky-5\\\/\",\"url\":\"https:\\\/\\\/vanlentsystems.be\\\/fr\\\/webshop\\\/malvoyants\\\/loupe-electronique-de-poche\\\/looky-5\\\/\",\"name\":\"Looky 5 - Van Lent Systems Belgium\",\"isPartOf\":{\"@id\":\"https:\\\/\\\/vanlentsystems.be\\\/fr\\\/#website\"},\"primaryImageOfPage\":{\"@id\":\"https:\\\/\\\/vanlentsystems.be\\\/fr\\\/webshop\\\/malvoyants\\\/loupe-electronique-de-poche\\\/looky-5\\\/#primaryimage\"},\"image\":{\"@id\":\"https:\\\/\\\/vanlentsystems.be\\\/fr\\\/webshop\\\/malvoyants\\\/loupe-electronique-de-poche\\\/looky-5\\\/#primaryimage\"},\"thumbnailUrl\":\"https:\\\/\\\/vanlentsystems.be\\\/wp-content\\\/uploads\\\/2019\\\/03\\\/LOOKY5_hoek_naar_rechts-1.png\",\"datePublished\":\"2020-06-25T11:38:49+00:00\",\"dateModified\":\"2020-06-30T06:41:05+00:00\",\"breadcrumb\":{\"@id\":\"https:\\\/\\\/vanlentsystems.be\\\/fr\\\/webshop\\\/malvoyants\\\/loupe-electronique-de-poche\\\/looky-5\\\/#breadcrumb\"},\"inLanguage\":\"fr-FR\",\"potentialAction\":[{\"@type\":\"ReadAction\",\"target\":[\"https:\\\/\\\/vanlentsystems.be\\\/fr\\\/webshop\\\/malvoyants\\\/loupe-electronique-de-poche\\\/looky-5\\\/\"]}]},{\"@type\":\"ImageObject\",\"inLanguage\":\"fr-FR\",\"@id\":\"https:\\\/\\\/vanlentsystems.be\\\/fr\\\/webshop\\\/malvoyants\\\/loupe-electronique-de-poche\\\/looky-5\\\/#primaryimage\",\"url\":\"https:\\\/\\\/vanlentsystems.be\\\/wp-content\\\/uploads\\\/2019\\\/03\\\/LOOKY5_hoek_naar_rechts-1.png\",\"contentUrl\":\"https:\\\/\\\/vanlentsystems.be\\\/wp-content\\\/uploads\\\/2019\\\/03\\\/LOOKY5_hoek_naar_rechts-1.png\",\"width\":2048,\"height\":1365},{\"@type\":\"BreadcrumbList\",\"@id\":\"https:\\\/\\\/vanlentsystems.be\\\/fr\\\/webshop\\\/malvoyants\\\/loupe-electronique-de-poche\\\/looky-5\\\/#breadcrumb\",\"itemListElement\":[{\"@type\":\"ListItem\",\"position\":1,\"name\":\"Home\",\"item\":\"https:\\\/\\\/vanlentsystems.be\\\/fr\\\/\"},{\"@type\":\"ListItem\",\"position\":2,\"name\":\"Boutique en ligne\",\"item\":\"https:\\\/\\\/vanlentsystems.be\\\/fr\\\/boutique-en-ligne\\\/\"},{\"@type\":\"ListItem\",\"position\":3,\"name\":\"Looky 5\"}]},{\"@type\":\"WebSite\",\"@id\":\"https:\\\/\\\/vanlentsystems.be\\\/fr\\\/#website\",\"url\":\"https:\\\/\\\/vanlentsystems.be\\\/fr\\\/\",\"name\":\"Van Lent Systems Belgium\",\"description\":\"\",\"potentialAction\":[{\"@type\":\"SearchAction\",\"target\":{\"@type\":\"EntryPoint\",\"urlTemplate\":\"https:\\\/\\\/vanlentsystems.be\\\/fr\\\/?s={search_term_string}\"},\"query-input\":{\"@type\":\"PropertyValueSpecification\",\"valueRequired\":true,\"valueName\":\"search_term_string\"}}],\"inLanguage\":\"fr-FR\"}]}<\/script>\n<!-- \/ Yoast SEO plugin. -->","yoast_head_json":{"title":"Looky 5 - Van Lent Systems Belgium","robots":{"index":"index","follow":"follow","max-snippet":"max-snippet:-1","max-image-preview":"max-image-preview:large","max-video-preview":"max-video-preview:-1"},"canonical":"https:\/\/vanlentsystems.be\/fr\/webshop\/malvoyants\/loupe-electronique-de-poche\/looky-5\/","og_locale":"fr_FR","og_type":"article","og_title":"Looky 5 - Van Lent Systems Belgium","og_description":"La Looky 5 est la nouvelle extension de la c\u00e9l\u00e8bre loupe \u00e9lectronique de poche, la Looky. Cette premi\u00e8re Looky \u00e9tait la premi\u00e8re loupe \u00e9lectronique de poche avec une cam\u00e9ra plac\u00e9e au centre et une poign\u00e9e rabattable. La nouvelle Looky 5. La Looky 5 est la derni\u00e8re n\u00e9e de la c\u00e9l\u00e8bre famille de loupes \u00e9lectroniques de...","og_url":"https:\/\/vanlentsystems.be\/fr\/webshop\/malvoyants\/loupe-electronique-de-poche\/looky-5\/","og_site_name":"Van Lent Systems Belgium","article_modified_time":"2020-06-30T06:41:05+00:00","og_image":[{"width":2048,"height":1365,"url":"https:\/\/vanlentsystems.be\/wp-content\/uploads\/2019\/03\/LOOKY5_hoek_naar_rechts-1.png","type":"image\/png"}],"twitter_card":"summary_large_image","twitter_misc":{"Dur\u00e9e de lecture estim\u00e9e":"2 minutes"},"schema":{"@context":"https:\/\/schema.org","@graph":[{"@type":"WebPage","@id":"https:\/\/vanlentsystems.be\/fr\/webshop\/malvoyants\/loupe-electronique-de-poche\/looky-5\/","url":"https:\/\/vanlentsystems.be\/fr\/webshop\/malvoyants\/loupe-electronique-de-poche\/looky-5\/","name":"Looky 5 - Van Lent Systems Belgium","isPartOf":{"@id":"https:\/\/vanlentsystems.be\/fr\/#website"},"primaryImageOfPage":{"@id":"https:\/\/vanlentsystems.be\/fr\/webshop\/malvoyants\/loupe-electronique-de-poche\/looky-5\/#primaryimage"},"image":{"@id":"https:\/\/vanlentsystems.be\/fr\/webshop\/malvoyants\/loupe-electronique-de-poche\/looky-5\/#primaryimage"},"thumbnailUrl":"https:\/\/vanlentsystems.be\/wp-content\/uploads\/2019\/03\/LOOKY5_hoek_naar_rechts-1.png","datePublished":"2020-06-25T11:38:49+00:00","dateModified":"2020-06-30T06:41:05+00:00","breadcrumb":{"@id":"https:\/\/vanlentsystems.be\/fr\/webshop\/malvoyants\/loupe-electronique-de-poche\/looky-5\/#breadcrumb"},"inLanguage":"fr-FR","potentialAction":[{"@type":"ReadAction","target":["https:\/\/vanlentsystems.be\/fr\/webshop\/malvoyants\/loupe-electronique-de-poche\/looky-5\/"]}]},{"@type":"ImageObject","inLanguage":"fr-FR","@id":"https:\/\/vanlentsystems.be\/fr\/webshop\/malvoyants\/loupe-electronique-de-poche\/looky-5\/#primaryimage","url":"https:\/\/vanlentsystems.be\/wp-content\/uploads\/2019\/03\/LOOKY5_hoek_naar_rechts-1.png","contentUrl":"https:\/\/vanlentsystems.be\/wp-content\/uploads\/2019\/03\/LOOKY5_hoek_naar_rechts-1.png","width":2048,"height":1365},{"@type":"BreadcrumbList","@id":"https:\/\/vanlentsystems.be\/fr\/webshop\/malvoyants\/loupe-electronique-de-poche\/looky-5\/#breadcrumb","itemListElement":[{"@type":"ListItem","position":1,"name":"Home","item":"https:\/\/vanlentsystems.be\/fr\/"},{"@type":"ListItem","position":2,"name":"Boutique en ligne","item":"https:\/\/vanlentsystems.be\/fr\/boutique-en-ligne\/"},{"@type":"ListItem","position":3,"name":"Looky 5"}]},{"@type":"WebSite","@id":"https:\/\/vanlentsystems.be\/fr\/#website","url":"https:\/\/vanlentsystems.be\/fr\/","name":"Van Lent Systems Belgium","description":"","potentialAction":[{"@type":"SearchAction","target":{"@type":"EntryPoint","urlTemplate":"https:\/\/vanlentsystems.be\/fr\/?s={search_term_string}"},"query-input":{"@type":"PropertyValueSpecification","valueRequired":true,"valueName":"search_term_string"}}],"inLanguage":"fr-FR"}]}},"_links":{"self":[{"href":"https:\/\/vanlentsystems.be\/fr\/wp-json\/wp\/v2\/product\/4689","targetHints":{"allow":["GET"]}}],"collection":[{"href":"https:\/\/vanlentsystems.be\/fr\/wp-json\/wp\/v2\/product"}],"about":[{"href":"https:\/\/vanlentsystems.be\/fr\/wp-json\/wp\/v2\/types\/product"}],"wp:featuredmedia":[{"embeddable":true,"href":"https:\/\/vanlentsystems.be\/fr\/wp-json\/wp\/v2\/media\/4690"}],"wp:attachment":[{"href":"https:\/\/vanlentsystems.be\/fr\/wp-json\/wp\/v2\/media?parent=4689"}],"wp:term":[{"taxonomy":"product_brand","embeddable":true,"href":"https:\/\/vanlentsystems.be\/fr\/wp-json\/wp\/v2\/product_brand?post=4689"},{"taxonomy":"product_cat","embeddable":true,"href":"https:\/\/vanlentsystems.be\/fr\/wp-json\/wp\/v2\/product_cat?post=4689"},{"taxonomy":"product_tag","embeddable":true,"href":"https:\/\/vanlentsystems.be\/fr\/wp-json\/wp\/v2\/product_tag?post=4689"}],"curies":[{"name":"wp","href":"https:\/\/api.w.org\/{rel}","templated":true}]}}