{"id":4682,"date":"2019-05-02T13:23:14","date_gmt":"2020-06-25T11:38:45","guid":{"rendered":"https:\/\/vanlentsystems.be\/webshop\/non class\u00e9\/looky-4\/"},"modified":"2020-06-25T13:38:45","modified_gmt":"2020-06-25T11:38:45","slug":"looky-4-2","status":"publish","type":"product","link":"https:\/\/vanlentsystems.be\/fr\/webshop\/malvoyants\/loupe-electronique-de-poche\/looky-4-2\/","title":{"rendered":"Looky 4"},"content":{"rendered":"<p>Nous avons le plaisir de vous pr\u00e9senter notre dernier n\u00e9 dans la famille Looky : la Looky 4. Notre Looky 4 int\u00e8gre les fonctions de base bien connues de la Looky originale auxquelles s&#8217;ajoutent les derni\u00e8res technologies.<\/p>\n<p>Lors du d\u00e9veloppement de la Looky 4, nous avons conserv\u00e9 le concept original d&#8217;une cam\u00e9ra plac\u00e9e au centre. La poign\u00e9e est \u00e9galement ergonomique pour un confort d&#8217;utilisation optimal.<\/p>\n<p>L&#8217;un des aspects r\u00e9solument modernes de la Looky 4 est son interface tactile sp\u00e9ciale. Cette commande est intuitive et facile \u00e0 utiliser. L&#8217;\u00e9cran tactile de 4,3 pouces a \u00e9t\u00e9 sp\u00e9cialement s\u00e9lectionn\u00e9 pour son rendu des couleurs et sa luminosit\u00e9.<\/p>\n<p>En raison de sa compacit\u00e9 et de ses possibilit\u00e9s, la Looky 4 est l&#8217;outil id\u00e9al \u00e0 emporter avec vous en d\u00e9placement. D\u00e9sormais, vous pourrez rapidement et ais\u00e9ment v\u00e9rifier les \u00e9tiquettes de prix dans les magasins ou consulter la notice de vos m\u00e9dicaments.<\/p>\n","protected":false},"excerpt":{"rendered":"<p>Nous avons le plaisir de vous pr\u00e9senter notre dernier n\u00e9 dans la famille Looky : la Looky 4. Notre Looky 4 int\u00e8gre les fonctions de base bien connues de la Looky originale auxquelles s&#8217;ajoutent les derni\u00e8res technologies. Lors du d\u00e9veloppement de la Looky 4, nous avons conserv\u00e9 le concept original d&#8217;une cam\u00e9ra plac\u00e9e au centre&#8230;.<\/p>\n","protected":false},"featured_media":4683,"template":"","meta":{"inline_featured_image":false},"product_brand":[],"product_cat":[582,566],"product_tag":[],"class_list":{"0":"post-4682","1":"product","2":"type-product","3":"status-publish","4":"has-post-thumbnail","6":"product_cat-loupe-electronique-de-poche","7":"product_cat-malvoyants","8":"product_shipping_class-colis-postnl","9":"pa_aantal-hoogcontrast-standen-10-fr","10":"pa_batterij-type-batterie-lithium-ion-rechargeable","11":"pa_bediening-tactile","12":"pa_foto-opslag-non","13":"pa_fotostanden-oui","14":"pa_freezefunctie-oui","15":"pa_gebruiktijd-25-heures","16":"pa_hoogcontrast-standen-blanc-sur-noir-noir-sur-blanc-jaune-sur-noir-noir-sur-jaune-jaune-sur-bleu-bleu-sur-jaune-vert-sur-noir-noir-sur-vert-rouge-sur-noir-noir-sur-rouge","17":"pa_laadtijd-4-heures","18":"pa_leeshulp-ligne-de-lecture-horizontale-ou-verticale","19":"pa_magnetisch-lijnen-non","20":"pa_pc-aansluiting-non","21":"pa_schermgrootte-11-cm-43","22":"pa_schrijfstand-oui","23":"pa_stroomtoevoer-adaptateur-secteur-et-cable-usbmicrousb-inclus-entree-100-a-240-v-50-60-hz-sortie-5-v-21-a","24":"pa_touch-bediening-oui","25":"pa_tv-aansluiting-non","26":"pa_vergroting-2-a-20-x","27":"pa_verwisselbaar-oui","29":"first","30":"instock","31":"taxable","32":"shipping-taxable","33":"product-type-simple"},"yoast_head":"<!-- This site is optimized with the Yoast SEO plugin v27.4 - https:\/\/yoast.com\/product\/yoast-seo-wordpress\/ -->\n<title>Looky 4 - Van Lent Systems Belgium<\/title>\n<meta name=\"robots\" content=\"index, follow, max-snippet:-1, max-image-preview:large, max-video-preview:-1\" \/>\n<link rel=\"canonical\" href=\"https:\/\/vanlentsystems.be\/fr\/webshop\/malvoyants\/loupe-electronique-de-poche\/looky-4-2\/\" \/>\n<meta property=\"og:locale\" content=\"fr_FR\" \/>\n<meta property=\"og:type\" content=\"article\" \/>\n<meta property=\"og:title\" content=\"Looky 4 - Van Lent Systems Belgium\" \/>\n<meta property=\"og:description\" content=\"Nous avons le plaisir de vous pr\u00e9senter notre dernier n\u00e9 dans la famille Looky : la Looky 4. Notre Looky 4 int\u00e8gre les fonctions de base bien connues de la Looky originale auxquelles s&#8217;ajoutent les derni\u00e8res technologies. Lors du d\u00e9veloppement de la Looky 4, nous avons conserv\u00e9 le concept original d&#8217;une cam\u00e9ra plac\u00e9e au centre....\" \/>\n<meta property=\"og:url\" content=\"https:\/\/vanlentsystems.be\/fr\/webshop\/malvoyants\/loupe-electronique-de-poche\/looky-4-2\/\" \/>\n<meta property=\"og:site_name\" content=\"Van Lent Systems Belgium\" \/>\n<meta property=\"og:image\" content=\"https:\/\/vanlentsystems.be\/wp-content\/uploads\/2019\/03\/LOOKY4_hoek_naar_rechts-3.png\" \/>\n\t<meta property=\"og:image:width\" content=\"2048\" \/>\n\t<meta property=\"og:image:height\" content=\"1365\" \/>\n\t<meta property=\"og:image:type\" content=\"image\/png\" \/>\n<meta name=\"twitter:card\" content=\"summary_large_image\" \/>\n<meta name=\"twitter:label1\" content=\"Dur\u00e9e de lecture estim\u00e9e\" \/>\n\t<meta name=\"twitter:data1\" content=\"1 minute\" \/>\n<script type=\"application\/ld+json\" class=\"yoast-schema-graph\">{\"@context\":\"https:\\\/\\\/schema.org\",\"@graph\":[{\"@type\":\"WebPage\",\"@id\":\"https:\\\/\\\/vanlentsystems.be\\\/fr\\\/webshop\\\/malvoyants\\\/loupe-electronique-de-poche\\\/looky-4-2\\\/\",\"url\":\"https:\\\/\\\/vanlentsystems.be\\\/fr\\\/webshop\\\/malvoyants\\\/loupe-electronique-de-poche\\\/looky-4-2\\\/\",\"name\":\"Looky 4 - Van Lent Systems Belgium\",\"isPartOf\":{\"@id\":\"https:\\\/\\\/vanlentsystems.be\\\/fr\\\/#website\"},\"primaryImageOfPage\":{\"@id\":\"https:\\\/\\\/vanlentsystems.be\\\/fr\\\/webshop\\\/malvoyants\\\/loupe-electronique-de-poche\\\/looky-4-2\\\/#primaryimage\"},\"image\":{\"@id\":\"https:\\\/\\\/vanlentsystems.be\\\/fr\\\/webshop\\\/malvoyants\\\/loupe-electronique-de-poche\\\/looky-4-2\\\/#primaryimage\"},\"thumbnailUrl\":\"https:\\\/\\\/vanlentsystems.be\\\/wp-content\\\/uploads\\\/2019\\\/03\\\/LOOKY4_hoek_naar_rechts-3.png\",\"datePublished\":\"2020-06-25T11:38:45+00:00\",\"breadcrumb\":{\"@id\":\"https:\\\/\\\/vanlentsystems.be\\\/fr\\\/webshop\\\/malvoyants\\\/loupe-electronique-de-poche\\\/looky-4-2\\\/#breadcrumb\"},\"inLanguage\":\"fr-FR\",\"potentialAction\":[{\"@type\":\"ReadAction\",\"target\":[\"https:\\\/\\\/vanlentsystems.be\\\/fr\\\/webshop\\\/malvoyants\\\/loupe-electronique-de-poche\\\/looky-4-2\\\/\"]}]},{\"@type\":\"ImageObject\",\"inLanguage\":\"fr-FR\",\"@id\":\"https:\\\/\\\/vanlentsystems.be\\\/fr\\\/webshop\\\/malvoyants\\\/loupe-electronique-de-poche\\\/looky-4-2\\\/#primaryimage\",\"url\":\"https:\\\/\\\/vanlentsystems.be\\\/wp-content\\\/uploads\\\/2019\\\/03\\\/LOOKY4_hoek_naar_rechts-3.png\",\"contentUrl\":\"https:\\\/\\\/vanlentsystems.be\\\/wp-content\\\/uploads\\\/2019\\\/03\\\/LOOKY4_hoek_naar_rechts-3.png\",\"width\":2048,\"height\":1365},{\"@type\":\"BreadcrumbList\",\"@id\":\"https:\\\/\\\/vanlentsystems.be\\\/fr\\\/webshop\\\/malvoyants\\\/loupe-electronique-de-poche\\\/looky-4-2\\\/#breadcrumb\",\"itemListElement\":[{\"@type\":\"ListItem\",\"position\":1,\"name\":\"Home\",\"item\":\"https:\\\/\\\/vanlentsystems.be\\\/fr\\\/\"},{\"@type\":\"ListItem\",\"position\":2,\"name\":\"Boutique en ligne\",\"item\":\"https:\\\/\\\/vanlentsystems.be\\\/fr\\\/boutique-en-ligne\\\/\"},{\"@type\":\"ListItem\",\"position\":3,\"name\":\"Looky 4\"}]},{\"@type\":\"WebSite\",\"@id\":\"https:\\\/\\\/vanlentsystems.be\\\/fr\\\/#website\",\"url\":\"https:\\\/\\\/vanlentsystems.be\\\/fr\\\/\",\"name\":\"Van Lent Systems Belgium\",\"description\":\"\",\"potentialAction\":[{\"@type\":\"SearchAction\",\"target\":{\"@type\":\"EntryPoint\",\"urlTemplate\":\"https:\\\/\\\/vanlentsystems.be\\\/fr\\\/?s={search_term_string}\"},\"query-input\":{\"@type\":\"PropertyValueSpecification\",\"valueRequired\":true,\"valueName\":\"search_term_string\"}}],\"inLanguage\":\"fr-FR\"}]}<\/script>\n<!-- \/ Yoast SEO plugin. -->","yoast_head_json":{"title":"Looky 4 - Van Lent Systems Belgium","robots":{"index":"index","follow":"follow","max-snippet":"max-snippet:-1","max-image-preview":"max-image-preview:large","max-video-preview":"max-video-preview:-1"},"canonical":"https:\/\/vanlentsystems.be\/fr\/webshop\/malvoyants\/loupe-electronique-de-poche\/looky-4-2\/","og_locale":"fr_FR","og_type":"article","og_title":"Looky 4 - Van Lent Systems Belgium","og_description":"Nous avons le plaisir de vous pr\u00e9senter notre dernier n\u00e9 dans la famille Looky : la Looky 4. Notre Looky 4 int\u00e8gre les fonctions de base bien connues de la Looky originale auxquelles s&#8217;ajoutent les derni\u00e8res technologies. Lors du d\u00e9veloppement de la Looky 4, nous avons conserv\u00e9 le concept original d&#8217;une cam\u00e9ra plac\u00e9e au centre....","og_url":"https:\/\/vanlentsystems.be\/fr\/webshop\/malvoyants\/loupe-electronique-de-poche\/looky-4-2\/","og_site_name":"Van Lent Systems Belgium","og_image":[{"width":2048,"height":1365,"url":"https:\/\/vanlentsystems.be\/wp-content\/uploads\/2019\/03\/LOOKY4_hoek_naar_rechts-3.png","type":"image\/png"}],"twitter_card":"summary_large_image","twitter_misc":{"Dur\u00e9e de lecture estim\u00e9e":"1 minute"},"schema":{"@context":"https:\/\/schema.org","@graph":[{"@type":"WebPage","@id":"https:\/\/vanlentsystems.be\/fr\/webshop\/malvoyants\/loupe-electronique-de-poche\/looky-4-2\/","url":"https:\/\/vanlentsystems.be\/fr\/webshop\/malvoyants\/loupe-electronique-de-poche\/looky-4-2\/","name":"Looky 4 - Van Lent Systems Belgium","isPartOf":{"@id":"https:\/\/vanlentsystems.be\/fr\/#website"},"primaryImageOfPage":{"@id":"https:\/\/vanlentsystems.be\/fr\/webshop\/malvoyants\/loupe-electronique-de-poche\/looky-4-2\/#primaryimage"},"image":{"@id":"https:\/\/vanlentsystems.be\/fr\/webshop\/malvoyants\/loupe-electronique-de-poche\/looky-4-2\/#primaryimage"},"thumbnailUrl":"https:\/\/vanlentsystems.be\/wp-content\/uploads\/2019\/03\/LOOKY4_hoek_naar_rechts-3.png","datePublished":"2020-06-25T11:38:45+00:00","breadcrumb":{"@id":"https:\/\/vanlentsystems.be\/fr\/webshop\/malvoyants\/loupe-electronique-de-poche\/looky-4-2\/#breadcrumb"},"inLanguage":"fr-FR","potentialAction":[{"@type":"ReadAction","target":["https:\/\/vanlentsystems.be\/fr\/webshop\/malvoyants\/loupe-electronique-de-poche\/looky-4-2\/"]}]},{"@type":"ImageObject","inLanguage":"fr-FR","@id":"https:\/\/vanlentsystems.be\/fr\/webshop\/malvoyants\/loupe-electronique-de-poche\/looky-4-2\/#primaryimage","url":"https:\/\/vanlentsystems.be\/wp-content\/uploads\/2019\/03\/LOOKY4_hoek_naar_rechts-3.png","contentUrl":"https:\/\/vanlentsystems.be\/wp-content\/uploads\/2019\/03\/LOOKY4_hoek_naar_rechts-3.png","width":2048,"height":1365},{"@type":"BreadcrumbList","@id":"https:\/\/vanlentsystems.be\/fr\/webshop\/malvoyants\/loupe-electronique-de-poche\/looky-4-2\/#breadcrumb","itemListElement":[{"@type":"ListItem","position":1,"name":"Home","item":"https:\/\/vanlentsystems.be\/fr\/"},{"@type":"ListItem","position":2,"name":"Boutique en ligne","item":"https:\/\/vanlentsystems.be\/fr\/boutique-en-ligne\/"},{"@type":"ListItem","position":3,"name":"Looky 4"}]},{"@type":"WebSite","@id":"https:\/\/vanlentsystems.be\/fr\/#website","url":"https:\/\/vanlentsystems.be\/fr\/","name":"Van Lent Systems Belgium","description":"","potentialAction":[{"@type":"SearchAction","target":{"@type":"EntryPoint","urlTemplate":"https:\/\/vanlentsystems.be\/fr\/?s={search_term_string}"},"query-input":{"@type":"PropertyValueSpecification","valueRequired":true,"valueName":"search_term_string"}}],"inLanguage":"fr-FR"}]}},"_links":{"self":[{"href":"https:\/\/vanlentsystems.be\/fr\/wp-json\/wp\/v2\/product\/4682","targetHints":{"allow":["GET"]}}],"collection":[{"href":"https:\/\/vanlentsystems.be\/fr\/wp-json\/wp\/v2\/product"}],"about":[{"href":"https:\/\/vanlentsystems.be\/fr\/wp-json\/wp\/v2\/types\/product"}],"wp:featuredmedia":[{"embeddable":true,"href":"https:\/\/vanlentsystems.be\/fr\/wp-json\/wp\/v2\/media\/4683"}],"wp:attachment":[{"href":"https:\/\/vanlentsystems.be\/fr\/wp-json\/wp\/v2\/media?parent=4682"}],"wp:term":[{"taxonomy":"product_brand","embeddable":true,"href":"https:\/\/vanlentsystems.be\/fr\/wp-json\/wp\/v2\/product_brand?post=4682"},{"taxonomy":"product_cat","embeddable":true,"href":"https:\/\/vanlentsystems.be\/fr\/wp-json\/wp\/v2\/product_cat?post=4682"},{"taxonomy":"product_tag","embeddable":true,"href":"https:\/\/vanlentsystems.be\/fr\/wp-json\/wp\/v2\/product_tag?post=4682"}],"curies":[{"name":"wp","href":"https:\/\/api.w.org\/{rel}","templated":true}]}}