{"id":4667,"date":"2019-05-02T11:59:54","date_gmt":"2020-06-25T07:25:46","guid":{"rendered":"https:\/\/vanlentsystems.be\/webshop\/non class\u00e9\/i-see-hd\/"},"modified":"2020-06-25T09:25:46","modified_gmt":"2020-06-25T07:25:46","slug":"i-see-hd-2","status":"publish","type":"product","link":"https:\/\/vanlentsystems.be\/fr\/webshop\/malvoyants\/loupe-ecran-electronique\/i-see-hd-2\/","title":{"rendered":"i-See HD"},"content":{"rendered":"<p>Cette loupe-\u00e9cran \u00e9lectronique compl\u00e8te et intuitive combine des images HD avec une excellente fonctionnalit\u00e9. Une conception ergonomique et une utilisation facile.<\/p>\n<p>L&#8217;i-See HD comporte une cam\u00e9ra HD et affiche les images sur un \u00e9cran \u00e9galement HD. C&#8217;est pourquoi l&#8217;i-See HD offre une tr\u00e8s bonne qualit\u00e9 d&#8217;image, ce qui vous permet non seulement de lire votre journal ou votre magazine mais aussi de regarder des photos.<\/p>\n<p>Le panneau de commande ergonomique avec des boutons rotatifs palpables vous permet de man\u0153uvrer l&#8217;appareil de mani\u00e8re simple. Dans le menu avanc\u00e9, des fonctions telles que les modes d&#8217;affichage des images, les grossissements favoris et d&#8217;autres fonctions avanc\u00e9es peuvent \u00eatre activ\u00e9es et d\u00e9sactiv\u00e9es \u00e0 volont\u00e9 pour s&#8217;adapter pleinement aux besoins personnels de l&#8217;utilisateur final.<\/p>\n","protected":false},"excerpt":{"rendered":"<p>Cette loupe-\u00e9cran \u00e9lectronique compl\u00e8te et intuitive combine des images HD avec une excellente fonctionnalit\u00e9. Une conception ergonomique et une utilisation facile.<\/p>\n","protected":false},"featured_media":4668,"template":"","meta":{"inline_featured_image":false},"product_brand":[],"product_cat":[588,566],"product_tag":[],"class_list":{"0":"post-4667","1":"product","2":"type-product","3":"status-publish","4":"has-post-thumbnail","6":"product_cat-loupe-ecran-electronique","7":"product_cat-malvoyants","8":"product_shipping_class-colis-postnl","9":"pa_aantal-hoogcontrast-standen-10-fr","10":"pa_afstandsbediening-non","11":"pa_auto-focus-blokkering-oui","12":"pa_bediening-boutons-poussoirs","13":"pa_externe-hdmi-input-oui","14":"pa_foto-opslag-non","15":"pa_fotostanden-couleurs-normales-haute-saturation-monochrome","16":"pa_freezefunctie-oui","17":"pa_helderheid-normal","18":"pa_leeshulp-ligne-de-lecture-et-couverture-de-limage-horizontale-ou-verticale","19":"pa_resolutie-1280-x-720-fr","20":"pa_schermgrootte-546-cm-22","21":"pa_stroomtoevoer-cable-secteur-fourni","22":"pa_usb-aansluiting-non","23":"pa_vergroting-3-a-75-x","25":"first","26":"instock","27":"taxable","28":"shipping-taxable","29":"purchasable","30":"product-type-simple"},"yoast_head":"<!-- This site is optimized with the Yoast SEO plugin v27.4 - https:\/\/yoast.com\/product\/yoast-seo-wordpress\/ -->\n<title>i-See HD - Van Lent Systems Belgium<\/title>\n<meta name=\"robots\" content=\"index, follow, max-snippet:-1, max-image-preview:large, max-video-preview:-1\" \/>\n<link rel=\"canonical\" href=\"https:\/\/vanlentsystems.be\/fr\/webshop\/malvoyants\/loupe-ecran-electronique\/i-see-hd-2\/\" \/>\n<meta property=\"og:locale\" content=\"fr_FR\" \/>\n<meta property=\"og:type\" content=\"article\" \/>\n<meta property=\"og:title\" content=\"i-See HD - Van Lent Systems Belgium\" \/>\n<meta property=\"og:description\" content=\"Cette loupe-\u00e9cran \u00e9lectronique compl\u00e8te et intuitive combine des images HD avec une excellente fonctionnalit\u00e9. Une conception ergonomique et une utilisation facile.\" \/>\n<meta property=\"og:url\" content=\"https:\/\/vanlentsystems.be\/fr\/webshop\/malvoyants\/loupe-ecran-electronique\/i-see-hd-2\/\" \/>\n<meta property=\"og:site_name\" content=\"Van Lent Systems Belgium\" \/>\n<meta property=\"og:image\" content=\"https:\/\/vanlentsystems.be\/wp-content\/uploads\/2019\/03\/ISEE-HD_hoek_naar_rechts_bloem-1.png\" \/>\n\t<meta property=\"og:image:width\" content=\"2048\" \/>\n\t<meta property=\"og:image:height\" content=\"1365\" \/>\n\t<meta property=\"og:image:type\" content=\"image\/png\" \/>\n<meta name=\"twitter:card\" content=\"summary_large_image\" \/>\n<meta name=\"twitter:label1\" content=\"Dur\u00e9e de lecture estim\u00e9e\" \/>\n\t<meta name=\"twitter:data1\" content=\"1 minute\" \/>\n<script type=\"application\/ld+json\" class=\"yoast-schema-graph\">{\"@context\":\"https:\\\/\\\/schema.org\",\"@graph\":[{\"@type\":\"WebPage\",\"@id\":\"https:\\\/\\\/vanlentsystems.be\\\/fr\\\/webshop\\\/malvoyants\\\/loupe-ecran-electronique\\\/i-see-hd-2\\\/\",\"url\":\"https:\\\/\\\/vanlentsystems.be\\\/fr\\\/webshop\\\/malvoyants\\\/loupe-ecran-electronique\\\/i-see-hd-2\\\/\",\"name\":\"i-See HD - Van Lent Systems Belgium\",\"isPartOf\":{\"@id\":\"https:\\\/\\\/vanlentsystems.be\\\/fr\\\/#website\"},\"primaryImageOfPage\":{\"@id\":\"https:\\\/\\\/vanlentsystems.be\\\/fr\\\/webshop\\\/malvoyants\\\/loupe-ecran-electronique\\\/i-see-hd-2\\\/#primaryimage\"},\"image\":{\"@id\":\"https:\\\/\\\/vanlentsystems.be\\\/fr\\\/webshop\\\/malvoyants\\\/loupe-ecran-electronique\\\/i-see-hd-2\\\/#primaryimage\"},\"thumbnailUrl\":\"https:\\\/\\\/vanlentsystems.be\\\/wp-content\\\/uploads\\\/2019\\\/03\\\/ISEE-HD_hoek_naar_rechts_bloem-1.png\",\"datePublished\":\"2020-06-25T07:25:46+00:00\",\"breadcrumb\":{\"@id\":\"https:\\\/\\\/vanlentsystems.be\\\/fr\\\/webshop\\\/malvoyants\\\/loupe-ecran-electronique\\\/i-see-hd-2\\\/#breadcrumb\"},\"inLanguage\":\"fr-FR\",\"potentialAction\":[{\"@type\":\"ReadAction\",\"target\":[\"https:\\\/\\\/vanlentsystems.be\\\/fr\\\/webshop\\\/malvoyants\\\/loupe-ecran-electronique\\\/i-see-hd-2\\\/\"]}]},{\"@type\":\"ImageObject\",\"inLanguage\":\"fr-FR\",\"@id\":\"https:\\\/\\\/vanlentsystems.be\\\/fr\\\/webshop\\\/malvoyants\\\/loupe-ecran-electronique\\\/i-see-hd-2\\\/#primaryimage\",\"url\":\"https:\\\/\\\/vanlentsystems.be\\\/wp-content\\\/uploads\\\/2019\\\/03\\\/ISEE-HD_hoek_naar_rechts_bloem-1.png\",\"contentUrl\":\"https:\\\/\\\/vanlentsystems.be\\\/wp-content\\\/uploads\\\/2019\\\/03\\\/ISEE-HD_hoek_naar_rechts_bloem-1.png\",\"width\":2048,\"height\":1365},{\"@type\":\"BreadcrumbList\",\"@id\":\"https:\\\/\\\/vanlentsystems.be\\\/fr\\\/webshop\\\/malvoyants\\\/loupe-ecran-electronique\\\/i-see-hd-2\\\/#breadcrumb\",\"itemListElement\":[{\"@type\":\"ListItem\",\"position\":1,\"name\":\"Home\",\"item\":\"https:\\\/\\\/vanlentsystems.be\\\/fr\\\/\"},{\"@type\":\"ListItem\",\"position\":2,\"name\":\"Boutique en ligne\",\"item\":\"https:\\\/\\\/vanlentsystems.be\\\/fr\\\/boutique-en-ligne\\\/\"},{\"@type\":\"ListItem\",\"position\":3,\"name\":\"i-See HD\"}]},{\"@type\":\"WebSite\",\"@id\":\"https:\\\/\\\/vanlentsystems.be\\\/fr\\\/#website\",\"url\":\"https:\\\/\\\/vanlentsystems.be\\\/fr\\\/\",\"name\":\"Van Lent Systems Belgium\",\"description\":\"\",\"potentialAction\":[{\"@type\":\"SearchAction\",\"target\":{\"@type\":\"EntryPoint\",\"urlTemplate\":\"https:\\\/\\\/vanlentsystems.be\\\/fr\\\/?s={search_term_string}\"},\"query-input\":{\"@type\":\"PropertyValueSpecification\",\"valueRequired\":true,\"valueName\":\"search_term_string\"}}],\"inLanguage\":\"fr-FR\"}]}<\/script>\n<!-- \/ Yoast SEO plugin. -->","yoast_head_json":{"title":"i-See HD - Van Lent Systems Belgium","robots":{"index":"index","follow":"follow","max-snippet":"max-snippet:-1","max-image-preview":"max-image-preview:large","max-video-preview":"max-video-preview:-1"},"canonical":"https:\/\/vanlentsystems.be\/fr\/webshop\/malvoyants\/loupe-ecran-electronique\/i-see-hd-2\/","og_locale":"fr_FR","og_type":"article","og_title":"i-See HD - Van Lent Systems Belgium","og_description":"Cette loupe-\u00e9cran \u00e9lectronique compl\u00e8te et intuitive combine des images HD avec une excellente fonctionnalit\u00e9. Une conception ergonomique et une utilisation facile.","og_url":"https:\/\/vanlentsystems.be\/fr\/webshop\/malvoyants\/loupe-ecran-electronique\/i-see-hd-2\/","og_site_name":"Van Lent Systems Belgium","og_image":[{"width":2048,"height":1365,"url":"https:\/\/vanlentsystems.be\/wp-content\/uploads\/2019\/03\/ISEE-HD_hoek_naar_rechts_bloem-1.png","type":"image\/png"}],"twitter_card":"summary_large_image","twitter_misc":{"Dur\u00e9e de lecture estim\u00e9e":"1 minute"},"schema":{"@context":"https:\/\/schema.org","@graph":[{"@type":"WebPage","@id":"https:\/\/vanlentsystems.be\/fr\/webshop\/malvoyants\/loupe-ecran-electronique\/i-see-hd-2\/","url":"https:\/\/vanlentsystems.be\/fr\/webshop\/malvoyants\/loupe-ecran-electronique\/i-see-hd-2\/","name":"i-See HD - Van Lent Systems Belgium","isPartOf":{"@id":"https:\/\/vanlentsystems.be\/fr\/#website"},"primaryImageOfPage":{"@id":"https:\/\/vanlentsystems.be\/fr\/webshop\/malvoyants\/loupe-ecran-electronique\/i-see-hd-2\/#primaryimage"},"image":{"@id":"https:\/\/vanlentsystems.be\/fr\/webshop\/malvoyants\/loupe-ecran-electronique\/i-see-hd-2\/#primaryimage"},"thumbnailUrl":"https:\/\/vanlentsystems.be\/wp-content\/uploads\/2019\/03\/ISEE-HD_hoek_naar_rechts_bloem-1.png","datePublished":"2020-06-25T07:25:46+00:00","breadcrumb":{"@id":"https:\/\/vanlentsystems.be\/fr\/webshop\/malvoyants\/loupe-ecran-electronique\/i-see-hd-2\/#breadcrumb"},"inLanguage":"fr-FR","potentialAction":[{"@type":"ReadAction","target":["https:\/\/vanlentsystems.be\/fr\/webshop\/malvoyants\/loupe-ecran-electronique\/i-see-hd-2\/"]}]},{"@type":"ImageObject","inLanguage":"fr-FR","@id":"https:\/\/vanlentsystems.be\/fr\/webshop\/malvoyants\/loupe-ecran-electronique\/i-see-hd-2\/#primaryimage","url":"https:\/\/vanlentsystems.be\/wp-content\/uploads\/2019\/03\/ISEE-HD_hoek_naar_rechts_bloem-1.png","contentUrl":"https:\/\/vanlentsystems.be\/wp-content\/uploads\/2019\/03\/ISEE-HD_hoek_naar_rechts_bloem-1.png","width":2048,"height":1365},{"@type":"BreadcrumbList","@id":"https:\/\/vanlentsystems.be\/fr\/webshop\/malvoyants\/loupe-ecran-electronique\/i-see-hd-2\/#breadcrumb","itemListElement":[{"@type":"ListItem","position":1,"name":"Home","item":"https:\/\/vanlentsystems.be\/fr\/"},{"@type":"ListItem","position":2,"name":"Boutique en ligne","item":"https:\/\/vanlentsystems.be\/fr\/boutique-en-ligne\/"},{"@type":"ListItem","position":3,"name":"i-See HD"}]},{"@type":"WebSite","@id":"https:\/\/vanlentsystems.be\/fr\/#website","url":"https:\/\/vanlentsystems.be\/fr\/","name":"Van Lent Systems Belgium","description":"","potentialAction":[{"@type":"SearchAction","target":{"@type":"EntryPoint","urlTemplate":"https:\/\/vanlentsystems.be\/fr\/?s={search_term_string}"},"query-input":{"@type":"PropertyValueSpecification","valueRequired":true,"valueName":"search_term_string"}}],"inLanguage":"fr-FR"}]}},"_links":{"self":[{"href":"https:\/\/vanlentsystems.be\/fr\/wp-json\/wp\/v2\/product\/4667","targetHints":{"allow":["GET"]}}],"collection":[{"href":"https:\/\/vanlentsystems.be\/fr\/wp-json\/wp\/v2\/product"}],"about":[{"href":"https:\/\/vanlentsystems.be\/fr\/wp-json\/wp\/v2\/types\/product"}],"wp:featuredmedia":[{"embeddable":true,"href":"https:\/\/vanlentsystems.be\/fr\/wp-json\/wp\/v2\/media\/4668"}],"wp:attachment":[{"href":"https:\/\/vanlentsystems.be\/fr\/wp-json\/wp\/v2\/media?parent=4667"}],"wp:term":[{"taxonomy":"product_brand","embeddable":true,"href":"https:\/\/vanlentsystems.be\/fr\/wp-json\/wp\/v2\/product_brand?post=4667"},{"taxonomy":"product_cat","embeddable":true,"href":"https:\/\/vanlentsystems.be\/fr\/wp-json\/wp\/v2\/product_cat?post=4667"},{"taxonomy":"product_tag","embeddable":true,"href":"https:\/\/vanlentsystems.be\/fr\/wp-json\/wp\/v2\/product_tag?post=4667"}],"curies":[{"name":"wp","href":"https:\/\/api.w.org\/{rel}","templated":true}]}}