{"id":4662,"date":"2019-05-02T13:23:14","date_gmt":"2020-06-25T07:25:43","guid":{"rendered":"https:\/\/vanlentsystems.be\/webshop\/non%20class\u00e9\/looky\/"},"modified":"2024-08-30T09:23:31","modified_gmt":"2024-08-30T07:23:31","slug":"looky-2-2","status":"publish","type":"product","link":"https:\/\/vanlentsystems.be\/fr\/webshop\/malvoyants\/loupe-electronique-de-poche\/looky-2-2\/","title":{"rendered":"Looky+"},"content":{"rendered":"<p>La Looky+ est une petite loupe \u00e9lectroique de poche. La Looky+ permet d&#8217;agrandir des textes et des photos de 2 \u00e0 20 fois. La Looky+ vous permet \u00e9galement de lire dans diff\u00e9rents modes de couleur avec, dans chaque mode, un rapport de contraste plus \u00e9lev\u00e9.<\/p>\n<p>La Looky+ dispose \u00e9galement d&#8217;un mode de lecture particulier qui vous permet de facilement visualiser les \u00e9crans num\u00e9riques. Dans ce mode, l&#8217;\u00e9clairage est \u00e9teint et il n&#8217;y aura donc aucun reflet sur l&#8217;affichage de la Looky+.<\/p>\n<p>Comme la Looky+ est un appareil petit et l\u00e9ger, vous pourrez facilement l&#8217;emmener avec vous. D\u00e9sormais, vous pourrez lire les prix \u00e9crits en petits caract\u00e8res dans les supermarch\u00e9s ou sur les cartes des restaurants.<\/p>\n<p>Le Looky+ est livr\u00e9 avec une housse lors de l&#8217;achat.<\/p>\n","protected":false},"excerpt":{"rendered":"<p><strong>Prix sp\u00e9cial ! Maintenant seulement 225 \u20ac au lieu de 339 \u20ac !<\/strong><\/p>\n","protected":false},"featured_media":4663,"template":"","meta":{"inline_featured_image":false},"product_brand":[],"product_cat":[582,566],"product_tag":[],"class_list":{"0":"post-4662","1":"product","2":"type-product","3":"status-publish","4":"has-post-thumbnail","6":"product_cat-loupe-electronique-de-poche","7":"product_cat-malvoyants","8":"product_shipping_class-colis-postnl","9":"pa_aantal-hoogcontrast-standen-4-fr","10":"pa_batterij-type-2-piles-aa-rechargeables","11":"pa_bediening-boutons-poussoirs","12":"pa_foto-opslag-non","13":"pa_fotostanden-oui","14":"pa_freezefunctie-oui","15":"pa_hoogcontrast-standen-blanc-sur-noir-noir-sur-blanc-jaune-sur-bleu-jaune-sur-noir","16":"pa_laadtijd-5-heures","17":"pa_leeshulp-non","18":"pa_magnetisch-lijnen-non","19":"pa_pc-aansluiting-non","20":"pa_schermgrootte-89-cm-35","21":"pa_schrijfstand-oui","22":"pa_stroomtoevoer-adaptateur-secteur-fourni-entree-100-a-240-v-50-60-hz-sortie-5-v-18-a","23":"pa_touch-bediening-non","24":"pa_tv-aansluiting-non","25":"pa_vergroting-2-a-20-x","26":"pa_verwisselbaar-oui","28":"first","29":"instock","30":"taxable","31":"shipping-taxable","32":"purchasable","33":"product-type-simple"},"yoast_head":"<!-- This site is optimized with the Yoast SEO plugin v27.6 - https:\/\/yoast.com\/product\/yoast-seo-wordpress\/ -->\n<title>Looky+ - Van Lent Systems Belgium<\/title>\n<meta name=\"robots\" content=\"index, follow, max-snippet:-1, max-image-preview:large, max-video-preview:-1\" \/>\n<link rel=\"canonical\" href=\"https:\/\/vanlentsystems.be\/fr\/webshop\/malvoyants\/loupe-electronique-de-poche\/looky-2-2\/\" \/>\n<meta property=\"og:locale\" content=\"fr_FR\" \/>\n<meta property=\"og:type\" content=\"article\" \/>\n<meta property=\"og:title\" content=\"Looky+ - Van Lent Systems Belgium\" \/>\n<meta property=\"og:description\" content=\"Prix sp\u00e9cial ! Maintenant seulement 225 \u20ac au lieu de 339 \u20ac !\" \/>\n<meta property=\"og:url\" content=\"https:\/\/vanlentsystems.be\/fr\/webshop\/malvoyants\/loupe-electronique-de-poche\/looky-2-2\/\" \/>\n<meta property=\"og:site_name\" content=\"Van Lent Systems Belgium\" \/>\n<meta property=\"article:modified_time\" content=\"2024-08-30T07:23:31+00:00\" \/>\n<meta property=\"og:image\" content=\"https:\/\/vanlentsystems.be\/wp-content\/uploads\/2019\/05\/LOOKY_hoek_naar_rechts_open.png\" \/>\n\t<meta property=\"og:image:width\" content=\"2048\" \/>\n\t<meta property=\"og:image:height\" content=\"1365\" \/>\n\t<meta property=\"og:image:type\" content=\"image\/png\" \/>\n<meta name=\"twitter:card\" content=\"summary_large_image\" \/>\n<meta name=\"twitter:label1\" content=\"Dur\u00e9e de lecture estim\u00e9e\" \/>\n\t<meta name=\"twitter:data1\" content=\"1 minute\" \/>\n<script type=\"application\/ld+json\" class=\"yoast-schema-graph\">{\"@context\":\"https:\\\/\\\/schema.org\",\"@graph\":[{\"@type\":\"WebPage\",\"@id\":\"https:\\\/\\\/vanlentsystems.be\\\/fr\\\/webshop\\\/malvoyants\\\/loupe-electronique-de-poche\\\/looky-2-2\\\/\",\"url\":\"https:\\\/\\\/vanlentsystems.be\\\/fr\\\/webshop\\\/malvoyants\\\/loupe-electronique-de-poche\\\/looky-2-2\\\/\",\"name\":\"Looky+ - Van Lent Systems Belgium\",\"isPartOf\":{\"@id\":\"https:\\\/\\\/vanlentsystems.be\\\/fr\\\/#website\"},\"primaryImageOfPage\":{\"@id\":\"https:\\\/\\\/vanlentsystems.be\\\/fr\\\/webshop\\\/malvoyants\\\/loupe-electronique-de-poche\\\/looky-2-2\\\/#primaryimage\"},\"image\":{\"@id\":\"https:\\\/\\\/vanlentsystems.be\\\/fr\\\/webshop\\\/malvoyants\\\/loupe-electronique-de-poche\\\/looky-2-2\\\/#primaryimage\"},\"thumbnailUrl\":\"https:\\\/\\\/vanlentsystems.be\\\/wp-content\\\/uploads\\\/2019\\\/05\\\/LOOKY_hoek_naar_rechts_open.png\",\"datePublished\":\"2020-06-25T07:25:43+00:00\",\"dateModified\":\"2024-08-30T07:23:31+00:00\",\"breadcrumb\":{\"@id\":\"https:\\\/\\\/vanlentsystems.be\\\/fr\\\/webshop\\\/malvoyants\\\/loupe-electronique-de-poche\\\/looky-2-2\\\/#breadcrumb\"},\"inLanguage\":\"fr-FR\",\"potentialAction\":[{\"@type\":\"ReadAction\",\"target\":[\"https:\\\/\\\/vanlentsystems.be\\\/fr\\\/webshop\\\/malvoyants\\\/loupe-electronique-de-poche\\\/looky-2-2\\\/\"]}]},{\"@type\":\"ImageObject\",\"inLanguage\":\"fr-FR\",\"@id\":\"https:\\\/\\\/vanlentsystems.be\\\/fr\\\/webshop\\\/malvoyants\\\/loupe-electronique-de-poche\\\/looky-2-2\\\/#primaryimage\",\"url\":\"https:\\\/\\\/vanlentsystems.be\\\/wp-content\\\/uploads\\\/2019\\\/05\\\/LOOKY_hoek_naar_rechts_open.png\",\"contentUrl\":\"https:\\\/\\\/vanlentsystems.be\\\/wp-content\\\/uploads\\\/2019\\\/05\\\/LOOKY_hoek_naar_rechts_open.png\",\"width\":2048,\"height\":1365},{\"@type\":\"BreadcrumbList\",\"@id\":\"https:\\\/\\\/vanlentsystems.be\\\/fr\\\/webshop\\\/malvoyants\\\/loupe-electronique-de-poche\\\/looky-2-2\\\/#breadcrumb\",\"itemListElement\":[{\"@type\":\"ListItem\",\"position\":1,\"name\":\"Home\",\"item\":\"https:\\\/\\\/vanlentsystems.be\\\/fr\\\/\"},{\"@type\":\"ListItem\",\"position\":2,\"name\":\"Boutique en ligne\",\"item\":\"https:\\\/\\\/vanlentsystems.be\\\/fr\\\/boutique-en-ligne\\\/\"},{\"@type\":\"ListItem\",\"position\":3,\"name\":\"Looky+\"}]},{\"@type\":\"WebSite\",\"@id\":\"https:\\\/\\\/vanlentsystems.be\\\/fr\\\/#website\",\"url\":\"https:\\\/\\\/vanlentsystems.be\\\/fr\\\/\",\"name\":\"Van Lent Systems Belgium\",\"description\":\"\",\"potentialAction\":[{\"@type\":\"SearchAction\",\"target\":{\"@type\":\"EntryPoint\",\"urlTemplate\":\"https:\\\/\\\/vanlentsystems.be\\\/fr\\\/?s={search_term_string}\"},\"query-input\":{\"@type\":\"PropertyValueSpecification\",\"valueRequired\":true,\"valueName\":\"search_term_string\"}}],\"inLanguage\":\"fr-FR\"}]}<\/script>\n<!-- \/ Yoast SEO plugin. -->","yoast_head_json":{"title":"Looky+ - Van Lent Systems Belgium","robots":{"index":"index","follow":"follow","max-snippet":"max-snippet:-1","max-image-preview":"max-image-preview:large","max-video-preview":"max-video-preview:-1"},"canonical":"https:\/\/vanlentsystems.be\/fr\/webshop\/malvoyants\/loupe-electronique-de-poche\/looky-2-2\/","og_locale":"fr_FR","og_type":"article","og_title":"Looky+ - Van Lent Systems Belgium","og_description":"Prix sp\u00e9cial ! Maintenant seulement 225 \u20ac au lieu de 339 \u20ac !","og_url":"https:\/\/vanlentsystems.be\/fr\/webshop\/malvoyants\/loupe-electronique-de-poche\/looky-2-2\/","og_site_name":"Van Lent Systems Belgium","article_modified_time":"2024-08-30T07:23:31+00:00","og_image":[{"width":2048,"height":1365,"url":"https:\/\/vanlentsystems.be\/wp-content\/uploads\/2019\/05\/LOOKY_hoek_naar_rechts_open.png","type":"image\/png"}],"twitter_card":"summary_large_image","twitter_misc":{"Dur\u00e9e de lecture estim\u00e9e":"1 minute"},"schema":{"@context":"https:\/\/schema.org","@graph":[{"@type":"WebPage","@id":"https:\/\/vanlentsystems.be\/fr\/webshop\/malvoyants\/loupe-electronique-de-poche\/looky-2-2\/","url":"https:\/\/vanlentsystems.be\/fr\/webshop\/malvoyants\/loupe-electronique-de-poche\/looky-2-2\/","name":"Looky+ - Van Lent Systems Belgium","isPartOf":{"@id":"https:\/\/vanlentsystems.be\/fr\/#website"},"primaryImageOfPage":{"@id":"https:\/\/vanlentsystems.be\/fr\/webshop\/malvoyants\/loupe-electronique-de-poche\/looky-2-2\/#primaryimage"},"image":{"@id":"https:\/\/vanlentsystems.be\/fr\/webshop\/malvoyants\/loupe-electronique-de-poche\/looky-2-2\/#primaryimage"},"thumbnailUrl":"https:\/\/vanlentsystems.be\/wp-content\/uploads\/2019\/05\/LOOKY_hoek_naar_rechts_open.png","datePublished":"2020-06-25T07:25:43+00:00","dateModified":"2024-08-30T07:23:31+00:00","breadcrumb":{"@id":"https:\/\/vanlentsystems.be\/fr\/webshop\/malvoyants\/loupe-electronique-de-poche\/looky-2-2\/#breadcrumb"},"inLanguage":"fr-FR","potentialAction":[{"@type":"ReadAction","target":["https:\/\/vanlentsystems.be\/fr\/webshop\/malvoyants\/loupe-electronique-de-poche\/looky-2-2\/"]}]},{"@type":"ImageObject","inLanguage":"fr-FR","@id":"https:\/\/vanlentsystems.be\/fr\/webshop\/malvoyants\/loupe-electronique-de-poche\/looky-2-2\/#primaryimage","url":"https:\/\/vanlentsystems.be\/wp-content\/uploads\/2019\/05\/LOOKY_hoek_naar_rechts_open.png","contentUrl":"https:\/\/vanlentsystems.be\/wp-content\/uploads\/2019\/05\/LOOKY_hoek_naar_rechts_open.png","width":2048,"height":1365},{"@type":"BreadcrumbList","@id":"https:\/\/vanlentsystems.be\/fr\/webshop\/malvoyants\/loupe-electronique-de-poche\/looky-2-2\/#breadcrumb","itemListElement":[{"@type":"ListItem","position":1,"name":"Home","item":"https:\/\/vanlentsystems.be\/fr\/"},{"@type":"ListItem","position":2,"name":"Boutique en ligne","item":"https:\/\/vanlentsystems.be\/fr\/boutique-en-ligne\/"},{"@type":"ListItem","position":3,"name":"Looky+"}]},{"@type":"WebSite","@id":"https:\/\/vanlentsystems.be\/fr\/#website","url":"https:\/\/vanlentsystems.be\/fr\/","name":"Van Lent Systems Belgium","description":"","potentialAction":[{"@type":"SearchAction","target":{"@type":"EntryPoint","urlTemplate":"https:\/\/vanlentsystems.be\/fr\/?s={search_term_string}"},"query-input":{"@type":"PropertyValueSpecification","valueRequired":true,"valueName":"search_term_string"}}],"inLanguage":"fr-FR"}]}},"_links":{"self":[{"href":"https:\/\/vanlentsystems.be\/fr\/wp-json\/wp\/v2\/product\/4662","targetHints":{"allow":["GET"]}}],"collection":[{"href":"https:\/\/vanlentsystems.be\/fr\/wp-json\/wp\/v2\/product"}],"about":[{"href":"https:\/\/vanlentsystems.be\/fr\/wp-json\/wp\/v2\/types\/product"}],"wp:featuredmedia":[{"embeddable":true,"href":"https:\/\/vanlentsystems.be\/fr\/wp-json\/wp\/v2\/media\/4663"}],"wp:attachment":[{"href":"https:\/\/vanlentsystems.be\/fr\/wp-json\/wp\/v2\/media?parent=4662"}],"wp:term":[{"taxonomy":"product_brand","embeddable":true,"href":"https:\/\/vanlentsystems.be\/fr\/wp-json\/wp\/v2\/product_brand?post=4662"},{"taxonomy":"product_cat","embeddable":true,"href":"https:\/\/vanlentsystems.be\/fr\/wp-json\/wp\/v2\/product_cat?post=4662"},{"taxonomy":"product_tag","embeddable":true,"href":"https:\/\/vanlentsystems.be\/fr\/wp-json\/wp\/v2\/product_tag?post=4662"}],"curies":[{"name":"wp","href":"https:\/\/api.w.org\/{rel}","templated":true}]}}