{"id":4243,"date":"2020-06-19T15:26:03","date_gmt":"2020-06-19T13:26:03","guid":{"rendered":"https:\/\/vanlentsystems.be\/actualites\/"},"modified":"2024-03-11T15:14:01","modified_gmt":"2024-03-11T14:14:01","slug":"actualites","status":"publish","type":"page","link":"https:\/\/vanlentsystems.be\/fr\/actualites\/","title":{"rendered":"Actualit\u00e9s"},"content":{"rendered":"<section class=\"l-section wpb_row height_medium\"><div class=\"l-section-h i-cf\"><div class=\"g-cols vc_row type_default valign_top\"><div class=\"vc_col-sm-12 wpb_column vc_column_container\"><div class=\"vc_column-inner\"><div class=\"wpb_wrapper\"><div class=\"w-grid type_grid layout_3815 cols_2\" id=\"us_grid_1\"><style id=\"us_grid_1_css\">#us_grid_1 .w-grid-item{padding:1.5rem}#us_grid_1 .w-grid-list{margin:-1.5rem}.w-grid + #us_grid_1 .w-grid-list{margin-top:1.5rem}.l-section.width_full>div>div>.vc_col-sm-12>div>div>#us_grid_1 .w-grid-list{margin-left:1.5rem;margin-right:1.5rem}.l-section.height_auto>div>div>.vc_col-sm-12>div>div>#us_grid_1:first-child .w-grid-list{margin-top:1.5rem}.l-section.height_auto>div>div>.vc_col-sm-12>div>div>#us_grid_1:last-child .w-grid-list{margin-bottom:1.5rem}@media (max-width:599px){#us_grid_1 .w-grid-list{margin:0}#us_grid_1 .w-grid-item{width:100%;padding:0;margin-bottom:1.5rem}}<\/style><style>#us_grid_1 .w-grid-item-h{}#us_grid_1 .usg_hwrapper_1{border-radius:0}#us_grid_1 .usg_post_image_1{border-radius:0}#us_grid_1 .usg_post_title_1{font-size:1.2rem;border-radius:0}#us_grid_1 .usg_vwrapper_1{border-radius:0}#us_grid_1 .usg_post_content_1{border-radius:0}#us_grid_1 .usg_btn_1{border-radius:0}<\/style><div class=\"w-grid-list\"><article class=\"w-grid-item ratio_1x1 size_1x1 post-5285 post type-post status-publish format-standard has-post-thumbnail hentry category-actualites\" data-id=\"5285\">\r\n\t<div class=\"w-grid-item-h\">\r\n\t\t\t\t<div class=\"w-hwrapper usg_hwrapper_1 align_left valign_top \"><div class=\"w-post-elm post_image usg_post_image_1 stretched archive-image\"><a href=\"https:\/\/vanlentsystems.be\/fr\/actualites\/modification-du-pack-delectrodes\/\" aria-label=\"Modification du pack d&#8217;\u00e9lectrodes\"><img loading=\"lazy\" decoding=\"async\" width=\"300\" height=\"200\" src=\"https:\/\/vanlentsystems.be\/wp-content\/uploads\/2020\/07\/imageedit_11_7345818422-300x200.png\" class=\"attachment-medium size-medium wp-post-image\" alt=\"\" srcset=\"https:\/\/vanlentsystems.be\/wp-content\/uploads\/2020\/07\/imageedit_11_7345818422-300x200.png 300w, https:\/\/vanlentsystems.be\/wp-content\/uploads\/2020\/07\/imageedit_11_7345818422.png 350w\" sizes=\"auto, (max-width: 300px) 100vw, 300px\" \/><\/a><\/div><div class=\"w-vwrapper usg_vwrapper_1 align_left valign_top archive-content\"><h2 class=\"w-post-elm post_title usg_post_title_1 entry-title color_link_inherit\"><a href=\"https:\/\/vanlentsystems.be\/fr\/actualites\/modification-du-pack-delectrodes\/\">Modification du pack d&#8217;\u00e9lectrodes<\/a><\/h2><div class=\"w-post-elm post_content usg_post_content_1\">Prochainement, une modification aura lieu dans notre pack d&#8217;\u00e9lectrodes, \u00e0 savoir, certaines dimensions vont changer de format. Il s&#8217;agit des \u00e9lectrodes\/dimensions suivantes : DE-01: 40 x 40 mm devient DE-24: 50 x 50 mm DE-02: 40 x 80 mm devient DE-05: 50 x 100 mm DE-16: 45 x 95 mm devient DE-05: 50 x 100 mm DE-19: 45 x 45 mm devient DE-24: 50 x 50 mm DE-41: 40 x 40 mm devient DE-51: 50\u2026<\/div><a class=\"w-btn us-btn-style_1 usg_btn_1 btn-solid btn-150 btn-purple\" href=\"https:\/\/vanlentsystems.be\/fr\/actualites\/modification-du-pack-delectrodes\/\"><span class=\"w-btn-label\">Voir l'offre d'emploi<\/span><\/a><\/div><\/div>\t<\/div>\r\n<\/article>\r\n<\/div>\t<div class=\"w-grid-json hidden\" onclick='return {&quot;ajax_url&quot;:&quot;https:\\\/\\\/vanlentsystems.be\\\/wp-admin\\\/admin-ajax.php&quot;,&quot;permalink_url&quot;:&quot;https:\\\/\\\/vanlentsystems.be\\\/fr\\\/actualites\\\/modification-du-pack-delectrodes\\\/&quot;,&quot;action&quot;:&quot;us_ajax_grid&quot;,&quot;max_num_pages&quot;:1,&quot;infinite_scroll&quot;:0,&quot;template_vars&quot;:{&quot;query_args&quot;:{&quot;post_type&quot;:[&quot;post&quot;],&quot;tax_query&quot;:[{&quot;taxonomy&quot;:&quot;category&quot;,&quot;field&quot;:&quot;slug&quot;,&quot;terms&quot;:[&quot;actualites&quot;]}],&quot;post_status&quot;:[&quot;publish&quot;],&quot;orderby&quot;:{&quot;date&quot;:&quot;DESC&quot;},&quot;posts_per_page&quot;:&quot;10&quot;},&quot;post_id&quot;:4243,&quot;us_grid_index&quot;:1,&quot;us_grid_ajax_index&quot;:1,&quot;exclude_items&quot;:&quot;none&quot;,&quot;items_offset&quot;:&quot;1&quot;,&quot;items_layout&quot;:&quot;3815&quot;,&quot;type&quot;:&quot;grid&quot;,&quot;columns&quot;:&quot;2&quot;,&quot;img_size&quot;:&quot;medium&quot;,&quot;overriding_link&quot;:&quot;none&quot;,&quot;lang&quot;:&quot;fr&quot;}}'><\/div>\r\n<\/div><\/div><\/div><\/div><\/div><\/div><\/section>\n","protected":false},"excerpt":{"rendered":"Prochainement, une modification aura lieu dans notre pack d'\u00e9lectrodes, \u00e0 savoir, certaines dimensions vont changer de format. Il s'agit des \u00e9lectrodes\/dimensions suivantes : DE-01: 40 x 40 mm devient DE-24: 50 x 50 mm DE-02: 40 x 80 mm devient DE-05: 50 x 100 mm DE-16: 45 x 95 mm devient DE-05: 50 x 100...","protected":false},"author":1,"featured_media":0,"parent":0,"menu_order":0,"comment_status":"closed","ping_status":"closed","template":"","meta":{"inline_featured_image":false,"footnotes":""},"class_list":["post-4243","page","type-page","status-publish","hentry"],"yoast_head":"<!-- This site is optimized with the Yoast SEO plugin v27.4 - https:\/\/yoast.com\/product\/yoast-seo-wordpress\/ -->\n<title>Actualit\u00e9s - Van Lent Systems Belgium<\/title>\n<meta name=\"robots\" content=\"index, follow, max-snippet:-1, max-image-preview:large, max-video-preview:-1\" \/>\n<link rel=\"canonical\" href=\"https:\/\/vanlentsystems.be\/fr\/actualites\/\" \/>\n<meta property=\"og:locale\" content=\"fr_FR\" \/>\n<meta property=\"og:type\" content=\"article\" \/>\n<meta property=\"og:title\" content=\"Actualit\u00e9s - Van Lent Systems Belgium\" \/>\n<meta property=\"og:url\" content=\"https:\/\/vanlentsystems.be\/fr\/actualites\/\" \/>\n<meta property=\"og:site_name\" content=\"Van Lent Systems Belgium\" \/>\n<meta property=\"article:modified_time\" content=\"2024-03-11T14:14:01+00:00\" \/>\n<meta name=\"twitter:card\" content=\"summary_large_image\" \/>\n<meta name=\"twitter:label1\" content=\"Dur\u00e9e de lecture estim\u00e9e\" \/>\n\t<meta name=\"twitter:data1\" content=\"1 minute\" \/>\n<script type=\"application\/ld+json\" class=\"yoast-schema-graph\">{\"@context\":\"https:\\\/\\\/schema.org\",\"@graph\":[{\"@type\":\"WebPage\",\"@id\":\"https:\\\/\\\/vanlentsystems.be\\\/fr\\\/actualites\\\/\",\"url\":\"https:\\\/\\\/vanlentsystems.be\\\/fr\\\/actualites\\\/\",\"name\":\"Actualit\u00e9s - Van Lent Systems Belgium\",\"isPartOf\":{\"@id\":\"https:\\\/\\\/vanlentsystems.be\\\/fr\\\/#website\"},\"datePublished\":\"2020-06-19T13:26:03+00:00\",\"dateModified\":\"2024-03-11T14:14:01+00:00\",\"breadcrumb\":{\"@id\":\"https:\\\/\\\/vanlentsystems.be\\\/fr\\\/actualites\\\/#breadcrumb\"},\"inLanguage\":\"fr-FR\",\"potentialAction\":[{\"@type\":\"ReadAction\",\"target\":[\"https:\\\/\\\/vanlentsystems.be\\\/fr\\\/actualites\\\/\"]}]},{\"@type\":\"BreadcrumbList\",\"@id\":\"https:\\\/\\\/vanlentsystems.be\\\/fr\\\/actualites\\\/#breadcrumb\",\"itemListElement\":[{\"@type\":\"ListItem\",\"position\":1,\"name\":\"Home\",\"item\":\"https:\\\/\\\/vanlentsystems.be\\\/fr\\\/\"},{\"@type\":\"ListItem\",\"position\":2,\"name\":\"Actualit\u00e9s\"}]},{\"@type\":\"WebSite\",\"@id\":\"https:\\\/\\\/vanlentsystems.be\\\/fr\\\/#website\",\"url\":\"https:\\\/\\\/vanlentsystems.be\\\/fr\\\/\",\"name\":\"Van Lent Systems Belgium\",\"description\":\"\",\"potentialAction\":[{\"@type\":\"SearchAction\",\"target\":{\"@type\":\"EntryPoint\",\"urlTemplate\":\"https:\\\/\\\/vanlentsystems.be\\\/fr\\\/?s={search_term_string}\"},\"query-input\":{\"@type\":\"PropertyValueSpecification\",\"valueRequired\":true,\"valueName\":\"search_term_string\"}}],\"inLanguage\":\"fr-FR\"}]}<\/script>\n<!-- \/ Yoast SEO plugin. -->","yoast_head_json":{"title":"Actualit\u00e9s - Van Lent Systems Belgium","robots":{"index":"index","follow":"follow","max-snippet":"max-snippet:-1","max-image-preview":"max-image-preview:large","max-video-preview":"max-video-preview:-1"},"canonical":"https:\/\/vanlentsystems.be\/fr\/actualites\/","og_locale":"fr_FR","og_type":"article","og_title":"Actualit\u00e9s - Van Lent Systems Belgium","og_url":"https:\/\/vanlentsystems.be\/fr\/actualites\/","og_site_name":"Van Lent Systems Belgium","article_modified_time":"2024-03-11T14:14:01+00:00","twitter_card":"summary_large_image","twitter_misc":{"Dur\u00e9e de lecture estim\u00e9e":"1 minute"},"schema":{"@context":"https:\/\/schema.org","@graph":[{"@type":"WebPage","@id":"https:\/\/vanlentsystems.be\/fr\/actualites\/","url":"https:\/\/vanlentsystems.be\/fr\/actualites\/","name":"Actualit\u00e9s - Van Lent Systems Belgium","isPartOf":{"@id":"https:\/\/vanlentsystems.be\/fr\/#website"},"datePublished":"2020-06-19T13:26:03+00:00","dateModified":"2024-03-11T14:14:01+00:00","breadcrumb":{"@id":"https:\/\/vanlentsystems.be\/fr\/actualites\/#breadcrumb"},"inLanguage":"fr-FR","potentialAction":[{"@type":"ReadAction","target":["https:\/\/vanlentsystems.be\/fr\/actualites\/"]}]},{"@type":"BreadcrumbList","@id":"https:\/\/vanlentsystems.be\/fr\/actualites\/#breadcrumb","itemListElement":[{"@type":"ListItem","position":1,"name":"Home","item":"https:\/\/vanlentsystems.be\/fr\/"},{"@type":"ListItem","position":2,"name":"Actualit\u00e9s"}]},{"@type":"WebSite","@id":"https:\/\/vanlentsystems.be\/fr\/#website","url":"https:\/\/vanlentsystems.be\/fr\/","name":"Van Lent Systems Belgium","description":"","potentialAction":[{"@type":"SearchAction","target":{"@type":"EntryPoint","urlTemplate":"https:\/\/vanlentsystems.be\/fr\/?s={search_term_string}"},"query-input":{"@type":"PropertyValueSpecification","valueRequired":true,"valueName":"search_term_string"}}],"inLanguage":"fr-FR"}]}},"_links":{"self":[{"href":"https:\/\/vanlentsystems.be\/fr\/wp-json\/wp\/v2\/pages\/4243","targetHints":{"allow":["GET"]}}],"collection":[{"href":"https:\/\/vanlentsystems.be\/fr\/wp-json\/wp\/v2\/pages"}],"about":[{"href":"https:\/\/vanlentsystems.be\/fr\/wp-json\/wp\/v2\/types\/page"}],"author":[{"embeddable":true,"href":"https:\/\/vanlentsystems.be\/fr\/wp-json\/wp\/v2\/users\/1"}],"replies":[{"embeddable":true,"href":"https:\/\/vanlentsystems.be\/fr\/wp-json\/wp\/v2\/comments?post=4243"}],"version-history":[{"count":3,"href":"https:\/\/vanlentsystems.be\/fr\/wp-json\/wp\/v2\/pages\/4243\/revisions"}],"predecessor-version":[{"id":5286,"href":"https:\/\/vanlentsystems.be\/fr\/wp-json\/wp\/v2\/pages\/4243\/revisions\/5286"}],"wp:attachment":[{"href":"https:\/\/vanlentsystems.be\/fr\/wp-json\/wp\/v2\/media?parent=4243"}],"curies":[{"name":"wp","href":"https:\/\/api.w.org\/{rel}","templated":true}]}}