{"id":4184,"date":"2020-06-19T15:25:48","date_gmt":"2020-06-19T13:25:48","guid":{"rendered":"https:\/\/vanlentsystems.be\/accueil\/"},"modified":"2020-06-26T13:09:36","modified_gmt":"2020-06-26T11:09:36","slug":"accueil","status":"publish","type":"page","link":"https:\/\/vanlentsystems.be\/fr\/","title":{"rendered":"Accueil"},"content":{"rendered":"<section class=\"l-section wpb_row height_medium width_full header-slider\"><div class=\"l-section-h i-cf\"><div class=\"g-cols vc_row type_default valign_top\"><div class=\"vc_col-sm-12 wpb_column vc_column_container\"><div class=\"vc_column-inner\"><div class=\"wpb_wrapper\">[rev_slider_vc alias=&#8221;slider-1-fr&#8221;]<\/div><\/div><\/div><\/div><\/div><\/section><section class=\"l-section wpb_row height_small\"><div class=\"l-section-h i-cf\"><div class=\"g-cols vc_row type_default valign_top\"><div class=\"vc_col-sm-2 wpb_column vc_column_container\"><div class=\"vc_column-inner\"><div class=\"wpb_wrapper\"><\/div><\/div><\/div><div class=\"vc_col-sm-4 wpb_column vc_column_container\"><div class=\"vc_column-inner\"><div class=\"wpb_wrapper\"><div class=\"w-image border-bottom-blue align_none\"><a class=\"w-image-h\" href=\"http:\/\/vanlentsystems.be\/slechtziend\/\"><img loading=\"lazy\" decoding=\"async\" width=\"350\" height=\"170\" src=\"https:\/\/vanlentsystems.be\/wp-content\/uploads\/2018\/08\/slechtzien.png\" class=\"attachment-full size-full\" alt=\"\" srcset=\"https:\/\/vanlentsystems.be\/wp-content\/uploads\/2018\/08\/slechtzien.png 350w, https:\/\/vanlentsystems.be\/wp-content\/uploads\/2018\/08\/slechtzien-300x146.png 300w\" sizes=\"auto, (max-width: 350px) 100vw, 350px\" \/><\/a><\/div>[vc_custom_heading text=&#8221;Malvoyant&#8221; font_container=&#8221;tag:h2|font_size:30px|text_align:left|color:%2300a9dd&#8221; use_theme_fonts=&#8221;yes&#8221; link=&#8221;url:http%3A%2F%2Fvanlentsystems.be%2Fslechtziend%2F|&#8221;]\r\n\t<div class=\"wpb_text_column \">\r\n\t\t<div class=\"wpb_wrapper\">\r\n\t\t\t<p>On parle de malvoyance lorsque la vue est fortement r\u00e9duite et que l&#8217;on ne peut plus rien \u00e0 faire pour y rem\u00e9dier. Avec nos \u00e9quipements, nous redonnons la libert\u00e9 et l\u2019ind\u00e9pendance aux personnes malvoyantes. Vous pourrez \u00e0 nouveau lire, regarder des photos, pratiquer des hobbys ou travailler sur ordinateur. Notre gamme comprend des loupes d\u2019\u00e9cran, des loupes \u00e9lectroniques de poche, des lecteurs DAISY et des dispositifs de lecture.<\/p>\n\r\n\t\t<\/div>\r\n\t<\/div>\r\n<\/div><\/div><\/div><div class=\"vc_col-sm-4 wpb_column vc_column_container\"><div class=\"vc_column-inner\"><div class=\"wpb_wrapper\"><div class=\"w-image border-bottom-pink align_none\"><a class=\"w-image-h\" href=\"http:\/\/vanlentsystems.be\/pijnbestrijding\/\"><img loading=\"lazy\" decoding=\"async\" width=\"350\" height=\"170\" src=\"https:\/\/vanlentsystems.be\/wp-content\/uploads\/2019\/01\/pijnbestrijding.jpg\" class=\"attachment-full size-full\" alt=\"\" srcset=\"https:\/\/vanlentsystems.be\/wp-content\/uploads\/2019\/01\/pijnbestrijding.jpg 350w, https:\/\/vanlentsystems.be\/wp-content\/uploads\/2019\/01\/pijnbestrijding-300x146.jpg 300w\" sizes=\"auto, (max-width: 350px) 100vw, 350px\" \/><\/a><\/div>[vc_custom_heading text=&#8221;Soulagement de la douleur&#8221; font_container=&#8221;tag:h2|font_size:30px|text_align:left|color:%23e20091&#8243; use_theme_fonts=&#8221;yes&#8221; link=&#8221;url:http%3A%2F%2Fvanlentsystems.be%2Fpijnbestrijding%2F|&#8221; el_class=&#8221;text-color-pink&#8221;]\r\n\t<div class=\"wpb_text_column \">\r\n\t\t<div class=\"wpb_wrapper\">\r\n\t\t\t<p>Des milliers de personnes utilisent nos appareils TENS, et pour cause. TENS signifie Transcutaneous Electrical Neuro Stimulation (Neuro Simulation Electrique Transcutan\u00e9e). En r\u00e9sum\u00e9, ce sont de faibles courants \u00e9lectriques qui r\u00e9duisent la douleur. C\u2019est un moyen naturel, efficace et s\u00fbr de soulager les douleurs aigu\u00ebs et chroniques. Pratiquement toutes les douleurs peuvent \u00eatre trait\u00e9es efficacement par le syst\u00e8me TENS, ce qui contribue \u00e0 am\u00e9liorer la qualit\u00e9 de vie.<\/p>\n\r\n\t\t<\/div>\r\n\t<\/div>\r\n<\/div><\/div><\/div><div class=\"vc_col-sm-2 wpb_column vc_column_container\"><div class=\"vc_column-inner\"><div class=\"wpb_wrapper\"><\/div><\/div><\/div><\/div><\/div><\/section><section class=\"l-section wpb_row height_auto\" style=\"margin-bottom: 50px !important;\"><div class=\"l-section-h i-cf\"><div class=\"g-cols vc_row type_default valign_top\"><div class=\"vc_col-sm-2 vc_hidden-sm vc_hidden-xs wpb_column vc_column_container\"><div class=\"vc_column-inner\"><div class=\"wpb_wrapper\"><\/div><\/div><\/div><div class=\"vc_col-sm-4 vc_hidden-sm vc_hidden-xs wpb_column vc_column_container\"><div class=\"vc_column-inner\"><div class=\"wpb_wrapper\">      <a class=\"btn-text-left\" href=\"http:\/\/vanlentsystems.be\/slechtziend\/\" style=\"z-index: 2\">\n        <button class=\"btn-outlined btn-purple btn-150\">Plus d'infos<\/button>\n      <\/a>\n\n<\/div><\/div><\/div><div class=\"vc_col-sm-4 wpb_column vc_column_container\"><div class=\"vc_column-inner\"><div class=\"wpb_wrapper\">      <a class=\"btn-text-left\" href=\"http:\/\/vanlentsystems.be\/pijnbestrijding\/\" style=\"z-index: 2\">\n        <button class=\"btn-outlined btn-purple btn-150\">Plus d'infos<\/button>\n      <\/a>\n\n<\/div><\/div><\/div><div class=\"vc_col-sm-2 wpb_column vc_column_container\"><div class=\"vc_column-inner\"><div class=\"wpb_wrapper\"><\/div><\/div><\/div><\/div><\/div><\/section><section class=\"l-section wpb_row height_medium\"><div class=\"l-section-h i-cf\"><div class=\"g-cols vc_row type_default valign_top\"><div class=\"vc_col-sm-6 wpb_column vc_column_container\"><div class=\"vc_column-inner\"><div class=\"wpb_wrapper\"><div class=\"w-image align_center\"><div class=\"w-image-h\"><img loading=\"lazy\" decoding=\"async\" width=\"1214\" height=\"1043\" src=\"https:\/\/vanlentsystems.be\/wp-content\/uploads\/2020\/04\/pand-belgie.jpg\" class=\"attachment-full size-full\" alt=\"\" srcset=\"https:\/\/vanlentsystems.be\/wp-content\/uploads\/2020\/04\/pand-belgie.jpg 1214w, https:\/\/vanlentsystems.be\/wp-content\/uploads\/2020\/04\/pand-belgie-300x258.jpg 300w, https:\/\/vanlentsystems.be\/wp-content\/uploads\/2020\/04\/pand-belgie-1024x880.jpg 1024w, https:\/\/vanlentsystems.be\/wp-content\/uploads\/2020\/04\/pand-belgie-600x515.jpg 600w\" sizes=\"auto, (max-width: 1214px) 100vw, 1214px\" \/><\/div><\/div><\/div><\/div><\/div><div class=\"vc_col-sm-6 wpb_column vc_column_container\"><div class=\"vc_column-inner\"><div class=\"wpb_wrapper\">[vc_custom_heading text=&#8221;Van Lent Systems Belgium&#8221; use_theme_fonts=&#8221;yes&#8221;]\r\n\t<div class=\"wpb_text_column \">\r\n\t\t<div class=\"wpb_wrapper\">\r\n\t\t\t<p>Van Lent Systems Belgium est plus qu\u2019un simple fournisseur de produits innovants et de haute qualit\u00e9 pour la basse vision, la gestion de la douleur et l\u2019incontinence. En plus d\u2019\u00eatre un prestataire de soins, nous sommes \u00e9galement un prestataire de services qui soutient chaque utilisateur, m\u00eame apr\u00e8s l\u2019acquisition d\u2019un appareil.<\/p>\n<p>En tant que v\u00e9ritable entreprise familiale, nous nous soucions de tous nos utilisateurs. Nous avons une r\u00e9ponse \u00e0\u00a0tous types de\u00a0questions et nous trouverons une solution \u00e0 tout probl\u00e8me \u00e9ventuel. Apr\u00e8s plus de 30 ans, nous disposons d\u2019une grande connaissance dans ce domaine dont vous, en tant qu\u2019utilisateur, pourrez b\u00e9n\u00e9ficier.<br \/>\n<!--\n\n\n\n\n\n\n\n<ul class=\"lent-list\">\n\n\n\n\n<li>Lorem ipsum dolor sit amet, consectetuer adipiscing elit.<\/li>\n\n\n\n\n\n\n\n\n<li>Lorem ipsum dolor sit amet, consectetuer adipiscing elit.<\/li>\n\n\n\n\n\n\n\n\n<li>Lorem ipsum dolor sit amet, consectetuer adipiscing elit.<\/li>\n\n\n\n\n\n\n\n\n<li>Lorem ipsum dolor sit amet, consectetuer adipiscing elit.<\/li>\n\n\n\n\n\n\n\n\n<li>Lorem ipsum dolor sit amet, consectetuer adipiscing elit.<\/li>\n\n\n\n\n<\/ul>\n\n\n\n\n\n\n\n--><\/p>\n\r\n\t\t<\/div>\r\n\t<\/div>\r\n      <a class=\"btn-text-left\" href=\"http:\/\/vanlentsystems.be\/over-ons\/\" style=\"z-index: 2\">\n        <button class=\"btn-solid btn-green btn-150\">En savoir plus<\/button>\n      <\/a>\n\n<\/div><\/div><\/div><\/div><\/div><\/section><!-- Row Backgrounds --><div class=\"upb_color\" data-bg-override=\"0\" data-bg-color=\"#f6f6f6\" data-fadeout=\"\" data-fadeout-percentage=\"30\" data-parallax-content=\"\" data-parallax-content-sense=\"30\" data-row-effect-mobile-disable=\"true\" data-img-parallax-mobile-disable=\"true\" data-rtl=\"false\"  data-custom-vc-row=\"\"  data-vc=\"5.5.5\"  data-is_old_vc=\"\"  data-theme-support=\"\"   data-overlay=\"false\" data-overlay-color=\"\" data-overlay-pattern=\"\" data-overlay-pattern-opacity=\"\" data-overlay-pattern-size=\"\"    ><\/div><section class=\"l-section wpb_row height_medium\"><div class=\"l-section-h i-cf\"><div class=\"g-cols vc_row type_default valign_top\"><div class=\"vc_col-sm-12 wpb_column vc_column_container\"><div class=\"vc_column-inner\"><div class=\"wpb_wrapper\"><div class=\"owl-carousel testimonials\"><\/div><\/div><\/div><\/div><\/div><\/div><\/section><section class=\"l-section wpb_row height_medium\"><div class=\"l-section-h i-cf\"><div class=\"g-cols vc_row type_default valign_top\"><div class=\"vc_col-sm-12 wpb_column vc_column_container\"><div class=\"vc_column-inner\"><div class=\"wpb_wrapper\"><div class=\"w-image align_center\"><div class=\"w-image-h\"><img loading=\"lazy\" decoding=\"async\" width=\"842\" height=\"60\" src=\"https:\/\/vanlentsystems.be\/wp-content\/uploads\/2020\/05\/samenwerkende-partijen_be-002.png\" class=\"attachment-full size-full\" alt=\"\" srcset=\"https:\/\/vanlentsystems.be\/wp-content\/uploads\/2020\/05\/samenwerkende-partijen_be-002.png 842w, https:\/\/vanlentsystems.be\/wp-content\/uploads\/2020\/05\/samenwerkende-partijen_be-002-300x21.png 300w, https:\/\/vanlentsystems.be\/wp-content\/uploads\/2020\/05\/samenwerkende-partijen_be-002-825x60.png 825w, https:\/\/vanlentsystems.be\/wp-content\/uploads\/2020\/05\/samenwerkende-partijen_be-002-600x43.png 600w\" sizes=\"auto, (max-width: 842px) 100vw, 842px\" \/><\/div><\/div><\/div><\/div><\/div><\/div><\/div><\/section><!-- Row Backgrounds --><div class=\"upb_color\" data-bg-override=\"0\" data-bg-color=\"#f6f6f6\" data-fadeout=\"\" data-fadeout-percentage=\"30\" data-parallax-content=\"\" data-parallax-content-sense=\"30\" data-row-effect-mobile-disable=\"true\" data-img-parallax-mobile-disable=\"true\" data-rtl=\"false\"  data-custom-vc-row=\"\"  data-vc=\"5.5.5\"  data-is_old_vc=\"\"  data-theme-support=\"\"   data-overlay=\"false\" data-overlay-color=\"\" data-overlay-pattern=\"\" data-overlay-pattern-opacity=\"\" data-overlay-pattern-size=\"\"    ><\/div><section class=\"l-section wpb_row height_large contact-form-row\"><div class=\"l-section-h i-cf\"><div class=\"g-cols vc_row type_default valign_top\"><div class=\"vc_col-sm-12 wpb_column vc_column_container\"><div class=\"vc_column-inner\"><div class=\"wpb_wrapper\">[vc_custom_heading text=&#8221;Vous n\u2019avez pas trouv\u00e9 ce que vous cherchiez ?&#8221; font_container=&#8221;tag:h2|font_size:36px|text_align:center|color:%23ffffff&#8221; use_theme_fonts=&#8221;yes&#8221;]\n<div class=\"wpcf7 no-js\" id=\"wpcf7-f3809-o1\" lang=\"fr-FR\" dir=\"ltr\" data-wpcf7-id=\"3809\">\n<div class=\"screen-reader-response\"><p role=\"status\" aria-live=\"polite\" aria-atomic=\"true\"><\/p> <ul><\/ul><\/div>\n<form action=\"\/fr\/wp-json\/wp\/v2\/pages\/4184#wpcf7-f3809-o1\" method=\"post\" class=\"wpcf7-form init\" aria-label=\"Formulaire de contact\" novalidate=\"novalidate\" data-status=\"init\">\n<fieldset class=\"hidden-fields-container\"><input type=\"hidden\" name=\"_wpcf7\" value=\"3809\" \/><input type=\"hidden\" name=\"_wpcf7_version\" value=\"6.1.5\" \/><input type=\"hidden\" name=\"_wpcf7_locale\" value=\"fr_FR\" \/><input type=\"hidden\" name=\"_wpcf7_unit_tag\" value=\"wpcf7-f3809-o1\" \/><input type=\"hidden\" name=\"_wpcf7_container_post\" value=\"0\" \/><input type=\"hidden\" name=\"_wpcf7_posted_data_hash\" value=\"\" \/><input type=\"hidden\" name=\"_wpcf7_recaptcha_response\" value=\"\" \/>\n<\/fieldset>\n<div class=\"g-cols vc_row type_default valign_top\">\n\t<div class = \"vc_col-sm-1 wpb_column name-column\">\n\t<\/div>\n\t<div class = \"vc_col-sm-3 wpb_column name-column\">\n\t\t<div class=\"vc_column-inner\">\n\t\t\t<p><span class=\"wpcf7-form-control-wrap\" data-name=\"your-name\"><input size=\"40\" maxlength=\"400\" class=\"wpcf7-form-control wpcf7-text wpcf7-validates-as-required\" aria-required=\"true\" aria-invalid=\"false\" placeholder=\"Votre nom\" value=\"\" type=\"text\" name=\"your-name\" \/><\/span><br \/>\n<span class=\"wpcf7-form-control-wrap\" data-name=\"your-email\"><input size=\"40\" maxlength=\"400\" class=\"wpcf7-form-control wpcf7-email wpcf7-validates-as-required wpcf7-text wpcf7-validates-as-email\" aria-required=\"true\" aria-invalid=\"false\" placeholder=\"Adresse \u00e9lectronique\" value=\"\" type=\"email\" name=\"your-email\" \/><\/span><br \/>\n<span class=\"wpcf7-form-control-wrap\" data-name=\"phone\"><input size=\"40\" maxlength=\"400\" class=\"wpcf7-form-control wpcf7-text wpcf7-validates-as-required\" aria-required=\"true\" aria-invalid=\"false\" placeholder=\"Num\u00e9ro de t\u00e9l\u00e9phone\" value=\"\" type=\"text\" name=\"phone\" \/><\/span>\n\t\t\t<\/p>\n\t\t<\/div>\n\t<\/div>\n\t<div class = \"vc_col-sm-4 wpb_column email-column\">\n\t\t<div class=\"vc_column-inner\">\n\t\t\t<p><span class=\"wpcf7-form-control-wrap\" data-name=\"question\"><textarea cols=\"40\" rows=\"10\" maxlength=\"2000\" class=\"wpcf7-form-control wpcf7-textarea wpcf7-validates-as-required\" aria-required=\"true\" aria-invalid=\"false\" placeholder=\"Questions\/Remarques\" name=\"question\"><\/textarea><\/span>\n\t\t\t<\/p>\n\t\t<\/div>\n\t<\/div>\n\t<div class = \"vc_col-sm-4 wpb_column submit-column\">\n\t\t<div class=\"vc_column-inner\">\n\t\t\t<p><span class=\"wpcf7-form-control-wrap\" data-name=\"acceptance-51\"><span class=\"wpcf7-form-control wpcf7-acceptance\"><span class=\"wpcf7-list-item\"><label><input type=\"checkbox\" name=\"acceptance-51\" value=\"1\" aria-invalid=\"false\" \/><span class=\"wpcf7-list-item-label\">J'accepte le stockage de mes donn\u00e9es<\/span><\/label><\/span><\/span><\/span>\n\t\t\t<\/p>\n\t\t\t<p><button class=\"btn-green btn-solid btn-200\" id=\"send-form\" type=\"submit\"> Exp\u00e9dition<\/button>\n\t\t\t<\/p>\n\t\t<\/div>\n\t<\/div>\n<\/div><div class=\"wpcf7-response-output\" aria-hidden=\"true\"><\/div>\n<\/form>\n<\/div>\n<\/div><\/div><\/div><\/div><\/div><\/section><!-- Row Backgrounds --><div class=\"upb_color\" data-bg-override=\"0\" data-bg-color=\"#009add\" data-fadeout=\"\" data-fadeout-percentage=\"30\" data-parallax-content=\"\" data-parallax-content-sense=\"30\" data-row-effect-mobile-disable=\"true\" data-img-parallax-mobile-disable=\"true\" data-rtl=\"false\"  data-custom-vc-row=\"\"  data-vc=\"5.5.5\"  data-is_old_vc=\"\"  data-theme-support=\"\"   data-overlay=\"false\" data-overlay-color=\"\" data-overlay-pattern=\"\" data-overlay-pattern-opacity=\"\" data-overlay-pattern-size=\"\"    ><\/div>\n","protected":false},"excerpt":{"rendered":"[rev_slider_vc alias=\"slider-1-fr\"][vc_custom_heading text=\"Malvoyant\" font_container=\"tag:h2|font_size:30px|text_align:left|color:%2300a9dd\" use_theme_fonts=\"yes\" link=\"url:http%3A%2F%2Fvanlentsystems.be%2Fslechtziend%2F|\"] On parle de malvoyance lorsque la vue est fortement r\u00e9duite et que l'on ne peut plus rien \u00e0 faire pour y rem\u00e9dier. Avec nos \u00e9quipements, nous redonnons la libert\u00e9 et l\u2019ind\u00e9pendance aux personnes malvoyantes. Vous pourrez \u00e0 nouveau lire, regarder des photos, pratiquer des hobbys ou travailler sur ordinateur....","protected":false},"author":1,"featured_media":0,"parent":0,"menu_order":0,"comment_status":"closed","ping_status":"closed","template":"","meta":{"inline_featured_image":false,"footnotes":""},"class_list":["post-4184","page","type-page","status-publish","hentry"],"yoast_head":"<!-- This site is optimized with the Yoast SEO plugin v27.5 - https:\/\/yoast.com\/product\/yoast-seo-wordpress\/ -->\n<title>Accueil - Van Lent Systems Belgium<\/title>\n<meta name=\"robots\" content=\"index, follow, max-snippet:-1, max-image-preview:large, max-video-preview:-1\" \/>\n<link rel=\"canonical\" href=\"https:\/\/vanlentsystems.be\/fr\/\" \/>\n<meta property=\"og:locale\" content=\"fr_FR\" \/>\n<meta property=\"og:type\" content=\"article\" \/>\n<meta property=\"og:title\" content=\"Accueil - Van Lent Systems Belgium\" \/>\n<meta property=\"og:url\" content=\"https:\/\/vanlentsystems.be\/fr\/\" \/>\n<meta property=\"og:site_name\" content=\"Van Lent Systems Belgium\" \/>\n<meta property=\"article:modified_time\" content=\"2020-06-26T11:09:36+00:00\" \/>\n<meta name=\"twitter:card\" content=\"summary_large_image\" \/>\n<meta name=\"twitter:label1\" content=\"Dur\u00e9e de lecture estim\u00e9e\" \/>\n\t<meta name=\"twitter:data1\" content=\"3 minutes\" \/>\n<script type=\"application\/ld+json\" class=\"yoast-schema-graph\">{\"@context\":\"https:\\\/\\\/schema.org\",\"@graph\":[{\"@type\":\"WebPage\",\"@id\":\"https:\\\/\\\/vanlentsystems.be\\\/fr\\\/\",\"url\":\"https:\\\/\\\/vanlentsystems.be\\\/fr\\\/\",\"name\":\"Accueil - Van Lent Systems Belgium\",\"isPartOf\":{\"@id\":\"https:\\\/\\\/vanlentsystems.be\\\/fr\\\/#website\"},\"datePublished\":\"2020-06-19T13:25:48+00:00\",\"dateModified\":\"2020-06-26T11:09:36+00:00\",\"breadcrumb\":{\"@id\":\"https:\\\/\\\/vanlentsystems.be\\\/fr\\\/#breadcrumb\"},\"inLanguage\":\"fr-FR\",\"potentialAction\":[{\"@type\":\"ReadAction\",\"target\":[\"https:\\\/\\\/vanlentsystems.be\\\/fr\\\/\"]}]},{\"@type\":\"BreadcrumbList\",\"@id\":\"https:\\\/\\\/vanlentsystems.be\\\/fr\\\/#breadcrumb\",\"itemListElement\":[{\"@type\":\"ListItem\",\"position\":1,\"name\":\"Home\",\"item\":\"https:\\\/\\\/vanlentsystems.be\\\/fr\\\/\"},{\"@type\":\"ListItem\",\"position\":2,\"name\":\"Accueil\"}]},{\"@type\":\"WebSite\",\"@id\":\"https:\\\/\\\/vanlentsystems.be\\\/fr\\\/#website\",\"url\":\"https:\\\/\\\/vanlentsystems.be\\\/fr\\\/\",\"name\":\"Van Lent Systems Belgium\",\"description\":\"\",\"potentialAction\":[{\"@type\":\"SearchAction\",\"target\":{\"@type\":\"EntryPoint\",\"urlTemplate\":\"https:\\\/\\\/vanlentsystems.be\\\/fr\\\/?s={search_term_string}\"},\"query-input\":{\"@type\":\"PropertyValueSpecification\",\"valueRequired\":true,\"valueName\":\"search_term_string\"}}],\"inLanguage\":\"fr-FR\"}]}<\/script>\n<!-- \/ Yoast SEO plugin. -->","yoast_head_json":{"title":"Accueil - Van Lent Systems Belgium","robots":{"index":"index","follow":"follow","max-snippet":"max-snippet:-1","max-image-preview":"max-image-preview:large","max-video-preview":"max-video-preview:-1"},"canonical":"https:\/\/vanlentsystems.be\/fr\/","og_locale":"fr_FR","og_type":"article","og_title":"Accueil - Van Lent Systems Belgium","og_url":"https:\/\/vanlentsystems.be\/fr\/","og_site_name":"Van Lent Systems Belgium","article_modified_time":"2020-06-26T11:09:36+00:00","twitter_card":"summary_large_image","twitter_misc":{"Dur\u00e9e de lecture estim\u00e9e":"3 minutes"},"schema":{"@context":"https:\/\/schema.org","@graph":[{"@type":"WebPage","@id":"https:\/\/vanlentsystems.be\/fr\/","url":"https:\/\/vanlentsystems.be\/fr\/","name":"Accueil - Van Lent Systems Belgium","isPartOf":{"@id":"https:\/\/vanlentsystems.be\/fr\/#website"},"datePublished":"2020-06-19T13:25:48+00:00","dateModified":"2020-06-26T11:09:36+00:00","breadcrumb":{"@id":"https:\/\/vanlentsystems.be\/fr\/#breadcrumb"},"inLanguage":"fr-FR","potentialAction":[{"@type":"ReadAction","target":["https:\/\/vanlentsystems.be\/fr\/"]}]},{"@type":"BreadcrumbList","@id":"https:\/\/vanlentsystems.be\/fr\/#breadcrumb","itemListElement":[{"@type":"ListItem","position":1,"name":"Home","item":"https:\/\/vanlentsystems.be\/fr\/"},{"@type":"ListItem","position":2,"name":"Accueil"}]},{"@type":"WebSite","@id":"https:\/\/vanlentsystems.be\/fr\/#website","url":"https:\/\/vanlentsystems.be\/fr\/","name":"Van Lent Systems Belgium","description":"","potentialAction":[{"@type":"SearchAction","target":{"@type":"EntryPoint","urlTemplate":"https:\/\/vanlentsystems.be\/fr\/?s={search_term_string}"},"query-input":{"@type":"PropertyValueSpecification","valueRequired":true,"valueName":"search_term_string"}}],"inLanguage":"fr-FR"}]}},"_links":{"self":[{"href":"https:\/\/vanlentsystems.be\/fr\/wp-json\/wp\/v2\/pages\/4184","targetHints":{"allow":["GET"]}}],"collection":[{"href":"https:\/\/vanlentsystems.be\/fr\/wp-json\/wp\/v2\/pages"}],"about":[{"href":"https:\/\/vanlentsystems.be\/fr\/wp-json\/wp\/v2\/types\/page"}],"author":[{"embeddable":true,"href":"https:\/\/vanlentsystems.be\/fr\/wp-json\/wp\/v2\/users\/1"}],"replies":[{"embeddable":true,"href":"https:\/\/vanlentsystems.be\/fr\/wp-json\/wp\/v2\/comments?post=4184"}],"version-history":[{"count":4,"href":"https:\/\/vanlentsystems.be\/fr\/wp-json\/wp\/v2\/pages\/4184\/revisions"}],"predecessor-version":[{"id":4709,"href":"https:\/\/vanlentsystems.be\/fr\/wp-json\/wp\/v2\/pages\/4184\/revisions\/4709"}],"wp:attachment":[{"href":"https:\/\/vanlentsystems.be\/fr\/wp-json\/wp\/v2\/media?parent=4184"}],"curies":[{"name":"wp","href":"https:\/\/api.w.org\/{rel}","templated":true}]}}