{"id":4182,"date":"2020-06-19T15:25:48","date_gmt":"2020-06-19T13:25:48","guid":{"rendered":"https:\/\/vanlentsystems.be\/soulagement-de-la-douleur\/"},"modified":"2021-02-02T17:02:13","modified_gmt":"2021-02-02T16:02:13","slug":"soulagement-de-la-douleur","status":"publish","type":"page","link":"https:\/\/vanlentsystems.be\/fr\/soulagement-de-la-douleur\/","title":{"rendered":"Soulagement de la douleur"},"content":{"rendered":"<section class=\"l-section wpb_row height_medium width_full header-slider\"><div class=\"l-section-h i-cf\"><div class=\"g-cols vc_row type_default valign_top\"><div class=\"vc_col-sm-12 wpb_column vc_column_container\"><div class=\"vc_column-inner\"><div class=\"wpb_wrapper\">[rev_slider_vc alias=&#8221;Soulagement de la douleur&#8221; el_class=&#8221;border-bottom-pink&#8221;]<\/div><\/div><\/div><\/div><\/div><\/section><section class=\"l-section wpb_row height_medium\"><div class=\"l-section-h i-cf\"><div class=\"g-cols vc_row type_default valign_middle\"><div class=\"vc_col-sm-6 wpb_column vc_column_container\"><div class=\"vc_column-inner\"><div class=\"wpb_wrapper\">[vc_custom_heading text=&#8221;Soulagement de la douleur&#8221; use_theme_fonts=&#8221;yes&#8221;]\r\n\t<div class=\"wpb_text_column \">\r\n\t\t<div class=\"wpb_wrapper\">\r\n\t\t\t<p>Des milliers de personnes utilisent nos appareils TENS, et pour cause. C\u2019est un moyen naturel, efficace et s\u00fbr de soulager les douleurs aigu\u00ebs et chroniques. Pratiquement toutes les douleurs peuvent \u00eatre trait\u00e9es efficacement par le syst\u00e8me TENS, ce qui contribue \u00e0 am\u00e9liorer la qualit\u00e9 de vie.<\/p>\n<p>La douleur est une perception personnelle. Chaque personne la vit diff\u00e9remment. Un stimulateur nerveux transmet des impulsions \u00e9lectriques aux nerfs \u00e0 travers la peau au moyen d&#8217;\u00e9lectrodes plac\u00e9es sur le corps. Les nerfs sont ainsi distraits des stimuli de la douleur pr\u00e9sents et moins de signaux de douleur seront transmis au cerveau. De plus, le corps sera stimul\u00e9 pour produire des endorphines qui ont un effet analg\u00e9sique.<\/p>\n<p>Le gros avantage de TENS est que vous pouvez facilement utiliser cet appareil \u00e0 la maison. TENS n&#8217;a aucun effet secondaire (autre qu&#8217;une irritation cutan\u00e9e due \u00e0 l&#8217;utilisation d&#8217;\u00e9lectrodes) et une utilisation \u00e0 long terme n&#8217;est ni nocive ni dangereuse. TENS n&#8217;a pas d&#8217;effet anesth\u00e9siant ou engourdissant, contrairement \u00e0 de nombreux analg\u00e9siques puissants.<\/p>\n\r\n\t\t<\/div>\r\n\t<\/div>\r\n<\/div><\/div><\/div><div class=\"vc_col-sm-6 wpb_column vc_column_container\"><div class=\"vc_column-inner\"><div class=\"wpb_wrapper\"><div class=\"w-image align_center\"><div class=\"w-image-h\"><img loading=\"lazy\" decoding=\"async\" width=\"1000\" height=\"667\" src=\"https:\/\/vanlentsystems.be\/wp-content\/uploads\/2019\/02\/iStock-939176462-e1550228367560.jpg\" class=\"attachment-full size-full\" alt=\"\" \/><\/div><\/div><\/div><\/div><\/div><\/div><\/div><\/section><section class=\"l-section wpb_row height_medium\"><div class=\"l-section-h i-cf\"><div class=\"g-cols vc_row type_default valign_middle\"><div class=\"vc_col-sm-6 wpb_column vc_column_container\"><div class=\"vc_column-inner\"><div class=\"wpb_wrapper\"><div class=\"w-image align_center\"><div class=\"w-image-h\"><img loading=\"lazy\" decoding=\"async\" width=\"1000\" height=\"668\" src=\"https:\/\/vanlentsystems.be\/wp-content\/uploads\/2019\/02\/iStock-892044520-e1550228374330.jpg\" class=\"attachment-full size-full\" alt=\"\" \/><\/div><\/div><\/div><\/div><\/div><div class=\"vc_col-sm-6 wpb_column vc_column_container\"><div class=\"vc_column-inner\"><div class=\"wpb_wrapper\">[vc_custom_heading text=&#8221;Prescripteurs et assurance&#8221; use_theme_fonts=&#8221;yes&#8221;]\r\n\t<div class=\"wpb_text_column \">\r\n\t\t<div class=\"wpb_wrapper\">\r\n\t\t\t<p>TENS peut \u00eatre prescrit pour les sympt\u00f4mes de douleur chronique et les syndromes de douleur.<\/p>\n<p>Un prescripteur sp\u00e9cialiste peut \u00eatre trouv\u00e9 \u00e0 l&#8217;h\u00f4pital au service multidisciplinaire (clinique de la douleur) ou chez un kin\u00e9sith\u00e9rapeute. Apr\u00e8s une p\u00e9riode d&#8217;essai r\u00e9ussie, la demande peut nous \u00eatre envoy\u00e9e directement. Pour plus d&#8217;informations sur le remboursement des TENS, veuillez vous r\u00e9f\u00e9rer \u00e0 votre assurance maladie. Il en va de m\u00eame pour les consommables associ\u00e9s.<\/p>\n\r\n\t\t<\/div>\r\n\t<\/div>\r\n<\/div><\/div><\/div><\/div><\/div><\/section><!-- Row Backgrounds --><div class=\"upb_color\" data-bg-override=\"0\" data-bg-color=\"#f6f6f6\" data-fadeout=\"\" data-fadeout-percentage=\"30\" data-parallax-content=\"\" data-parallax-content-sense=\"30\" data-row-effect-mobile-disable=\"true\" data-img-parallax-mobile-disable=\"true\" data-rtl=\"false\"  data-custom-vc-row=\"\"  data-vc=\"5.5.5\"  data-is_old_vc=\"\"  data-theme-support=\"\"   data-overlay=\"false\" data-overlay-color=\"\" data-overlay-pattern=\"\" data-overlay-pattern-opacity=\"\" data-overlay-pattern-size=\"\"    ><\/div><section class=\"l-section wpb_row height_medium\"><div class=\"l-section-h i-cf\"><div class=\"g-cols vc_row type_default valign_middle\"><div class=\"vc_col-sm-6 wpb_column vc_column_container\"><div class=\"vc_column-inner\"><div class=\"wpb_wrapper\">[vc_custom_heading text=&#8221;Consommables TENS&#8221; use_theme_fonts=&#8221;yes&#8221;]\r\n\t<div class=\"wpb_text_column \">\r\n\t\t<div class=\"wpb_wrapper\">\r\n\t\t\t<p>L&#8217;iPulz et les PerfectmamaTENS n\u00e9cessitent tous deux des consommables.<\/p>\n<p>Les consommables importants sont les \u00e9lectrodes. TENS utilise des \u00e9lectrodes plac\u00e9es sur la peau. Tout le monde a un type de peau diff\u00e9rent : certaines personnes ont une peau hypersensible ou une forte transpiration entre autres exemples. C&#8217;est pourquoi notre gamme propose de nombreux types d&#8217;\u00e9lectrodes TENS.<\/p>\n\r\n\t\t<\/div>\r\n\t<\/div>\r\n      <a class=\"btn-text-center\" href=\"https:\/\/vanlentsystems.be\/fr\/consommables-tens\/formulaire-de-commande-daccessoires-tens\/\" style=\"z-index: 2\">\n        <button class=\"btn-solid btn-green btn-150\">Commander directement<\/button>\n      <\/a>\n\n<\/div><\/div><\/div><div class=\"vc_col-sm-6 wpb_column vc_column_container\"><div class=\"vc_column-inner\"><div class=\"wpb_wrapper\"><div class=\"w-image align_center\"><div class=\"w-image-h\"><img loading=\"lazy\" decoding=\"async\" width=\"1000\" height=\"667\" src=\"https:\/\/vanlentsystems.be\/wp-content\/uploads\/2019\/02\/iStock-484737568-e1550228361728.jpg\" class=\"attachment-full size-full\" alt=\"\" \/><\/div><\/div><\/div><\/div><\/div><\/div><\/div><\/section><section class=\"l-section wpb_row height_medium\"><div class=\"l-section-h i-cf\"><div class=\"g-cols vc_row type_default valign_top\"><div class=\"vc_col-sm-12 wpb_column vc_column_container\"><div class=\"vc_column-inner\"><div class=\"wpb_wrapper\"><div class=\"g-cols wpb_row  type_default valign_top vc_inner \"><div class=\"vc_col-sm-2 wpb_column vc_column_container\"><div class=\"vc_column-inner\"><div class=\"wpb_wrapper\"><\/div><\/div><\/div><div class=\"vc_col-sm-8 wpb_column vc_column_container\"><div class=\"vc_column-inner\"><div class=\"wpb_wrapper\">[vc_custom_heading text=&#8221;Produits&#8221; font_container=&#8221;tag:h2|text_align:center&#8221; use_theme_fonts=&#8221;yes&#8221;]\r\n\t<div class=\"wpb_text_column \">\r\n\t\t<div class=\"wpb_wrapper\">\r\n\t\t\t<p style=\"text-align: center;\">Consultez nos produits pour le soulagement de la douleur et les consommables n\u00e9cessaires.<\/p>\n\r\n\t\t<\/div>\r\n\t<\/div>\r\n<\/div><\/div><\/div><div class=\"vc_col-sm-2 wpb_column vc_column_container\"><div class=\"vc_column-inner\"><div class=\"wpb_wrapper\"><\/div><\/div><\/div><\/div><div class=\"g-cols wpb_row  type_default valign_top vc_inner \"><div class=\"vc_col-sm-4 wpb_column vc_column_container\"><div class=\"vc_column-inner\"><div class=\"wpb_wrapper\">\n    <div class=\"vc_column-inner product-block\" style=\"background-color: #ffffff\">\n      <div class=\"image-container\">\n        <a href=\"https:\/\/vanlentsystems.be\/fr\/soulagement-de-la-douleur\/i-pulz-2\/\"> <img decoding=\"async\" src=\"https:\/\/vanlentsystems.be\/wp-content\/uploads\/2021\/02\/450x450_i-Pulz2_apparaat.png\"> <\/a>\n      <\/div>\n      <div class=\"product-title\">\n        <a href=\"https:\/\/vanlentsystems.be\/fr\/soulagement-de-la-douleur\/i-pulz-2\/\"> i-Pulz 2<\/a>\n      <\/div>\n      <div class=\"more-info\">\n        <i class=\"fas fa-angle-right\"><\/i><a href=\"https:\/\/vanlentsystems.be\/fr\/soulagement-de-la-douleur\/i-pulz-2\/\">Plus d'informations<\/a>\n      <\/div>\n      <div class=\"call-to-action\">\n        <a class=\"btn-text-left\" href=\"https:\/\/vanlentsystems.be\/fr\/webshop\/soulagement-de-la-douleur\/i-pulz\/\">\n          <button class=\"btn-green btn-150 btn-solid\">Voir le produit<\/button>\n        <\/a>\n      <\/div>\n          <\/div>\n\n    <\/div><\/div><\/div><div class=\"vc_col-sm-4 wpb_column vc_column_container\"><div class=\"vc_column-inner\"><div class=\"wpb_wrapper\">\n    <div class=\"vc_column-inner product-block\" style=\"background-color: #ffffff\">\n      <div class=\"image-container\">\n        <a href=\"https:\/\/vanlentsystems.be\/fr\/soulagement-de-la-douleur\/perfect-mamatens\/\"> <img decoding=\"async\" src=\"https:\/\/vanlentsystems.be\/wp-content\/uploads\/2020\/04\/PerfectMamaTENS-front.png\"> <\/a>\n      <\/div>\n      <div class=\"product-title\">\n        <a href=\"https:\/\/vanlentsystems.be\/fr\/soulagement-de-la-douleur\/perfect-mamatens\/\"> PerfectmamaTENS<\/a>\n      <\/div>\n      <div class=\"more-info\">\n        <i class=\"fas fa-angle-right\"><\/i><a href=\"https:\/\/vanlentsystems.be\/fr\/soulagement-de-la-douleur\/perfect-mamatens\/\">Plus d'informations<\/a>\n      <\/div>\n      <div class=\"call-to-action\">\n        <a class=\"btn-text-left\" href=\"https:\/\/vanlentsystems.be\/fr\/webshop\/soulagement-de-la-douleur\/mamatens-fr\/perfectmamatens-2\/\">\n          <button class=\"btn-green btn-150 btn-solid\">Voir le produit<\/button>\n        <\/a>\n      <\/div>\n          <\/div>\n\n    <\/div><\/div><\/div><div class=\"vc_col-sm-4 wpb_column vc_column_container\"><div class=\"vc_column-inner\"><div class=\"wpb_wrapper\">\n    <div class=\"vc_column-inner product-block\" style=\"background-color: #ffffff\">\n      <div class=\"image-container\">\n        <a href=\"https:\/\/vanlentsystems.be\/fr\/consommables-tens\/\"> <img decoding=\"async\" src=\"https:\/\/vanlentsystems.be\/wp-content\/uploads\/2019\/02\/iStock-484737568-e1550228361728.jpg\"> <\/a>\n      <\/div>\n      <div class=\"product-title\">\n        <a href=\"https:\/\/vanlentsystems.be\/fr\/consommables-tens\/\"> Consommables TENS<\/a>\n      <\/div>\n      <div class=\"more-info\">\n        <i class=\"fas fa-angle-right\"><\/i><a href=\"https:\/\/vanlentsystems.be\/fr\/consommables-tens\/\">Plus d'informations<\/a>\n      <\/div>\n      <div class=\"call-to-action\">\n        <a class=\"btn-text-left\" href=\"https:\/\/vanlentsystems.be\/fr\/consommables-tens\/\">\n          <button class=\"btn-green btn-150 btn-solid\">Voir le produit<\/button>\n        <\/a>\n      <\/div>\n          <\/div>\n\n    <\/div><\/div><\/div><\/div><div class=\"g-cols wpb_row  type_default valign_top vc_inner \"><div class=\"vc_col-sm-4 wpb_column vc_column_container\"><div class=\"vc_column-inner\"><div class=\"wpb_wrapper\">\n    <div class=\"vc_column-inner product-block\" style=\"background-color: #ffffff\">\n      <div class=\"image-container\">\n        <a href=\"https:\/\/vanlentsystems.be\/fr\/soulagement-de-la-douleur\/i-pulz\/\"> <img decoding=\"async\" src=\"https:\/\/vanlentsystems.be\/wp-content\/uploads\/2018\/08\/i-pulz_foto_1-e1554728996783.png\"> <\/a>\n      <\/div>\n      <div class=\"product-title\">\n        <a href=\"https:\/\/vanlentsystems.be\/fr\/soulagement-de-la-douleur\/i-pulz\/\"> i-Pulz<\/a>\n      <\/div>\n      <div class=\"more-info\">\n        <i class=\"fas fa-angle-right\"><\/i><a href=\"https:\/\/vanlentsystems.be\/fr\/soulagement-de-la-douleur\/i-pulz\/\">Plus d'informations<\/a>\n      <\/div>\n      <div class=\"call-to-action\">\n        <a class=\"btn-text-left\" href=\"https:\/\/vanlentsystems.be\/fr\/webshop\/soulagement-de-la-douleur\/i-pulz-fr\/i-pulz-2-2\/\">\n          <button class=\"btn-green btn-150 btn-solid\">Voir le produit<\/button>\n        <\/a>\n      <\/div>\n          <\/div>\n\n    <\/div><\/div><\/div><div class=\"vc_col-sm-4 wpb_column vc_column_container\"><div class=\"vc_column-inner\"><div class=\"wpb_wrapper\"><\/div><\/div><\/div><div class=\"vc_col-sm-4 wpb_column vc_column_container\"><div class=\"vc_column-inner\"><div class=\"wpb_wrapper\"><\/div><\/div><\/div><\/div><\/div><\/div><\/div><\/div><\/div><\/section><!-- Row Backgrounds --><div class=\"upb_color\" data-bg-override=\"0\" data-bg-color=\"#f6f6f6\" data-fadeout=\"\" data-fadeout-percentage=\"30\" data-parallax-content=\"\" data-parallax-content-sense=\"30\" data-row-effect-mobile-disable=\"true\" data-img-parallax-mobile-disable=\"true\" data-rtl=\"false\"  data-custom-vc-row=\"\"  data-vc=\"5.5.5\"  data-is_old_vc=\"\"  data-theme-support=\"\"   data-overlay=\"false\" data-overlay-color=\"\" data-overlay-pattern=\"\" data-overlay-pattern-opacity=\"\" data-overlay-pattern-size=\"\"    ><\/div><section class=\"l-section wpb_row height_auto\" style=\"margin-top: 75px !important;margin-bottom: 75px !important;\"><div class=\"l-section-h i-cf\"><div class=\"g-cols vc_row type_default valign_middle\"><div class=\"vc_col-sm-2 wpb_column vc_column_container\"><div class=\"vc_column-inner\"><div class=\"wpb_wrapper\"><\/div><\/div><\/div><div class=\"vc_col-sm-5 wpb_column vc_column_container has-fill\" style=\"color:#ffffff;\"><div class=\"vc_column-inner  vc_custom_1553077553543 color_custom\"><div class=\"wpb_wrapper\"><div class=\"w-separator size_custom\" style=\"height:20px;\"><\/div>[vc_custom_heading text=&#8221;Appelez-nous !&#8221; font_container=&#8221;tag:h2|font_size:30px|text_align:left|color:%23ffffff&#8221; use_theme_fonts=&#8221;yes&#8221;]<div class=\"w-separator size_custom\" style=\"height:20px;\"><\/div><div class=\"w-iconbox iconpos_left style_default color_custom align_center no_text align-bottom text-color-white\"><div class=\"w-iconbox-icon\" style=\"font-size:18px;color:#ffffff;\"><i class=\"fas fa-phone\"><\/i><\/div><div class=\"w-iconbox-meta\"><h4 class=\"w-iconbox-title\" style=\"font-size:24;\">+32 (0) 3 - 434 09 10<\/h4><\/div><\/div><div class=\"w-separator size_custom\" style=\"height:70px;\"><\/div><\/div><\/div><\/div><div class=\"vc_col-sm-5 wpb_column vc_column_container\"><div class=\"vc_column-inner\"><div class=\"wpb_wrapper\"><div class=\"w-separator size_custom\" style=\"height:30px;\"><\/div>      <a class=\"btn-text-center\" href=\"http:\/\/vanlentsystems.be\/faq\/\" style=\"z-index: 2\">\n        <button class=\"btn-outlined btn-purple btn-200\">FAQ<\/button>\n      <\/a>\n\n<div class=\"w-separator size_custom\" style=\"height:18px;\"><\/div>      <a class=\"btn-text-left\" href=\"https:\/\/vanlentsystems.be\/fr\/formulaire-de-reclamation\/\" style=\"z-index: 2\">\n        <button class=\"btn-outlined btn-purple btn-200\">Formulaire de plainte<\/button>\n      <\/a>\n\n<div class=\"w-separator size_custom\" style=\"height:30px;\"><\/div><\/div><\/div><\/div><\/div><\/div><\/section><section class=\"l-section wpb_row height_medium\"><div class=\"l-section-h i-cf\"><div class=\"g-cols vc_row type_default valign_top\"><div class=\"vc_col-sm-12 wpb_column vc_column_container\"><div class=\"vc_column-inner\"><div class=\"wpb_wrapper\"><\/div><\/div><\/div><\/div><\/div><\/section>\n","protected":false},"excerpt":{"rendered":"[rev_slider_vc alias=\"Soulagement de la douleur\" el_class=\"border-bottom-pink\"][vc_custom_heading text=\"Soulagement de la douleur\" use_theme_fonts=\"yes\"] Des milliers de personnes utilisent nos appareils TENS, et pour cause. C\u2019est un moyen naturel, efficace et s\u00fbr de soulager les douleurs aigu\u00ebs et chroniques. Pratiquement toutes les douleurs peuvent \u00eatre trait\u00e9es efficacement par le syst\u00e8me TENS, ce qui contribue \u00e0 am\u00e9liorer la qualit\u00e9...","protected":false},"author":1,"featured_media":0,"parent":0,"menu_order":0,"comment_status":"closed","ping_status":"closed","template":"","meta":{"inline_featured_image":false,"footnotes":""},"class_list":["post-4182","page","type-page","status-publish","hentry"],"yoast_head":"<!-- This site is optimized with the Yoast SEO plugin v27.4 - https:\/\/yoast.com\/product\/yoast-seo-wordpress\/ -->\n<title>Soulagement de la douleur - Van Lent Systems Belgium<\/title>\n<meta name=\"robots\" content=\"index, follow, max-snippet:-1, max-image-preview:large, max-video-preview:-1\" \/>\n<link rel=\"canonical\" href=\"https:\/\/vanlentsystems.be\/fr\/soulagement-de-la-douleur\/\" \/>\n<meta property=\"og:locale\" content=\"fr_FR\" \/>\n<meta property=\"og:type\" content=\"article\" \/>\n<meta property=\"og:title\" content=\"Soulagement de la douleur - Van Lent Systems Belgium\" \/>\n<meta property=\"og:url\" content=\"https:\/\/vanlentsystems.be\/fr\/soulagement-de-la-douleur\/\" \/>\n<meta property=\"og:site_name\" content=\"Van Lent Systems Belgium\" \/>\n<meta property=\"article:modified_time\" content=\"2021-02-02T16:02:13+00:00\" \/>\n<meta name=\"twitter:card\" content=\"summary_large_image\" \/>\n<meta name=\"twitter:label1\" content=\"Dur\u00e9e de lecture estim\u00e9e\" \/>\n\t<meta name=\"twitter:data1\" content=\"5 minutes\" \/>\n<script type=\"application\/ld+json\" class=\"yoast-schema-graph\">{\"@context\":\"https:\\\/\\\/schema.org\",\"@graph\":[{\"@type\":\"WebPage\",\"@id\":\"https:\\\/\\\/vanlentsystems.be\\\/fr\\\/soulagement-de-la-douleur\\\/\",\"url\":\"https:\\\/\\\/vanlentsystems.be\\\/fr\\\/soulagement-de-la-douleur\\\/\",\"name\":\"Soulagement de la douleur - Van Lent Systems Belgium\",\"isPartOf\":{\"@id\":\"https:\\\/\\\/vanlentsystems.be\\\/fr\\\/#website\"},\"datePublished\":\"2020-06-19T13:25:48+00:00\",\"dateModified\":\"2021-02-02T16:02:13+00:00\",\"breadcrumb\":{\"@id\":\"https:\\\/\\\/vanlentsystems.be\\\/fr\\\/soulagement-de-la-douleur\\\/#breadcrumb\"},\"inLanguage\":\"fr-FR\",\"potentialAction\":[{\"@type\":\"ReadAction\",\"target\":[\"https:\\\/\\\/vanlentsystems.be\\\/fr\\\/soulagement-de-la-douleur\\\/\"]}]},{\"@type\":\"BreadcrumbList\",\"@id\":\"https:\\\/\\\/vanlentsystems.be\\\/fr\\\/soulagement-de-la-douleur\\\/#breadcrumb\",\"itemListElement\":[{\"@type\":\"ListItem\",\"position\":1,\"name\":\"Home\",\"item\":\"https:\\\/\\\/vanlentsystems.be\\\/fr\\\/\"},{\"@type\":\"ListItem\",\"position\":2,\"name\":\"Soulagement de la douleur\"}]},{\"@type\":\"WebSite\",\"@id\":\"https:\\\/\\\/vanlentsystems.be\\\/fr\\\/#website\",\"url\":\"https:\\\/\\\/vanlentsystems.be\\\/fr\\\/\",\"name\":\"Van Lent Systems Belgium\",\"description\":\"\",\"potentialAction\":[{\"@type\":\"SearchAction\",\"target\":{\"@type\":\"EntryPoint\",\"urlTemplate\":\"https:\\\/\\\/vanlentsystems.be\\\/fr\\\/?s={search_term_string}\"},\"query-input\":{\"@type\":\"PropertyValueSpecification\",\"valueRequired\":true,\"valueName\":\"search_term_string\"}}],\"inLanguage\":\"fr-FR\"}]}<\/script>\n<!-- \/ Yoast SEO plugin. -->","yoast_head_json":{"title":"Soulagement de la douleur - Van Lent Systems Belgium","robots":{"index":"index","follow":"follow","max-snippet":"max-snippet:-1","max-image-preview":"max-image-preview:large","max-video-preview":"max-video-preview:-1"},"canonical":"https:\/\/vanlentsystems.be\/fr\/soulagement-de-la-douleur\/","og_locale":"fr_FR","og_type":"article","og_title":"Soulagement de la douleur - Van Lent Systems Belgium","og_url":"https:\/\/vanlentsystems.be\/fr\/soulagement-de-la-douleur\/","og_site_name":"Van Lent Systems Belgium","article_modified_time":"2021-02-02T16:02:13+00:00","twitter_card":"summary_large_image","twitter_misc":{"Dur\u00e9e de lecture estim\u00e9e":"5 minutes"},"schema":{"@context":"https:\/\/schema.org","@graph":[{"@type":"WebPage","@id":"https:\/\/vanlentsystems.be\/fr\/soulagement-de-la-douleur\/","url":"https:\/\/vanlentsystems.be\/fr\/soulagement-de-la-douleur\/","name":"Soulagement de la douleur - Van Lent Systems Belgium","isPartOf":{"@id":"https:\/\/vanlentsystems.be\/fr\/#website"},"datePublished":"2020-06-19T13:25:48+00:00","dateModified":"2021-02-02T16:02:13+00:00","breadcrumb":{"@id":"https:\/\/vanlentsystems.be\/fr\/soulagement-de-la-douleur\/#breadcrumb"},"inLanguage":"fr-FR","potentialAction":[{"@type":"ReadAction","target":["https:\/\/vanlentsystems.be\/fr\/soulagement-de-la-douleur\/"]}]},{"@type":"BreadcrumbList","@id":"https:\/\/vanlentsystems.be\/fr\/soulagement-de-la-douleur\/#breadcrumb","itemListElement":[{"@type":"ListItem","position":1,"name":"Home","item":"https:\/\/vanlentsystems.be\/fr\/"},{"@type":"ListItem","position":2,"name":"Soulagement de la douleur"}]},{"@type":"WebSite","@id":"https:\/\/vanlentsystems.be\/fr\/#website","url":"https:\/\/vanlentsystems.be\/fr\/","name":"Van Lent Systems Belgium","description":"","potentialAction":[{"@type":"SearchAction","target":{"@type":"EntryPoint","urlTemplate":"https:\/\/vanlentsystems.be\/fr\/?s={search_term_string}"},"query-input":{"@type":"PropertyValueSpecification","valueRequired":true,"valueName":"search_term_string"}}],"inLanguage":"fr-FR"}]}},"_links":{"self":[{"href":"https:\/\/vanlentsystems.be\/fr\/wp-json\/wp\/v2\/pages\/4182","targetHints":{"allow":["GET"]}}],"collection":[{"href":"https:\/\/vanlentsystems.be\/fr\/wp-json\/wp\/v2\/pages"}],"about":[{"href":"https:\/\/vanlentsystems.be\/fr\/wp-json\/wp\/v2\/types\/page"}],"author":[{"embeddable":true,"href":"https:\/\/vanlentsystems.be\/fr\/wp-json\/wp\/v2\/users\/1"}],"replies":[{"embeddable":true,"href":"https:\/\/vanlentsystems.be\/fr\/wp-json\/wp\/v2\/comments?post=4182"}],"version-history":[{"count":9,"href":"https:\/\/vanlentsystems.be\/fr\/wp-json\/wp\/v2\/pages\/4182\/revisions"}],"predecessor-version":[{"id":4967,"href":"https:\/\/vanlentsystems.be\/fr\/wp-json\/wp\/v2\/pages\/4182\/revisions\/4967"}],"wp:attachment":[{"href":"https:\/\/vanlentsystems.be\/fr\/wp-json\/wp\/v2\/media?parent=4182"}],"curies":[{"name":"wp","href":"https:\/\/api.w.org\/{rel}","templated":true}]}}