{"id":4168,"date":"2020-06-18T10:48:30","date_gmt":"2020-06-18T08:48:30","guid":{"rendered":"https:\/\/vanlentsystems.be\/formulaire-rma\/"},"modified":"2020-06-18T10:48:36","modified_gmt":"2020-06-18T08:48:36","slug":"formulaire-rma","status":"publish","type":"page","link":"https:\/\/vanlentsystems.be\/fr\/formulaire-rma\/","title":{"rendered":"Formulaire RMA"},"content":{"rendered":"<section class=\"l-section wpb_row height_medium\"><div class=\"l-section-h i-cf\"><div class=\"g-cols vc_row type_default valign_top\"><div class=\"vc_col-sm-3 wpb_column vc_column_container\"><div class=\"vc_column-inner\"><div class=\"wpb_wrapper\">[vc_widget_sidebar sidebar_id=&#8221;us_widget_area_support&#8221;]<\/div><\/div><\/div><div class=\"vc_col-sm-9 wpb_column vc_column_container\"><div class=\"vc_column-inner\"><div class=\"wpb_wrapper\">[vc_custom_heading text=&#8221;Formulaire RMA&#8221; use_theme_fonts=&#8221;yes&#8221;]\n<div class=\"wpcf7 no-js\" id=\"wpcf7-f3816-o1\" lang=\"fr-FR\" dir=\"ltr\" data-wpcf7-id=\"3816\">\n<div class=\"screen-reader-response\"><p role=\"status\" aria-live=\"polite\" aria-atomic=\"true\"><\/p> <ul><\/ul><\/div>\n<form action=\"\/fr\/wp-json\/wp\/v2\/pages\/4168#wpcf7-f3816-o1\" method=\"post\" class=\"wpcf7-form init\" aria-label=\"Formulaire de contact\" novalidate=\"novalidate\" data-status=\"init\">\n<fieldset class=\"hidden-fields-container\"><input type=\"hidden\" name=\"_wpcf7\" value=\"3816\" \/><input type=\"hidden\" name=\"_wpcf7_version\" value=\"6.1.5\" \/><input type=\"hidden\" name=\"_wpcf7_locale\" value=\"fr_FR\" \/><input type=\"hidden\" name=\"_wpcf7_unit_tag\" value=\"wpcf7-f3816-o1\" \/><input type=\"hidden\" name=\"_wpcf7_container_post\" value=\"0\" \/><input type=\"hidden\" name=\"_wpcf7_posted_data_hash\" value=\"\" \/><input type=\"hidden\" name=\"_wpcf7_recaptcha_response\" value=\"\" \/>\n<\/fieldset>\n<div class=\"g-cols vc_row type_default\">\n\t<div class=\"vc_col-sm-12 wpb_column\">\n\t\t<div class=\"vc_column-inner\">\n\t\t\t<p><span class=\"wpcf7-form-control-wrap\" data-name=\"fullname\"><input size=\"40\" maxlength=\"400\" class=\"wpcf7-form-control wpcf7-text wpcf7-validates-as-required\" aria-required=\"true\" aria-invalid=\"false\" placeholder=\"Nom complet *\" value=\"\" type=\"text\" name=\"fullname\" \/><\/span>\n\t\t\t<\/p>\n\t\t<\/div>\n\t<\/div>\n<\/div>\n<div class=\"g-cols vc_row type_default\">\n\t<div class=\"vc_col-sm-12 wpb_column\">\n\t\t<div class=\"vc_column-inner\">\n\t\t\t<p><span class=\"wpcf7-form-control-wrap\" data-name=\"phonenumber\"><input size=\"40\" maxlength=\"400\" class=\"wpcf7-form-control wpcf7-tel wpcf7-validates-as-required wpcf7-text wpcf7-validates-as-tel\" aria-required=\"true\" aria-invalid=\"false\" placeholder=\"Num\u00e9ro de t\u00e9l\u00e9phone\" value=\"\" type=\"tel\" name=\"phonenumber\" \/><\/span>\n\t\t\t<\/p>\n\t\t<\/div>\n\t<\/div>\n<\/div>\n<div class=\"g-cols vc_row type_default\">\n\t<div class=\"vc_col-sm-12 wpb_column\">\n\t\t<div class=\"vc_column-inner\">\n\t\t\t<p><span class=\"wpcf7-form-control-wrap\" data-name=\"email\"><input size=\"40\" maxlength=\"400\" class=\"wpcf7-form-control wpcf7-email wpcf7-validates-as-required wpcf7-text wpcf7-validates-as-email\" aria-required=\"true\" aria-invalid=\"false\" placeholder=\"Adresse \u00e9lectronique *\" value=\"\" type=\"email\" name=\"email\" \/><\/span>\n\t\t\t<\/p>\n\t\t<\/div>\n\t<\/div>\n<\/div>\n<div class=\"g-cols vc_row type_default\">\n\t<div class=\"vc_col-sm-12 wpb_column\">\n\t\t<div class=\"vc_column-inner\">\n\t\t\t<p><label>Choisissez le produit<\/label><span class=\"wpcf7-form-control-wrap\" data-name=\"product\"><select class=\"wpcf7-form-control wpcf7-select\" aria-invalid=\"false\" name=\"product\"><option value=\"Choisir le bon produit\">Choisir le bon produit<\/option><option value=\"i-Lite\">i-Lite<\/option><option value=\"i-Reader\">i-Reader<\/option><option value=\"i-Reader 2\">i-Reader 2<\/option><option value=\"i-See\">i-See<\/option><option value=\"i-See\n      Speech\">i-See\n      Speech<\/option><option value=\"i-See Touch\">i-See Touch<\/option><option value=\"Looky +\">Looky +<\/option><option value=\"Looky 4\">Looky 4<\/option><option value=\"Looky 4+\">Looky 4+<\/option><option value=\"Looky 5\">Looky 5<\/option><option value=\"Noppy\">Noppy<\/option><option value=\"Mickey\">Mickey<\/option><option value=\"Apollo\">Apollo<\/option><option value=\"i-Pulz\">i-Pulz<\/option><option value=\"i-Pulz 2\">i-Pulz 2<\/option><option value=\"MamaTENS\">MamaTENS<\/option><option value=\"PerfectmamaTENS\">PerfectmamaTENS<\/option><\/select><\/span>\n\t\t\t<\/p>\n\t\t<\/div>\n\t<\/div>\n<\/div>\n<div class=\"g-cols vc_row type_default\">\n\t<div class=\"vc_col-sm-12 wpb_column\">\n\t\t<div class=\"vc_column-inner\">\n\t\t\t<p><label> Date d'achat: <\/label><span class=\"wpcf7-form-control-wrap\" data-name=\"purchase-date\"><input class=\"wpcf7-form-control wpcf7-date wpcf7-validates-as-date\" aria-invalid=\"false\" placeholder=\"Date d&#039;achat\" value=\"\" type=\"date\" name=\"purchase-date\" \/><\/span>\n\t\t\t<\/p>\n\t\t<\/div>\n\t<\/div>\n<\/div>\n<div class=\"g-cols vc_row type_default\">\n\t<div class=\"vc_col-sm-12 wpb_column\">\n\t\t<div class=\"vc_column-inner\">\n\t\t\t<p><label> Num\u00e9ro de s\u00e9rie: <\/label><span class=\"wpcf7-form-control-wrap\" data-name=\"serienummer\"><input size=\"40\" maxlength=\"400\" class=\"wpcf7-form-control wpcf7-text\" aria-invalid=\"false\" placeholder=\"Num\u00e9ro de s\u00e9rie\" value=\"\" type=\"text\" name=\"serienummer\" \/><\/span>\n\t\t\t<\/p>\n\t\t<\/div>\n\t<\/div>\n<\/div>\n<div class=\"g-cols vc_row type_default\">\n\t<div class=\"vc_col-sm-12 wpb_column\">\n\t\t<div class=\"vc_column-inner\">\n\t\t\t<p><span class=\"wpcf7-form-control-wrap\" data-name=\"complaint\"><textarea cols=\"40\" rows=\"10\" maxlength=\"2000\" class=\"wpcf7-form-control wpcf7-textarea wpcf7-validates-as-required\" aria-required=\"true\" aria-invalid=\"false\" placeholder=\"D\u00e9crivez la plainte ici *\" name=\"complaint\"><\/textarea><\/span>\n\t\t\t<\/p>\n\t\t<\/div>\n\t<\/div>\n<\/div>\n<p>Les champs marqu\u00e9s d'un * sont obligatoires\n<\/p>\n<div class=\"g-cols vc_row type_default\">\n\t<div class=\"vc_col-sm-12 wpb_column\">\n\t\t<div class=\"vc_column-inner\">\n\t\t\t<p><span class=\"wpcf7-form-control-wrap\" data-name=\"acceptance-51\"><span class=\"wpcf7-form-control wpcf7-acceptance\"><span class=\"wpcf7-list-item\"><label><input type=\"checkbox\" name=\"acceptance-51\" value=\"1\" aria-invalid=\"false\" \/><span class=\"wpcf7-list-item-label\">J'accepte le stockage de mes donn\u00e9es<\/span><\/label><\/span><\/span><\/span>\n\t\t\t<\/p>\n\t\t<\/div>\n\t<\/div>\n\t<div class=\"g-cols vc_row type_default\">\n\t\t<div class=\"vc_col-sm-12 wpb_column\">\n\t\t\t<div class=\"vc_column-inner\">\n\t\t\t\t<p><button class=\"btn-green btn-solid btn-200\" type=\"submit\">Exp\u00e9dition<\/button>\n\t\t\t\t<\/p>\n\t\t\t<\/div>\n\t\t<\/div>\n\t<\/div>\n<\/div><div class=\"wpcf7-response-output\" aria-hidden=\"true\"><\/div>\n<\/form>\n<\/div>\n<\/div><\/div><\/div><\/div><\/div><\/section>\n","protected":false},"excerpt":{"rendered":"[vc_widget_sidebar sidebar_id=\"us_widget_area_support\"][vc_custom_heading text=\"Formulaire RMA\" use_theme_fonts=\"yes\"] Choisissez le produitChoisir le bon produiti-Litei-Readeri-Reader 2i-Seei-See Speechi-See TouchLooky +Looky 4Looky 4+Looky 5NoppyMickeyApolloi-Pulzi-Pulz 2MamaTENSPerfectmamaTENS Date d'achat: Num\u00e9ro de s\u00e9rie: Les champs marqu\u00e9s d'un * sont obligatoires J'accepte le stockage de mes donn\u00e9es Exp\u00e9dition","protected":false},"author":1,"featured_media":0,"parent":0,"menu_order":0,"comment_status":"closed","ping_status":"closed","template":"","meta":{"inline_featured_image":false,"footnotes":""},"class_list":["post-4168","page","type-page","status-publish","hentry"],"yoast_head":"<!-- This site is optimized with the Yoast SEO plugin v27.4 - https:\/\/yoast.com\/product\/yoast-seo-wordpress\/ -->\n<title>Formulaire RMA - Van Lent Systems Belgium<\/title>\n<meta name=\"robots\" content=\"index, follow, max-snippet:-1, max-image-preview:large, max-video-preview:-1\" \/>\n<link rel=\"canonical\" href=\"https:\/\/vanlentsystems.be\/fr\/formulaire-rma\/\" \/>\n<meta property=\"og:locale\" content=\"fr_FR\" \/>\n<meta property=\"og:type\" content=\"article\" \/>\n<meta property=\"og:title\" content=\"Formulaire RMA - Van Lent Systems Belgium\" \/>\n<meta property=\"og:url\" content=\"https:\/\/vanlentsystems.be\/fr\/formulaire-rma\/\" \/>\n<meta property=\"og:site_name\" content=\"Van Lent Systems Belgium\" \/>\n<meta property=\"article:modified_time\" content=\"2020-06-18T08:48:36+00:00\" \/>\n<meta name=\"twitter:card\" content=\"summary_large_image\" \/>\n<script type=\"application\/ld+json\" class=\"yoast-schema-graph\">{\"@context\":\"https:\\\/\\\/schema.org\",\"@graph\":[{\"@type\":\"WebPage\",\"@id\":\"https:\\\/\\\/vanlentsystems.be\\\/fr\\\/formulaire-rma\\\/\",\"url\":\"https:\\\/\\\/vanlentsystems.be\\\/fr\\\/formulaire-rma\\\/\",\"name\":\"Formulaire RMA - Van Lent Systems Belgium\",\"isPartOf\":{\"@id\":\"https:\\\/\\\/vanlentsystems.be\\\/fr\\\/#website\"},\"datePublished\":\"2020-06-18T08:48:30+00:00\",\"dateModified\":\"2020-06-18T08:48:36+00:00\",\"breadcrumb\":{\"@id\":\"https:\\\/\\\/vanlentsystems.be\\\/fr\\\/formulaire-rma\\\/#breadcrumb\"},\"inLanguage\":\"fr-FR\",\"potentialAction\":[{\"@type\":\"ReadAction\",\"target\":[\"https:\\\/\\\/vanlentsystems.be\\\/fr\\\/formulaire-rma\\\/\"]}]},{\"@type\":\"BreadcrumbList\",\"@id\":\"https:\\\/\\\/vanlentsystems.be\\\/fr\\\/formulaire-rma\\\/#breadcrumb\",\"itemListElement\":[{\"@type\":\"ListItem\",\"position\":1,\"name\":\"Home\",\"item\":\"https:\\\/\\\/vanlentsystems.be\\\/fr\\\/\"},{\"@type\":\"ListItem\",\"position\":2,\"name\":\"Formulaire RMA\"}]},{\"@type\":\"WebSite\",\"@id\":\"https:\\\/\\\/vanlentsystems.be\\\/fr\\\/#website\",\"url\":\"https:\\\/\\\/vanlentsystems.be\\\/fr\\\/\",\"name\":\"Van Lent Systems Belgium\",\"description\":\"\",\"potentialAction\":[{\"@type\":\"SearchAction\",\"target\":{\"@type\":\"EntryPoint\",\"urlTemplate\":\"https:\\\/\\\/vanlentsystems.be\\\/fr\\\/?s={search_term_string}\"},\"query-input\":{\"@type\":\"PropertyValueSpecification\",\"valueRequired\":true,\"valueName\":\"search_term_string\"}}],\"inLanguage\":\"fr-FR\"}]}<\/script>\n<!-- \/ Yoast SEO plugin. -->","yoast_head_json":{"title":"Formulaire RMA - Van Lent Systems Belgium","robots":{"index":"index","follow":"follow","max-snippet":"max-snippet:-1","max-image-preview":"max-image-preview:large","max-video-preview":"max-video-preview:-1"},"canonical":"https:\/\/vanlentsystems.be\/fr\/formulaire-rma\/","og_locale":"fr_FR","og_type":"article","og_title":"Formulaire RMA - Van Lent Systems Belgium","og_url":"https:\/\/vanlentsystems.be\/fr\/formulaire-rma\/","og_site_name":"Van Lent Systems Belgium","article_modified_time":"2020-06-18T08:48:36+00:00","twitter_card":"summary_large_image","schema":{"@context":"https:\/\/schema.org","@graph":[{"@type":"WebPage","@id":"https:\/\/vanlentsystems.be\/fr\/formulaire-rma\/","url":"https:\/\/vanlentsystems.be\/fr\/formulaire-rma\/","name":"Formulaire RMA - Van Lent Systems Belgium","isPartOf":{"@id":"https:\/\/vanlentsystems.be\/fr\/#website"},"datePublished":"2020-06-18T08:48:30+00:00","dateModified":"2020-06-18T08:48:36+00:00","breadcrumb":{"@id":"https:\/\/vanlentsystems.be\/fr\/formulaire-rma\/#breadcrumb"},"inLanguage":"fr-FR","potentialAction":[{"@type":"ReadAction","target":["https:\/\/vanlentsystems.be\/fr\/formulaire-rma\/"]}]},{"@type":"BreadcrumbList","@id":"https:\/\/vanlentsystems.be\/fr\/formulaire-rma\/#breadcrumb","itemListElement":[{"@type":"ListItem","position":1,"name":"Home","item":"https:\/\/vanlentsystems.be\/fr\/"},{"@type":"ListItem","position":2,"name":"Formulaire RMA"}]},{"@type":"WebSite","@id":"https:\/\/vanlentsystems.be\/fr\/#website","url":"https:\/\/vanlentsystems.be\/fr\/","name":"Van Lent Systems Belgium","description":"","potentialAction":[{"@type":"SearchAction","target":{"@type":"EntryPoint","urlTemplate":"https:\/\/vanlentsystems.be\/fr\/?s={search_term_string}"},"query-input":{"@type":"PropertyValueSpecification","valueRequired":true,"valueName":"search_term_string"}}],"inLanguage":"fr-FR"}]}},"_links":{"self":[{"href":"https:\/\/vanlentsystems.be\/fr\/wp-json\/wp\/v2\/pages\/4168","targetHints":{"allow":["GET"]}}],"collection":[{"href":"https:\/\/vanlentsystems.be\/fr\/wp-json\/wp\/v2\/pages"}],"about":[{"href":"https:\/\/vanlentsystems.be\/fr\/wp-json\/wp\/v2\/types\/page"}],"author":[{"embeddable":true,"href":"https:\/\/vanlentsystems.be\/fr\/wp-json\/wp\/v2\/users\/1"}],"replies":[{"embeddable":true,"href":"https:\/\/vanlentsystems.be\/fr\/wp-json\/wp\/v2\/comments?post=4168"}],"version-history":[{"count":1,"href":"https:\/\/vanlentsystems.be\/fr\/wp-json\/wp\/v2\/pages\/4168\/revisions"}],"predecessor-version":[{"id":4170,"href":"https:\/\/vanlentsystems.be\/fr\/wp-json\/wp\/v2\/pages\/4168\/revisions\/4170"}],"wp:attachment":[{"href":"https:\/\/vanlentsystems.be\/fr\/wp-json\/wp\/v2\/media?parent=4168"}],"curies":[{"name":"wp","href":"https:\/\/api.w.org\/{rel}","templated":true}]}}