{"id":4138,"date":"2020-06-18T10:47:48","date_gmt":"2020-06-18T08:47:48","guid":{"rendered":"https:\/\/vanlentsystems.be\/malvoyant\/"},"modified":"2023-11-21T13:19:18","modified_gmt":"2023-11-21T12:19:18","slug":"malvoyant","status":"publish","type":"page","link":"https:\/\/vanlentsystems.be\/fr\/malvoyant\/","title":{"rendered":"Malvoyant"},"content":{"rendered":"<section class=\"l-section wpb_row height_medium width_full header-slider\"><div class=\"l-section-h i-cf\"><div class=\"g-cols vc_row type_default valign_top\"><div class=\"vc_col-sm-12 wpb_column vc_column_container\"><div class=\"vc_column-inner\"><div class=\"wpb_wrapper\">[rev_slider_vc alias=&#8221;slechtziend&#8221; el_class=&#8221;border-bottom-blue&#8221;]<\/div><\/div><\/div><\/div><\/div><\/section><section class=\"l-section wpb_row height_medium\"><div class=\"l-section-h i-cf\"><div class=\"g-cols vc_row type_default valign_top\"><div class=\"vc_col-sm-12 wpb_column vc_column_container\"><div class=\"vc_column-inner\"><div class=\"wpb_wrapper\">\r\n\t<div class=\"wpb_text_column \">\r\n\t\t<div class=\"wpb_wrapper\">\r\n\t\t\t<h2><strong>Malvoyant<\/strong><\/h2>\n<p>On parle de malvoyance lorsque la vue est fortement r\u00e9duite et que l&#8217;on ne peut plus rien \u00e0 faire pour y rem\u00e9dier. Avec nos \u00e9quipements, nous redonnons la libert\u00e9 et l\u2019ind\u00e9pendance aux personnes malvoyantes. Vous pourrez \u00e0 nouveau lire, regarder des photos, pratiquer des hobbys ou travailler sur ordinateur. Notre gamme comprend des vid\u00e9o-loupes, des loupes \u00e9lectroniques de poche, des lecteurs DAISY et des dispositifs de lecture.<\/p>\n<p>Le plus souvent, la d\u00e9ficience visuelle est due \u00e0 une maladie qui endommage des parties de la r\u00e9tine ou du nerf optique. Le glaucome ou la cataracte en sont des exemples. L\u00e9galement, on ne parle officiellement de malvoyance que si l&#8217;on a une acuit\u00e9 visuelle inf\u00e9rieure \u00e0 30% ou un champ de vision tr\u00e8s r\u00e9duit.<\/p>\n<p>Il existe de multiples formes diff\u00e9rentes de d\u00e9ficience visuelle. Certaines personnes ont l&#8217;impression de voir \u00e0 travers un tube ou voient une tache sombre au milieu de leur champ de vision. D&#8217;autres ne voient que ce qui est juste devant eux, mais rien sur les c\u00f4t\u00e9s.<\/p>\n<p>En Belgique, environ 2 personnes sur 100 ont un handicap visuel. Et parmi elles, 1 personne sur 1000 est aveugle. En Belgique, il y a donc 200 000 malvoyants et 10 000 aveugles. Beaucoup d\u00e9veloppent un handicap visuel plus tard dans leur vie. Environ 85 % des personnes ayant une d\u00e9ficience visuelle ont plus de cinquante ans. Dans notre soci\u00e9t\u00e9 vieillissante, les personnes \u00e2g\u00e9es ayant une d\u00e9ficience visuelle constituent un groupe de plus en plus important. En raison de cette \u00e9volution, on estime que le nombre de personnes malvoyantes augmentera de 35 % d&#8217;ici 2020.<\/p>\n\r\n\t\t<\/div>\r\n\t<\/div>\r\n<\/div><\/div><\/div><\/div><\/div><\/section><section class=\"l-section wpb_row height_medium\"><div class=\"l-section-h i-cf\"><div class=\"g-cols vc_row type_default valign_middle\"><div class=\"vc_col-sm-6 wpb_column vc_column_container\"><div class=\"vc_column-inner\"><div class=\"wpb_wrapper\"><div class=\"w-image align_center\"><div class=\"w-image-h\"><img decoding=\"async\" class=\"g-placeholder\" src=\"https:\/\/vanlentsystems.be\/wp-content\/plugins\/us-core\/assets\/images\/placeholder.svg\" width=\"\" height=\"\" alt=\"\"><\/div><\/div><\/div><\/div><\/div><div class=\"vc_col-sm-6 wpb_column vc_column_container\"><div class=\"vc_column-inner\"><div class=\"wpb_wrapper\">[vc_custom_heading text=&#8221;Produits d&#8217;assistance pour les malvoyants&#8221; use_theme_fonts=&#8221;yes&#8221;]\r\n\t<div class=\"wpb_text_column \">\r\n\t\t<div class=\"wpb_wrapper\">\r\n\t\t\t<p>La vie des personnes malvoyantes peut \u00eatre rendue plus agr\u00e9able gr\u00e2ce \u00e0 un certain nombre d&#8217;aides. Les utilisateurs nous signalent souvent qu&#8217;ils ont retrouv\u00e9 un peu de libert\u00e9 et d&#8217;ind\u00e9pendance. Nous proposons diff\u00e9rents produits : des vid\u00e9o-loupes, des loupes \u00e9lectroniques de poche, des lecteurs DAISY et des dispositifs de lecture. Ce sont tous des produits innovants et conviviaux qui peuvent aider les utilisateurs au quotidien.<\/p>\n\r\n\t\t<\/div>\r\n\t<\/div>\r\n<\/div><\/div><\/div><\/div><\/div><\/section><!-- Row Backgrounds --><div class=\"upb_color\" data-bg-override=\"0\" data-bg-color=\"#f6f6f6\" data-fadeout=\"\" data-fadeout-percentage=\"30\" data-parallax-content=\"\" data-parallax-content-sense=\"30\" data-row-effect-mobile-disable=\"true\" data-img-parallax-mobile-disable=\"true\" data-rtl=\"false\"  data-custom-vc-row=\"\"  data-vc=\"5.5.5\"  data-is_old_vc=\"\"  data-theme-support=\"\"   data-overlay=\"false\" data-overlay-color=\"\" data-overlay-pattern=\"\" data-overlay-pattern-opacity=\"\" data-overlay-pattern-size=\"\"    ><\/div><section class=\"l-section wpb_row height_medium\"><div class=\"l-section-h i-cf\"><div class=\"g-cols vc_row type_default valign_middle\"><div class=\"vc_col-sm-6 wpb_column vc_column_container\"><div class=\"vc_column-inner\"><div class=\"wpb_wrapper\">[vc_custom_heading text=&#8221;Prescripteurs et assurance&#8221; use_theme_fonts=&#8221;yes&#8221;]\r\n\t<div class=\"wpb_text_column \">\r\n\t\t<div class=\"wpb_wrapper\">\r\n\t\t\t<p>Vous avez droit \u00e0 une vid\u00e9o-loupe, une loupe \u00e9lectronique de poche, un lecteur DAISY ou un appareil de lecture si vous avez \u00e9t\u00e9 diagnostiqu\u00e9 avec un tel degr\u00e9 de d\u00e9ficience visuelle. Pour b\u00e9n\u00e9ficier d&#8217;un remboursement, le dispositif doit \u00eatre prescrit et demand\u00e9 par un expert (reconnu par l&#8217;autorit\u00e9 comp\u00e9tente). Il peut s&#8217;agir d&#8217;un m\u00e9decin (ophtalmologue) ou d&#8217;institutions r\u00e9gionales telles que Horus, la Ligue Braille, Zorgbaar. Lorsque l&#8217;autorisation a \u00e9t\u00e9 re\u00e7ue du VAPH, Phare ou Aviq, nous pouvons proc\u00e9der \u00e0 la livraison de l&#8217;outil souhait\u00e9. La facturation est alors adress\u00e9e directement \u00e0 la VAPH, \u00e0 Phare ou \u00e0 Aviq. Si votre aide m\u00e9dicale n&#8217;est que partiellement rembours\u00e9e, nous vous enverrons une facture de la partie non couverte par le remboursement.<\/p>\n\r\n\t\t<\/div>\r\n\t<\/div>\r\n<\/div><\/div><\/div><div class=\"vc_col-sm-6 wpb_column vc_column_container\"><div class=\"vc_column-inner\"><div class=\"wpb_wrapper\"><div class=\"w-image align_center\"><div class=\"w-image-h\"><img loading=\"lazy\" decoding=\"async\" width=\"689\" height=\"369\" src=\"https:\/\/vanlentsystems.be\/wp-content\/uploads\/2020\/04\/voorschrijvers_gezamelijk_transparant.png\" class=\"attachment-full size-full\" alt=\"\" srcset=\"https:\/\/vanlentsystems.be\/wp-content\/uploads\/2020\/04\/voorschrijvers_gezamelijk_transparant.png 689w, https:\/\/vanlentsystems.be\/wp-content\/uploads\/2020\/04\/voorschrijvers_gezamelijk_transparant-300x161.png 300w, https:\/\/vanlentsystems.be\/wp-content\/uploads\/2020\/04\/voorschrijvers_gezamelijk_transparant-600x321.png 600w\" sizes=\"auto, (max-width: 689px) 100vw, 689px\" \/><\/div><\/div><\/div><\/div><\/div><\/div><\/div><\/section><section class=\"l-section wpb_row height_medium\"><div class=\"l-section-h i-cf\" style=\"padding-bottom: 90px !important;\"><div class=\"g-cols vc_row type_default valign_top\"><div class=\"vc_col-sm-12 wpb_column vc_column_container\"><div class=\"vc_column-inner\"><div class=\"wpb_wrapper\"><div class=\"g-cols wpb_row  type_default valign_top vc_inner \"><div class=\"vc_col-sm-2 wpb_column vc_column_container\"><div class=\"vc_column-inner\"><div class=\"wpb_wrapper\"><\/div><\/div><\/div><div class=\"vc_col-sm-8 wpb_column vc_column_container\"><div class=\"vc_column-inner\"><div class=\"wpb_wrapper\">[vc_custom_heading text=&#8221;Produits&#8221; font_container=&#8221;tag:h2|text_align:center&#8221; use_theme_fonts=&#8221;yes&#8221;]\r\n\t<div class=\"wpb_text_column \">\r\n\t\t<div class=\"wpb_wrapper\">\r\n\t\t\t<p>D\u00e9couvrez notre large gamme de vid\u00e9o-loupes, d&#8217;appareils de lecture, de loupes \u00e9lectroniques de poche et de lecteurs DAISY.<\/p>\n\r\n\t\t<\/div>\r\n\t<\/div>\r\n<\/div><\/div><\/div><div class=\"vc_col-sm-2 wpb_column vc_column_container\"><div class=\"vc_column-inner\"><div class=\"wpb_wrapper\"><\/div><\/div><\/div><\/div><div class=\"g-cols wpb_row  type_default valign_top vc_inner \"><div class=\"vc_col-sm-3 wpb_column vc_column_container\"><div class=\"vc_column-inner\"><div class=\"wpb_wrapper\">\n    <div class=\"vc_column-inner page-block\">\n      <div class=\"image-container\">\n        <a href=\"http:\/\/vanlentsystems.be\/slechtziend\/beeldschermloep\/\"> <img decoding=\"async\" src=\"https:\/\/vanlentsystems.be\/wp-content\/uploads\/2018\/08\/Beeldschermloep.png\"> <\/a>\n      <\/div>\n      <div class=\"product-title\">\n        <a href=\"http:\/\/vanlentsystems.be\/slechtziend\/beeldschermloep\/\"> Beeldschermloep <\/a>\n      <\/div>\n      <div class=\"call-to-action\">\n        <a class=\"btn-text-left\" href=\"http:\/\/vanlentsystems.be\/slechtziend\/beeldschermloep\/\">\n          <button class=\"btn-green btn-150 btn-solid\">Voir la cat\u00e9gorie <\/button>\n        <\/a>\n      <\/div>\n          <\/div>\n\n    <\/div><\/div><\/div><div class=\"vc_col-sm-3 wpb_column vc_column_container\"><div class=\"vc_column-inner\"><div class=\"wpb_wrapper\">\n    <div class=\"vc_column-inner page-block\">\n      <div class=\"image-container\">\n        <a href=\"http:\/\/vanlentsystems.be\/slechtziend\/voorleesapparaat\/\"> <img decoding=\"async\" src=\"https:\/\/vanlentsystems.be\/wp-content\/uploads\/2020\/04\/IMG_2494.png\"> <\/a>\n      <\/div>\n      <div class=\"product-title\">\n        <a href=\"http:\/\/vanlentsystems.be\/slechtziend\/voorleesapparaat\/\"> Voorleesapparaat <\/a>\n      <\/div>\n      <div class=\"call-to-action\">\n        <a class=\"btn-text-left\" href=\"http:\/\/vanlentsystems.be\/slechtziend\/voorleesapparaat\/\">\n          <button class=\"btn-green btn-150 btn-solid\">Voir la cat\u00e9gorie <\/button>\n        <\/a>\n      <\/div>\n          <\/div>\n\n    <\/div><\/div><\/div><div class=\"vc_col-sm-3 wpb_column vc_column_container\"><div class=\"vc_column-inner\"><div class=\"wpb_wrapper\">\n    <div class=\"vc_column-inner page-block\">\n      <div class=\"image-container\">\n        <a href=\"http:\/\/vanlentsystems.be\/slechtziend\/elektronische-handloep\/\"> <img decoding=\"async\" src=\"https:\/\/vanlentsystems.be\/wp-content\/uploads\/2018\/09\/Looky5_Product_HandleFlip.png\"> <\/a>\n      <\/div>\n      <div class=\"product-title\">\n        <a href=\"http:\/\/vanlentsystems.be\/slechtziend\/elektronische-handloep\/\"> Elektronische handloep <\/a>\n      <\/div>\n      <div class=\"call-to-action\">\n        <a class=\"btn-text-left\" href=\"http:\/\/vanlentsystems.be\/slechtziend\/elektronische-handloep\/\">\n          <button class=\"btn-green btn-150 btn-solid\">Voir la cat\u00e9gorie <\/button>\n        <\/a>\n      <\/div>\n          <\/div>\n\n    <\/div><\/div><\/div><div class=\"vc_col-sm-3 wpb_column vc_column_container\"><div class=\"vc_column-inner\"><div class=\"wpb_wrapper\">\n    <div class=\"vc_column-inner page-block\">\n      <div class=\"image-container\">\n        <a href=\"https:\/\/vanlentsystems.be\/slechtziend\/daisyspeler-dyslexie\/\"> <img decoding=\"async\" src=\"https:\/\/vanlentsystems.be\/wp-content\/uploads\/2020\/01\/1RGG7606.png\"> <\/a>\n      <\/div>\n      <div class=\"product-title\">\n        <a href=\"https:\/\/vanlentsystems.be\/slechtziend\/daisyspeler-dyslexie\/\"> Daisyspeler <\/a>\n      <\/div>\n      <div class=\"call-to-action\">\n        <a class=\"btn-text-left\" href=\"https:\/\/vanlentsystems.be\/slechtziend\/daisyspeler-dyslexie\/\">\n          <button class=\"btn-green btn-150 btn-solid\">Voir la cat\u00e9gorie <\/button>\n        <\/a>\n      <\/div>\n          <\/div>\n\n    <\/div><\/div><\/div><\/div><\/div><\/div><\/div><\/div><\/div><\/section><!-- Row Backgrounds --><div class=\"upb_color\" data-bg-override=\"0\" data-bg-color=\"#f6f6f6\" data-fadeout=\"\" data-fadeout-percentage=\"30\" data-parallax-content=\"\" data-parallax-content-sense=\"30\" data-row-effect-mobile-disable=\"true\" data-img-parallax-mobile-disable=\"true\" data-rtl=\"false\"  data-custom-vc-row=\"\"  data-vc=\"5.5.5\"  data-is_old_vc=\"\"  data-theme-support=\"\"   data-overlay=\"false\" data-overlay-color=\"\" data-overlay-pattern=\"\" data-overlay-pattern-opacity=\"\" data-overlay-pattern-size=\"\"    ><\/div><section class=\"l-section wpb_row height_auto\" style=\"margin-top: 75px !important;margin-bottom: 75px !important;\"><div class=\"l-section-h i-cf\"><div class=\"g-cols vc_row type_default valign_middle\"><div class=\"vc_col-sm-2 wpb_column vc_column_container\"><div class=\"vc_column-inner\"><div class=\"wpb_wrapper\"><\/div><\/div><\/div><div class=\"vc_col-sm-5 wpb_column vc_column_container has-fill\" style=\"color:#ffffff;\"><div class=\"vc_column-inner  vc_custom_1551973209450 color_custom\"><div class=\"wpb_wrapper\"><div class=\"w-separator size_custom\" style=\"height:20px;\"><\/div>[vc_custom_heading text=&#8221;Appelez-nous !&#8221; font_container=&#8221;tag:h2|font_size:30px|text_align:left|color:%23ffffff&#8221; use_theme_fonts=&#8221;yes&#8221;]<div class=\"w-separator size_custom\" style=\"height:20px;\"><\/div><div class=\"w-iconbox iconpos_left style_default color_custom align_center no_text align-bottom text-color-white\"><div class=\"w-iconbox-icon\" style=\"font-size:18px;color:#ffffff;\"><i class=\"fas fa-phone\"><\/i><\/div><div class=\"w-iconbox-meta\"><h4 class=\"w-iconbox-title\" style=\"font-size:24;\">+32 (0) 3 - 434 09 10<\/h4><\/div><\/div><div class=\"w-separator size_custom\" style=\"height:70px;\"><\/div><\/div><\/div><\/div><div class=\"vc_col-sm-5 wpb_column vc_column_container\"><div class=\"vc_column-inner\"><div class=\"wpb_wrapper\"><div class=\"w-separator size_custom\" style=\"height:30px;\"><\/div>      <a class=\"btn-text-center\" href=\"http:\/\/vanlentsystems.be\/faq\/\" style=\"z-index: 2\">\n        <button class=\"btn-outlined btn-purple btn-200\">FAQ<\/button>\n      <\/a>\n\n<div class=\"w-separator size_custom\" style=\"height:18px;\"><\/div>      <a class=\"btn-text-left\" href=\"http:\/\/vanlentsystems.be\/klachtenformulier\/\" style=\"z-index: 2\">\n        <button class=\"btn-outlined btn-purple btn-200\">Klachtenformulier<\/button>\n      <\/a>\n\n<div class=\"w-separator size_custom\" style=\"height:30px;\"><\/div><\/div><\/div><\/div><\/div><\/div><\/section>\n","protected":false},"excerpt":{"rendered":"[rev_slider_vc alias=\"slechtziend\" el_class=\"border-bottom-blue\"] Malvoyant On parle de malvoyance lorsque la vue est fortement r\u00e9duite et que l'on ne peut plus rien \u00e0 faire pour y rem\u00e9dier. Avec nos \u00e9quipements, nous redonnons la libert\u00e9 et l\u2019ind\u00e9pendance aux personnes malvoyantes. Vous pourrez \u00e0 nouveau lire, regarder des photos, pratiquer des hobbys ou travailler sur ordinateur. Notre gamme...","protected":false},"author":1,"featured_media":0,"parent":0,"menu_order":0,"comment_status":"closed","ping_status":"closed","template":"","meta":{"inline_featured_image":false,"footnotes":""},"class_list":["post-4138","page","type-page","status-publish","hentry"],"yoast_head":"<!-- This site is optimized with the Yoast SEO plugin v27.4 - https:\/\/yoast.com\/product\/yoast-seo-wordpress\/ -->\n<title>Malvoyant - Van Lent Systems Belgium<\/title>\n<meta name=\"robots\" content=\"index, follow, max-snippet:-1, max-image-preview:large, max-video-preview:-1\" \/>\n<link rel=\"canonical\" href=\"https:\/\/vanlentsystems.be\/fr\/malvoyant\/\" \/>\n<meta property=\"og:locale\" content=\"fr_FR\" \/>\n<meta property=\"og:type\" content=\"article\" \/>\n<meta property=\"og:title\" content=\"Malvoyant - Van Lent Systems Belgium\" \/>\n<meta property=\"og:url\" content=\"https:\/\/vanlentsystems.be\/fr\/malvoyant\/\" \/>\n<meta property=\"og:site_name\" content=\"Van Lent Systems Belgium\" \/>\n<meta property=\"article:modified_time\" content=\"2023-11-21T12:19:18+00:00\" \/>\n<meta name=\"twitter:card\" content=\"summary_large_image\" \/>\n<meta name=\"twitter:label1\" content=\"Dur\u00e9e de lecture estim\u00e9e\" \/>\n\t<meta name=\"twitter:data1\" content=\"5 minutes\" \/>\n<script type=\"application\/ld+json\" class=\"yoast-schema-graph\">{\"@context\":\"https:\\\/\\\/schema.org\",\"@graph\":[{\"@type\":\"WebPage\",\"@id\":\"https:\\\/\\\/vanlentsystems.be\\\/fr\\\/malvoyant\\\/\",\"url\":\"https:\\\/\\\/vanlentsystems.be\\\/fr\\\/malvoyant\\\/\",\"name\":\"Malvoyant - Van Lent Systems Belgium\",\"isPartOf\":{\"@id\":\"https:\\\/\\\/vanlentsystems.be\\\/fr\\\/#website\"},\"datePublished\":\"2020-06-18T08:47:48+00:00\",\"dateModified\":\"2023-11-21T12:19:18+00:00\",\"breadcrumb\":{\"@id\":\"https:\\\/\\\/vanlentsystems.be\\\/fr\\\/malvoyant\\\/#breadcrumb\"},\"inLanguage\":\"fr-FR\",\"potentialAction\":[{\"@type\":\"ReadAction\",\"target\":[\"https:\\\/\\\/vanlentsystems.be\\\/fr\\\/malvoyant\\\/\"]}]},{\"@type\":\"BreadcrumbList\",\"@id\":\"https:\\\/\\\/vanlentsystems.be\\\/fr\\\/malvoyant\\\/#breadcrumb\",\"itemListElement\":[{\"@type\":\"ListItem\",\"position\":1,\"name\":\"Home\",\"item\":\"https:\\\/\\\/vanlentsystems.be\\\/fr\\\/\"},{\"@type\":\"ListItem\",\"position\":2,\"name\":\"Malvoyant\"}]},{\"@type\":\"WebSite\",\"@id\":\"https:\\\/\\\/vanlentsystems.be\\\/fr\\\/#website\",\"url\":\"https:\\\/\\\/vanlentsystems.be\\\/fr\\\/\",\"name\":\"Van Lent Systems Belgium\",\"description\":\"\",\"potentialAction\":[{\"@type\":\"SearchAction\",\"target\":{\"@type\":\"EntryPoint\",\"urlTemplate\":\"https:\\\/\\\/vanlentsystems.be\\\/fr\\\/?s={search_term_string}\"},\"query-input\":{\"@type\":\"PropertyValueSpecification\",\"valueRequired\":true,\"valueName\":\"search_term_string\"}}],\"inLanguage\":\"fr-FR\"}]}<\/script>\n<!-- \/ Yoast SEO plugin. -->","yoast_head_json":{"title":"Malvoyant - Van Lent Systems Belgium","robots":{"index":"index","follow":"follow","max-snippet":"max-snippet:-1","max-image-preview":"max-image-preview:large","max-video-preview":"max-video-preview:-1"},"canonical":"https:\/\/vanlentsystems.be\/fr\/malvoyant\/","og_locale":"fr_FR","og_type":"article","og_title":"Malvoyant - Van Lent Systems Belgium","og_url":"https:\/\/vanlentsystems.be\/fr\/malvoyant\/","og_site_name":"Van Lent Systems Belgium","article_modified_time":"2023-11-21T12:19:18+00:00","twitter_card":"summary_large_image","twitter_misc":{"Dur\u00e9e de lecture estim\u00e9e":"5 minutes"},"schema":{"@context":"https:\/\/schema.org","@graph":[{"@type":"WebPage","@id":"https:\/\/vanlentsystems.be\/fr\/malvoyant\/","url":"https:\/\/vanlentsystems.be\/fr\/malvoyant\/","name":"Malvoyant - Van Lent Systems Belgium","isPartOf":{"@id":"https:\/\/vanlentsystems.be\/fr\/#website"},"datePublished":"2020-06-18T08:47:48+00:00","dateModified":"2023-11-21T12:19:18+00:00","breadcrumb":{"@id":"https:\/\/vanlentsystems.be\/fr\/malvoyant\/#breadcrumb"},"inLanguage":"fr-FR","potentialAction":[{"@type":"ReadAction","target":["https:\/\/vanlentsystems.be\/fr\/malvoyant\/"]}]},{"@type":"BreadcrumbList","@id":"https:\/\/vanlentsystems.be\/fr\/malvoyant\/#breadcrumb","itemListElement":[{"@type":"ListItem","position":1,"name":"Home","item":"https:\/\/vanlentsystems.be\/fr\/"},{"@type":"ListItem","position":2,"name":"Malvoyant"}]},{"@type":"WebSite","@id":"https:\/\/vanlentsystems.be\/fr\/#website","url":"https:\/\/vanlentsystems.be\/fr\/","name":"Van Lent Systems Belgium","description":"","potentialAction":[{"@type":"SearchAction","target":{"@type":"EntryPoint","urlTemplate":"https:\/\/vanlentsystems.be\/fr\/?s={search_term_string}"},"query-input":{"@type":"PropertyValueSpecification","valueRequired":true,"valueName":"search_term_string"}}],"inLanguage":"fr-FR"}]}},"_links":{"self":[{"href":"https:\/\/vanlentsystems.be\/fr\/wp-json\/wp\/v2\/pages\/4138","targetHints":{"allow":["GET"]}}],"collection":[{"href":"https:\/\/vanlentsystems.be\/fr\/wp-json\/wp\/v2\/pages"}],"about":[{"href":"https:\/\/vanlentsystems.be\/fr\/wp-json\/wp\/v2\/types\/page"}],"author":[{"embeddable":true,"href":"https:\/\/vanlentsystems.be\/fr\/wp-json\/wp\/v2\/users\/1"}],"replies":[{"embeddable":true,"href":"https:\/\/vanlentsystems.be\/fr\/wp-json\/wp\/v2\/comments?post=4138"}],"version-history":[{"count":9,"href":"https:\/\/vanlentsystems.be\/fr\/wp-json\/wp\/v2\/pages\/4138\/revisions"}],"predecessor-version":[{"id":5220,"href":"https:\/\/vanlentsystems.be\/fr\/wp-json\/wp\/v2\/pages\/4138\/revisions\/5220"}],"wp:attachment":[{"href":"https:\/\/vanlentsystems.be\/fr\/wp-json\/wp\/v2\/media?parent=4138"}],"curies":[{"name":"wp","href":"https:\/\/api.w.org\/{rel}","templated":true}]}}