{"id":4131,"date":"2020-06-12T11:19:33","date_gmt":"2020-06-12T09:19:33","guid":{"rendered":"https:\/\/vanlentsystems.be\/contact\/"},"modified":"2025-03-21T09:14:53","modified_gmt":"2025-03-21T08:14:53","slug":"contact","status":"publish","type":"page","link":"https:\/\/vanlentsystems.be\/fr\/contact\/","title":{"rendered":"Contact"},"content":{"rendered":"<section class=\"l-section wpb_row height_medium header-slider\" id=\"map-header\"><div class=\"l-section-h i-cf\"><div class=\"g-cols vc_row type_default valign_top\"><div class=\"vc_col-sm-12 wpb_column vc_column_container\"><div class=\"vc_column-inner\"><div class=\"wpb_wrapper\"><div class=\"w-map provider_osm us_map_1\" id=\"us_map_1\" style=\"height:600px;\"><div class=\"w-map-json\" onclick='return {&quot;address&quot;:&quot;51.17342, 4.30854&quot;,&quot;markers&quot;:[{&quot;address&quot;:&quot;51.17342, 4.30854&quot;,&quot;html&quot;:&quot;Van Lent Systems Belgium\\nHubert Verschraegenlaan 2\\n9150 Kruibeke\\nBelgi\\u00eb&quot;,&quot;infowindow&quot;:false}],&quot;zoom&quot;:16,&quot;icon&quot;:{&quot;url&quot;:&quot;https:\\\/\\\/vanlentsystems.be\\\/wp-content\\\/uploads\\\/2018\\\/08\\\/favicon-vanlentsystems.svg&quot;,&quot;size&quot;:[50,50]},&quot;height&quot;:&quot;600&quot;,&quot;style&quot;:&quot;https:\\\/\\\/{s}.tile.openstreetmap.org\\\/{z}\\\/{x}\\\/{y}.png&quot;,&quot;hideControls&quot;:true,&quot;disableZoom&quot;:true}'><\/div><\/div><div class=\"g-cols wpb_row  type_default valign_top vc_inner contact-row-maps \"><div class=\"vc_col-sm-3 wpb_column vc_column_container has-fill contact-maps\"><div class=\"vc_column-inner  vc_custom_1531922929275\"><div class=\"wpb_wrapper\">\r\n\t<div class=\"wpb_text_column \">\r\n\t\t<div class=\"wpb_wrapper\">\r\n\t\t\t<div class=\"bezoekadres\">\n<p><strong>Adresse de visite<\/strong><\/p>\n<p>Van Lent Systems Belgium<br \/>\nHubert Verschraegenlaan 2<br \/>\n9150 Kruibeke<br \/>\nBelgique<\/p>\n<\/div>\n<div class=\"contactgegevens\">\n<p><strong>Coordonn\u00e9es<\/strong><\/p>\n<p>T\u00e9l : +32 (0) 3 &#8211; 434 09 10<br \/>\nE-mail : <a href=\"mailto:info@vanlentsystems.be\">info@vanlentsystems.be<\/a><\/p>\n<p>Num\u00e9ro de TVA : BE 0680.567.044<br \/>\nBanque-Carrefour des Entreprises (BCE) : 0680.567.044<br \/>\nIBAN : BE03 3630 1912 3184<\/p>\n<p><strong>Heures d&#8217;ouverture<\/strong><\/p>\n<p>Du lundi au vendredi<br \/>\n09:00 \u00e0 12:30 et 13:30 \u00e0 16:00<\/p>\n<\/div>\n\r\n\t\t<\/div>\r\n\t<\/div>\r\n<\/div><\/div><\/div><\/div><\/div><\/div><\/div><\/div><\/div><\/section><section class=\"l-section wpb_row height_large contact-form-row\"><div class=\"l-section-h i-cf\"><div class=\"g-cols vc_row type_default valign_top\"><div class=\"vc_col-sm-12 wpb_column vc_column_container\"><div class=\"vc_column-inner\"><div class=\"wpb_wrapper\">[vc_custom_heading text=&#8221;N&#8217;h\u00e9sitez pas \u00e0 nous contacter.&#8221; font_container=&#8221;tag:h2|font_size:36px|text_align:center|color:%23ffffff&#8221; use_theme_fonts=&#8221;yes&#8221;]\n<div class=\"wpcf7 no-js\" id=\"wpcf7-f3809-o1\" lang=\"fr-FR\" dir=\"ltr\" data-wpcf7-id=\"3809\">\n<div class=\"screen-reader-response\"><p role=\"status\" aria-live=\"polite\" aria-atomic=\"true\"><\/p> <ul><\/ul><\/div>\n<form action=\"\/fr\/wp-json\/wp\/v2\/pages\/4131#wpcf7-f3809-o1\" method=\"post\" class=\"wpcf7-form init\" aria-label=\"Formulaire de contact\" novalidate=\"novalidate\" data-status=\"init\">\n<fieldset class=\"hidden-fields-container\"><input type=\"hidden\" name=\"_wpcf7\" value=\"3809\" \/><input type=\"hidden\" name=\"_wpcf7_version\" value=\"6.1.5\" \/><input type=\"hidden\" name=\"_wpcf7_locale\" value=\"fr_FR\" \/><input type=\"hidden\" name=\"_wpcf7_unit_tag\" value=\"wpcf7-f3809-o1\" \/><input type=\"hidden\" name=\"_wpcf7_container_post\" value=\"0\" \/><input type=\"hidden\" name=\"_wpcf7_posted_data_hash\" value=\"\" \/><input type=\"hidden\" name=\"_wpcf7_recaptcha_response\" value=\"\" \/>\n<\/fieldset>\n<div class=\"g-cols vc_row type_default valign_top\">\n\t<div class = \"vc_col-sm-1 wpb_column name-column\">\n\t<\/div>\n\t<div class = \"vc_col-sm-3 wpb_column name-column\">\n\t\t<div class=\"vc_column-inner\">\n\t\t\t<p><span class=\"wpcf7-form-control-wrap\" data-name=\"your-name\"><input size=\"40\" maxlength=\"400\" class=\"wpcf7-form-control wpcf7-text wpcf7-validates-as-required\" aria-required=\"true\" aria-invalid=\"false\" placeholder=\"Votre nom\" value=\"\" type=\"text\" name=\"your-name\" \/><\/span><br \/>\n<span class=\"wpcf7-form-control-wrap\" data-name=\"your-email\"><input size=\"40\" maxlength=\"400\" class=\"wpcf7-form-control wpcf7-email wpcf7-validates-as-required wpcf7-text wpcf7-validates-as-email\" aria-required=\"true\" aria-invalid=\"false\" placeholder=\"Adresse \u00e9lectronique\" value=\"\" type=\"email\" name=\"your-email\" \/><\/span><br \/>\n<span class=\"wpcf7-form-control-wrap\" data-name=\"phone\"><input size=\"40\" maxlength=\"400\" class=\"wpcf7-form-control wpcf7-text wpcf7-validates-as-required\" aria-required=\"true\" aria-invalid=\"false\" placeholder=\"Num\u00e9ro de t\u00e9l\u00e9phone\" value=\"\" type=\"text\" name=\"phone\" \/><\/span>\n\t\t\t<\/p>\n\t\t<\/div>\n\t<\/div>\n\t<div class = \"vc_col-sm-4 wpb_column email-column\">\n\t\t<div class=\"vc_column-inner\">\n\t\t\t<p><span class=\"wpcf7-form-control-wrap\" data-name=\"question\"><textarea cols=\"40\" rows=\"10\" maxlength=\"2000\" class=\"wpcf7-form-control wpcf7-textarea wpcf7-validates-as-required\" aria-required=\"true\" aria-invalid=\"false\" placeholder=\"Questions\/Remarques\" name=\"question\"><\/textarea><\/span>\n\t\t\t<\/p>\n\t\t<\/div>\n\t<\/div>\n\t<div class = \"vc_col-sm-4 wpb_column submit-column\">\n\t\t<div class=\"vc_column-inner\">\n\t\t\t<p><span class=\"wpcf7-form-control-wrap\" data-name=\"acceptance-51\"><span class=\"wpcf7-form-control wpcf7-acceptance\"><span class=\"wpcf7-list-item\"><label><input type=\"checkbox\" name=\"acceptance-51\" value=\"1\" aria-invalid=\"false\" \/><span class=\"wpcf7-list-item-label\">J'accepte le stockage de mes donn\u00e9es<\/span><\/label><\/span><\/span><\/span>\n\t\t\t<\/p>\n\t\t\t<p><button class=\"btn-green btn-solid btn-200\" id=\"send-form\" type=\"submit\"> Exp\u00e9dition<\/button>\n\t\t\t<\/p>\n\t\t<\/div>\n\t<\/div>\n<\/div><div class=\"wpcf7-response-output\" aria-hidden=\"true\"><\/div>\n<\/form>\n<\/div>\n<\/div><\/div><\/div><\/div><\/div><\/section><!-- Row Backgrounds --><div class=\"upb_color\" data-bg-override=\"0\" data-bg-color=\"#009add\" data-fadeout=\"\" data-fadeout-percentage=\"30\" data-parallax-content=\"\" data-parallax-content-sense=\"30\" data-row-effect-mobile-disable=\"true\" data-img-parallax-mobile-disable=\"true\" data-rtl=\"false\"  data-custom-vc-row=\"\"  data-vc=\"5.5.5\"  data-is_old_vc=\"\"  data-theme-support=\"\"   data-overlay=\"false\" data-overlay-color=\"\" data-overlay-pattern=\"\" data-overlay-pattern-opacity=\"\" data-overlay-pattern-size=\"\"    ><\/div>\n","protected":false},"excerpt":{"rendered":"Adresse de visite Van Lent Systems Belgium Hubert Verschraegenlaan 2 9150 Kruibeke Belgique Coordonn\u00e9es T\u00e9l : +32 (0) 3 - 434 09 10 E-mail : info@vanlentsystems.be Num\u00e9ro de TVA : BE 0680.567.044 Banque-Carrefour des Entreprises (BCE) : 0680.567.044 IBAN : BE03 3630 1912 3184 Heures d'ouverture Du lundi au vendredi 09:00 \u00e0 12:30 et 13:30...","protected":false},"author":1,"featured_media":0,"parent":0,"menu_order":0,"comment_status":"closed","ping_status":"closed","template":"","meta":{"inline_featured_image":false,"footnotes":""},"class_list":["post-4131","page","type-page","status-publish","hentry"],"yoast_head":"<!-- This site is optimized with the Yoast SEO plugin v27.4 - https:\/\/yoast.com\/product\/yoast-seo-wordpress\/ -->\n<title>Contact - Van Lent Systems Belgium<\/title>\n<meta name=\"robots\" content=\"index, follow, max-snippet:-1, max-image-preview:large, max-video-preview:-1\" \/>\n<link rel=\"canonical\" href=\"https:\/\/vanlentsystems.be\/fr\/contact\/\" \/>\n<meta property=\"og:locale\" content=\"fr_FR\" \/>\n<meta property=\"og:type\" content=\"article\" \/>\n<meta property=\"og:title\" content=\"Contact - Van Lent Systems Belgium\" \/>\n<meta property=\"og:url\" content=\"https:\/\/vanlentsystems.be\/fr\/contact\/\" \/>\n<meta property=\"og:site_name\" content=\"Van Lent Systems Belgium\" \/>\n<meta property=\"article:modified_time\" content=\"2025-03-21T08:14:53+00:00\" \/>\n<meta name=\"twitter:card\" content=\"summary_large_image\" \/>\n<meta name=\"twitter:label1\" content=\"Dur\u00e9e de lecture estim\u00e9e\" \/>\n\t<meta name=\"twitter:data1\" content=\"1 minute\" \/>\n<script type=\"application\/ld+json\" class=\"yoast-schema-graph\">{\"@context\":\"https:\\\/\\\/schema.org\",\"@graph\":[{\"@type\":\"WebPage\",\"@id\":\"https:\\\/\\\/vanlentsystems.be\\\/fr\\\/contact\\\/\",\"url\":\"https:\\\/\\\/vanlentsystems.be\\\/fr\\\/contact\\\/\",\"name\":\"Contact - Van Lent Systems Belgium\",\"isPartOf\":{\"@id\":\"https:\\\/\\\/vanlentsystems.be\\\/fr\\\/#website\"},\"datePublished\":\"2020-06-12T09:19:33+00:00\",\"dateModified\":\"2025-03-21T08:14:53+00:00\",\"breadcrumb\":{\"@id\":\"https:\\\/\\\/vanlentsystems.be\\\/fr\\\/contact\\\/#breadcrumb\"},\"inLanguage\":\"fr-FR\",\"potentialAction\":[{\"@type\":\"ReadAction\",\"target\":[\"https:\\\/\\\/vanlentsystems.be\\\/fr\\\/contact\\\/\"]}]},{\"@type\":\"BreadcrumbList\",\"@id\":\"https:\\\/\\\/vanlentsystems.be\\\/fr\\\/contact\\\/#breadcrumb\",\"itemListElement\":[{\"@type\":\"ListItem\",\"position\":1,\"name\":\"Home\",\"item\":\"https:\\\/\\\/vanlentsystems.be\\\/fr\\\/\"},{\"@type\":\"ListItem\",\"position\":2,\"name\":\"Contact\"}]},{\"@type\":\"WebSite\",\"@id\":\"https:\\\/\\\/vanlentsystems.be\\\/fr\\\/#website\",\"url\":\"https:\\\/\\\/vanlentsystems.be\\\/fr\\\/\",\"name\":\"Van Lent Systems Belgium\",\"description\":\"\",\"potentialAction\":[{\"@type\":\"SearchAction\",\"target\":{\"@type\":\"EntryPoint\",\"urlTemplate\":\"https:\\\/\\\/vanlentsystems.be\\\/fr\\\/?s={search_term_string}\"},\"query-input\":{\"@type\":\"PropertyValueSpecification\",\"valueRequired\":true,\"valueName\":\"search_term_string\"}}],\"inLanguage\":\"fr-FR\"}]}<\/script>\n<!-- \/ Yoast SEO plugin. -->","yoast_head_json":{"title":"Contact - Van Lent Systems Belgium","robots":{"index":"index","follow":"follow","max-snippet":"max-snippet:-1","max-image-preview":"max-image-preview:large","max-video-preview":"max-video-preview:-1"},"canonical":"https:\/\/vanlentsystems.be\/fr\/contact\/","og_locale":"fr_FR","og_type":"article","og_title":"Contact - Van Lent Systems Belgium","og_url":"https:\/\/vanlentsystems.be\/fr\/contact\/","og_site_name":"Van Lent Systems Belgium","article_modified_time":"2025-03-21T08:14:53+00:00","twitter_card":"summary_large_image","twitter_misc":{"Dur\u00e9e de lecture estim\u00e9e":"1 minute"},"schema":{"@context":"https:\/\/schema.org","@graph":[{"@type":"WebPage","@id":"https:\/\/vanlentsystems.be\/fr\/contact\/","url":"https:\/\/vanlentsystems.be\/fr\/contact\/","name":"Contact - Van Lent Systems Belgium","isPartOf":{"@id":"https:\/\/vanlentsystems.be\/fr\/#website"},"datePublished":"2020-06-12T09:19:33+00:00","dateModified":"2025-03-21T08:14:53+00:00","breadcrumb":{"@id":"https:\/\/vanlentsystems.be\/fr\/contact\/#breadcrumb"},"inLanguage":"fr-FR","potentialAction":[{"@type":"ReadAction","target":["https:\/\/vanlentsystems.be\/fr\/contact\/"]}]},{"@type":"BreadcrumbList","@id":"https:\/\/vanlentsystems.be\/fr\/contact\/#breadcrumb","itemListElement":[{"@type":"ListItem","position":1,"name":"Home","item":"https:\/\/vanlentsystems.be\/fr\/"},{"@type":"ListItem","position":2,"name":"Contact"}]},{"@type":"WebSite","@id":"https:\/\/vanlentsystems.be\/fr\/#website","url":"https:\/\/vanlentsystems.be\/fr\/","name":"Van Lent Systems Belgium","description":"","potentialAction":[{"@type":"SearchAction","target":{"@type":"EntryPoint","urlTemplate":"https:\/\/vanlentsystems.be\/fr\/?s={search_term_string}"},"query-input":{"@type":"PropertyValueSpecification","valueRequired":true,"valueName":"search_term_string"}}],"inLanguage":"fr-FR"}]}},"_links":{"self":[{"href":"https:\/\/vanlentsystems.be\/fr\/wp-json\/wp\/v2\/pages\/4131","targetHints":{"allow":["GET"]}}],"collection":[{"href":"https:\/\/vanlentsystems.be\/fr\/wp-json\/wp\/v2\/pages"}],"about":[{"href":"https:\/\/vanlentsystems.be\/fr\/wp-json\/wp\/v2\/types\/page"}],"author":[{"embeddable":true,"href":"https:\/\/vanlentsystems.be\/fr\/wp-json\/wp\/v2\/users\/1"}],"replies":[{"embeddable":true,"href":"https:\/\/vanlentsystems.be\/fr\/wp-json\/wp\/v2\/comments?post=4131"}],"version-history":[{"count":5,"href":"https:\/\/vanlentsystems.be\/fr\/wp-json\/wp\/v2\/pages\/4131\/revisions"}],"predecessor-version":[{"id":5532,"href":"https:\/\/vanlentsystems.be\/fr\/wp-json\/wp\/v2\/pages\/4131\/revisions\/5532"}],"wp:attachment":[{"href":"https:\/\/vanlentsystems.be\/fr\/wp-json\/wp\/v2\/media?parent=4131"}],"curies":[{"name":"wp","href":"https:\/\/api.w.org\/{rel}","templated":true}]}}